{"id":14579,"date":"2024-12-11T09:57:51","date_gmt":"2024-12-11T09:57:51","guid":{"rendered":"https:\/\/gurkankorkmaz.com\/sartlar-ve-kosullar\/"},"modified":"2024-12-13T12:02:16","modified_gmt":"2024-12-13T12:02:16","slug":"sartlar-ve-kosullar","status":"publish","type":"page","link":"https:\/\/gurkankorkmaz.com\/tr\/sartlar-ve-kosullar\/","title":{"rendered":"\u015eartlar ve Ko\u015fullar"},"content":{"rendered":"\t\t<div data-elementor-type=\"wp-page\" data-elementor-id=\"14579\" class=\"elementor elementor-14579 elementor-13\" data-elementor-post-type=\"page\">\n\t\t\t\t\t\t<section class=\"elementor-section elementor-top-section elementor-element elementor-element-29a8292 elementor-section-stretched elementor-section-content-middle elementor-section-boxed elementor-section-height-default elementor-section-height-default\" data-id=\"29a8292\" data-element_type=\"section\" data-settings=\"{&quot;stretch_section&quot;:&quot;section-stretched&quot;,&quot;background_background&quot;:&quot;classic&quot;}\">\n\t\t\t\t\t\t\t<div class=\"elementor-background-overlay\"><\/div>\n\t\t\t\t\t\t\t<div class=\"elementor-container elementor-column-gap-default\">\n\t\t\t\t\t<div class=\"elementor-column elementor-col-100 elementor-top-column elementor-element elementor-element-dcea8ff\" data-id=\"dcea8ff\" data-element_type=\"column\">\n\t\t\t<div class=\"elementor-widget-wrap elementor-element-populated\">\n\t\t\t\t\t\t\t<\/div>\n\t\t<\/div>\n\t\t\t\t\t<\/div>\n\t\t<\/section>\n\t\t\t\t<section class=\"elementor-section elementor-top-section elementor-element elementor-element-cd59d5b elementor-section-stretched elementor-section-boxed elementor-section-height-default elementor-section-height-default\" data-id=\"cd59d5b\" data-element_type=\"section\" data-settings=\"{&quot;stretch_section&quot;:&quot;section-stretched&quot;,&quot;background_background&quot;:&quot;classic&quot;}\">\n\t\t\t\t\t\t\t<div class=\"elementor-background-overlay\"><\/div>\n\t\t\t\t\t\t\t<div class=\"elementor-container elementor-column-gap-default\">\n\t\t\t\t\t<div class=\"elementor-column elementor-col-100 elementor-top-column elementor-element elementor-element-ab27000\" data-id=\"ab27000\" data-element_type=\"column\">\n\t\t\t<div class=\"elementor-widget-wrap elementor-element-populated\">\n\t\t\t\t\t\t<div class=\"elementor-element elementor-element-8da3b5d elementor-widget elementor-widget-text-editor\" data-id=\"8da3b5d\" data-element_type=\"widget\" data-widget_type=\"text-editor.default\">\n\t\t\t\t<div class=\"elementor-widget-container\">\n\t\t\t\t\t\t\t\t\t<h2><\/h2>\n<div>\n<div>1. Giri\u015f<\/div>\n<br>\n<div>G\u00fcrkan Korkmaz&#8217;a (&#8220;gurkankorkmaz.com&#8221;) ho\u015f geldiniz. Bu H\u00fck\u00fcm ve Ko\u015fullar, Web Sitesini ve G\u00fcrkan Korkmaz taraf\u0131ndan sa\u011flanan hizmetleri kullan\u0131m\u0131n\u0131z\u0131 y\u00f6netir. Web Sitesine eri\u015ferek veya Web Sitesini kullanarak, bu H\u00fck\u00fcm ve Ko\u015fullara uymay\u0131 ve bunlara ba\u011fl\u0131 kalmay\u0131 kabul edersiniz. Bu H\u00fck\u00fcm ve Ko\u015fullar\u0131n herhangi bir b\u00f6l\u00fcm\u00fcn\u00fc kabul etmiyorsan\u0131z, Web Sitesini kullanmamal\u0131s\u0131n\u0131z.   <\/div>\n<br>\n<div>2. Hizmetler<\/div>\n<br>\n<div>G\u00fcrkan Korkmaz, estetik tedaviler, \u00fcr\u00fcnler ve prosed\u00fcrlerle ilgili bilgi ve hizmetler sunmaktad\u0131r. Web Sitesinde sa\u011flanan bilgiler yaln\u0131zca genel bilgilendirme ama\u00e7l\u0131d\u0131r ve profesyonel tavsiye olarak de\u011ferlendirilmemelidir. Web Sitesindeki herhangi bir bilgi veya hizmetin kullan\u0131m\u0131na ili\u015fkin risk tamamen size aittir.  <\/div>\n<br>\n<div>3. Fikri M\u00fclkiyet<\/div>\n<br>\n<div>Metin, grafik, logo, resim, video ve yaz\u0131l\u0131m dahil ancak bunlarla s\u0131n\u0131rl\u0131 olmamak \u00fczere Web Sitesindeki t\u00fcm i\u00e7erik, G\u00fcrkan Korkmaz&#8217;\u0131n veya lisans verenlerinin m\u00fclkiyetindedir ve fikri m\u00fclkiyet yasalar\u0131 ile korunmaktad\u0131r. G\u00fcrkan Korkmaz&#8217;\u0131n \u00f6nceden yaz\u0131l\u0131 izni olmadan Web Sitesindeki herhangi bir i\u00e7eri\u011fi kullanamaz, \u00e7o\u011faltamaz, de\u011fi\u015ftiremez veya da\u011f\u0131tamazs\u0131n\u0131z. <\/div>\n<br>\n<div>4. Kullan\u0131c\u0131 Hesaplar\u0131<\/div>\n<br>\n<div>Web Sitesindeki belirli \u00f6zelliklere veya hizmetlere eri\u015fmek i\u00e7in bir kullan\u0131c\u0131 hesab\u0131 olu\u015fturman\u0131z gerekebilir. Hesap kimlik bilgilerinizin gizlili\u011fini korumaktan ve hesab\u0131n\u0131z alt\u0131nda ger\u00e7ekle\u015fen t\u00fcm faaliyetlerden siz sorumlusunuz. G\u00fcrkan Korkmaz, bu H\u00fck\u00fcm ve Ko\u015fullar\u0131 ihlal etmeniz veya herhangi bir yetkisiz veya hileli faaliyette bulunman\u0131z durumunda hesab\u0131n\u0131z\u0131 ask\u0131ya alma veya feshetme hakk\u0131n\u0131 sakl\u0131 tutar.  <\/div>\n<br>\n<div>5. \u00dc\u00e7\u00fcnc\u00fc Taraf Web Siteleri<\/div>\n<br>\n<div>Web Sitesi, G\u00fcrkan Korkmaz&#8217;a ait olmayan veya G\u00fcrkan Korkmaz taraf\u0131ndan kontrol edilmeyen \u00fc\u00e7\u00fcnc\u00fc taraf web sitelerine veya kaynaklar\u0131na ba\u011flant\u0131lar i\u00e7erebilir. G\u00fcrkan Korkmaz, herhangi bir \u00fc\u00e7\u00fcnc\u00fc taraf web sitesinin i\u00e7eri\u011fi, gizlilik politikalar\u0131 veya uygulamalar\u0131 \u00fczerinde hi\u00e7bir kontrole sahip de\u011fildir ve bu t\u00fcr web sitelerini kullan\u0131m\u0131n\u0131zla ba\u011flant\u0131l\u0131 olarak t\u00fcm sorumlulu\u011fu reddeder. Ziyaret etti\u011finiz \u00fc\u00e7\u00fcnc\u00fc taraf web sitelerinin h\u00fck\u00fcm ve ko\u015fullar\u0131n\u0131 ve gizlilik politikalar\u0131n\u0131 okuman\u0131z\u0131 \u00f6neririz.  <\/div>\n<br>\n<div>6. Garantilerin Reddi<\/div>\n<br>\n<div>Web Sitesi ve i\u00e7eri\u011fi, a\u00e7\u0131k veya z\u0131mni herhangi bir garanti olmaks\u0131z\u0131n &#8220;oldu\u011fu gibi&#8221; ve &#8220;mevcut oldu\u011fu gibi&#8221; esas\u0131na g\u00f6re sa\u011flanmaktad\u0131r. G\u00fcrkan Korkmaz, Web Sitesinin kesintisiz veya hatas\u0131z olaca\u011f\u0131n\u0131 garanti etmez ve Web Sitesindeki herhangi bir i\u00e7eri\u011fin do\u011frulu\u011fu, g\u00fcvenilirli\u011fi veya eksiksizli\u011fi ile ilgili herhangi bir beyanda bulunmaz. <\/div>\n<br>\n<div>7. Sorumlulu\u011fun S\u0131n\u0131rland\u0131r\u0131lmas\u0131<\/div>\n<br>\n<div>Y\u00fcr\u00fcrl\u00fckteki yasalar\u0131n izin verdi\u011fi en geni\u015f \u00f6l\u00e7\u00fcde, G\u00fcrkan Korkmaz, Web Sitesini veya G\u00fcrkan Korkmaz taraf\u0131ndan sa\u011flanan herhangi bir i\u00e7erik veya hizmeti kullanman\u0131zdan kaynaklanan do\u011frudan veya dolayl\u0131 olarak ortaya \u00e7\u0131kan herhangi bir dolayl\u0131, ar\u0131zi, \u00f6zel, sonu\u00e7 olarak ortaya \u00e7\u0131kan veya cezai zararlardan veya herhangi bir kar veya gelir kayb\u0131ndan sorumlu olmayacakt\u0131r.<\/div>\n<br>\n<div>8. Tazminat<\/div>\n<br>\n<div>G\u00fcrkan Korkmaz&#8217;\u0131, i\u015ftiraklerini ve ilgili y\u00f6neticilerini, memurlar\u0131n\u0131, \u00e7al\u0131\u015fanlar\u0131n\u0131 ve temsilcilerini, Web Sitesini kullan\u0131m\u0131n\u0131zdan, bu H\u00fck\u00fcm ve Ko\u015fullar\u0131 ihlal etmenizden veya eylemlerinizden veya ihmallerinizden kaynaklanan \u00fc\u00e7\u00fcnc\u00fc taraf taleplerinden kaynaklanan veya bunlarla ilgili her t\u00fcrl\u00fc talep, y\u00fck\u00fcml\u00fcl\u00fck, hasar, kay\u0131p, maliyet veya masraftan tazmin etmeyi ve zarar g\u00f6rmemesini sa\u011flamay\u0131 kabul edersiniz.<\/div>\n<br>\n<div>9. \u015eartlar ve Ko\u015fullarda De\u011fi\u015fiklikler<\/div>\n<br>\n<div>G\u00fcrkan Korkmaz, bu H\u00fck\u00fcm ve Ko\u015fullar\u0131 diledi\u011fi zaman \u00f6nceden haber vermeksizin de\u011fi\u015ftirme veya g\u00fcncelleme hakk\u0131n\u0131 sakl\u0131 tutar. Herhangi bir de\u011fi\u015fiklik, Web Sitesinde yay\u0131nland\u0131ktan hemen sonra y\u00fcr\u00fcrl\u00fc\u011fe girecektir. Revize edilmi\u015f H\u00fck\u00fcm ve Ko\u015fullar\u0131n yay\u0131nlanmas\u0131ndan sonra Web Sitesini kullanmaya devam etmeniz, de\u011fi\u015ftirilen \u015fartlara ba\u011fl\u0131 kalmay\u0131 kabul etti\u011finiz anlam\u0131na gelir.  <\/div>\n<br>\n<div>10. Ge\u00e7erli Hukuk ve Yarg\u0131 Yetkisi<\/div>\n<br>\n<div>Bu H\u00fck\u00fcm ve Ko\u015fullar Amerika Birle\u015fik Devletleri yasalar\u0131na g\u00f6re y\u00f6netilecek ve yorumlanacakt\u0131r. Bu H\u00fck\u00fcm ve Ko\u015fullardan kaynaklanan veya bunlarla ba\u011flant\u0131l\u0131 olarak ortaya \u00e7\u0131kan her t\u00fcrl\u00fc ihtilaf, Amerika Birle\u015fik Devletleri&#8217;nde bulunan mahkemelerin m\u00fcnhas\u0131r yarg\u0131 yetkisine tabi olacakt\u0131r. <\/div>\n<\/div>\t\t\t\t\t\t\t\t<\/div>\n\t\t\t\t<\/div>\n\t\t\t\t\t<\/div>\n\t\t<\/div>\n\t\t\t\t\t<\/div>\n\t\t<\/section>\n\t\t\t\t<\/div>\n\t\t","protected":false},"excerpt":{"rendered":"<p>1. Giri\u015f G\u00fcrkan Korkmaz&#8217;a (&#8220;gurkankorkmaz.com&#8221;) ho\u015f geldiniz. Bu H\u00fck\u00fcm ve Ko\u015fullar, Web Sitesini ve G\u00fcrkan Korkmaz taraf\u0131ndan sa\u011flanan hizmetleri kullan\u0131m\u0131n\u0131z\u0131 y\u00f6netir. Web Sitesine eri\u015ferek veya Web Sitesini kullanarak, bu H\u00fck\u00fcm ve Ko\u015fullara uymay\u0131 ve bunlara ba\u011fl\u0131 kalmay\u0131 kabul edersiniz. Bu H\u00fck\u00fcm ve Ko\u015fullar\u0131n herhangi bir b\u00f6l\u00fcm\u00fcn\u00fc kabul etmiyorsan\u0131z, Web Sitesini kullanmamal\u0131s\u0131n\u0131z. 2. Hizmetler G\u00fcrkan Korkmaz, [&hellip;]<\/p>\n","protected":false},"author":1,"featured_media":0,"parent":0,"menu_order":0,"comment_status":"closed","ping_status":"closed","template":"","meta":{"footnotes":""},"class_list":["post-14579","page","type-page","status-publish","hentry"],"yoast_head":"<!-- This site is optimized with the Yoast SEO plugin v24.5 - https:\/\/yoast.com\/wordpress\/plugins\/seo\/ -->\n<title>\u015eartlar ve Ko\u015fullar - G\u00fcrkan Korkmaz<\/title>\n<meta name=\"robots\" content=\"index, follow, max-snippet:-1, max-image-preview:large, max-video-preview:-1\" \/>\n<link rel=\"canonical\" href=\"https:\/\/gurkankorkmaz.com\/tr\/sartlar-ve-kosullar\/\" \/>\n<meta property=\"og:locale\" content=\"tr_TR\" \/>\n<meta property=\"og:type\" content=\"article\" \/>\n<meta property=\"og:title\" content=\"\u015eartlar ve Ko\u015fullar - G\u00fcrkan Korkmaz\" \/>\n<meta property=\"og:description\" content=\"1. Giri\u015f G\u00fcrkan Korkmaz&#8217;a (&#8220;gurkankorkmaz.com&#8221;) ho\u015f geldiniz. Bu H\u00fck\u00fcm ve Ko\u015fullar, Web Sitesini ve G\u00fcrkan Korkmaz taraf\u0131ndan sa\u011flanan hizmetleri kullan\u0131m\u0131n\u0131z\u0131 y\u00f6netir. Web Sitesine eri\u015ferek veya Web Sitesini kullanarak, bu H\u00fck\u00fcm ve Ko\u015fullara uymay\u0131 ve bunlara ba\u011fl\u0131 kalmay\u0131 kabul edersiniz. Bu H\u00fck\u00fcm ve Ko\u015fullar\u0131n herhangi bir b\u00f6l\u00fcm\u00fcn\u00fc kabul etmiyorsan\u0131z, Web Sitesini kullanmamal\u0131s\u0131n\u0131z. 2. Hizmetler G\u00fcrkan Korkmaz, [&hellip;]\" \/>\n<meta property=\"og:url\" content=\"https:\/\/gurkankorkmaz.com\/tr\/sartlar-ve-kosullar\/\" \/>\n<meta property=\"og:site_name\" content=\"G\u00fcrkan Korkmaz\" \/>\n<meta property=\"article:modified_time\" content=\"2024-12-13T12:02:16+00:00\" \/>\n<meta name=\"twitter:card\" content=\"summary_large_image\" \/>\n<meta name=\"twitter:label1\" content=\"Tahmini okuma s\u00fcresi\" \/>\n\t<meta name=\"twitter:data1\" content=\"4 dakika\" \/>\n<script type=\"application\/ld+json\" class=\"yoast-schema-graph\">{\"@context\":\"https:\/\/schema.org\",\"@graph\":[{\"@type\":\"WebPage\",\"@id\":\"https:\/\/gurkankorkmaz.com\/tr\/sartlar-ve-kosullar\/\",\"url\":\"https:\/\/gurkankorkmaz.com\/tr\/sartlar-ve-kosullar\/\",\"name\":\"\u015eartlar ve Ko\u015fullar - G\u00fcrkan Korkmaz\",\"isPartOf\":{\"@id\":\"https:\/\/gurkankorkmaz.com\/#website\"},\"datePublished\":\"2024-12-11T09:57:51+00:00\",\"dateModified\":\"2024-12-13T12:02:16+00:00\",\"breadcrumb\":{\"@id\":\"https:\/\/gurkankorkmaz.com\/tr\/sartlar-ve-kosullar\/#breadcrumb\"},\"inLanguage\":\"tr\",\"potentialAction\":[{\"@type\":\"ReadAction\",\"target\":[\"https:\/\/gurkankorkmaz.com\/tr\/sartlar-ve-kosullar\/\"]}]},{\"@type\":\"BreadcrumbList\",\"@id\":\"https:\/\/gurkankorkmaz.com\/tr\/sartlar-ve-kosullar\/#breadcrumb\",\"itemListElement\":[{\"@type\":\"ListItem\",\"position\":1,\"name\":\"Home\",\"item\":\"https:\/\/gurkankorkmaz.com\/tr\/\"},{\"@type\":\"ListItem\",\"position\":2,\"name\":\"\u015eartlar ve Ko\u015fullar\"}]},{\"@type\":\"WebSite\",\"@id\":\"https:\/\/gurkankorkmaz.com\/#website\",\"url\":\"https:\/\/gurkankorkmaz.com\/\",\"name\":\"G\u00fcrkan Korkmaz\",\"description\":\"Dentist\",\"publisher\":{\"@id\":\"https:\/\/gurkankorkmaz.com\/#organization\"},\"potentialAction\":[{\"@type\":\"SearchAction\",\"target\":{\"@type\":\"EntryPoint\",\"urlTemplate\":\"https:\/\/gurkankorkmaz.com\/?s={search_term_string}\"},\"query-input\":{\"@type\":\"PropertyValueSpecification\",\"valueRequired\":true,\"valueName\":\"search_term_string\"}}],\"inLanguage\":\"tr\"},{\"@type\":\"Organization\",\"@id\":\"https:\/\/gurkankorkmaz.com\/#organization\",\"name\":\"G\u00fcrkan Korkmaz\",\"url\":\"https:\/\/gurkankorkmaz.com\/\",\"logo\":{\"@type\":\"ImageObject\",\"inLanguage\":\"tr\",\"@id\":\"https:\/\/gurkankorkmaz.com\/#\/schema\/logo\/image\/\",\"url\":\"https:\/\/gurkankorkmaz.com\/wp-content\/uploads\/2024\/06\/Gurkan-Korkmaz2.png\",\"contentUrl\":\"https:\/\/gurkankorkmaz.com\/wp-content\/uploads\/2024\/06\/Gurkan-Korkmaz2.png\",\"width\":3633,\"height\":2613,\"caption\":\"G\u00fcrkan Korkmaz\"},\"image\":{\"@id\":\"https:\/\/gurkankorkmaz.com\/#\/schema\/logo\/image\/\"}}]}<\/script>\n<!-- \/ Yoast SEO plugin. -->","yoast_head_json":{"title":"\u015eartlar ve Ko\u015fullar - G\u00fcrkan Korkmaz","robots":{"index":"index","follow":"follow","max-snippet":"max-snippet:-1","max-image-preview":"max-image-preview:large","max-video-preview":"max-video-preview:-1"},"canonical":"https:\/\/gurkankorkmaz.com\/tr\/sartlar-ve-kosullar\/","og_locale":"tr_TR","og_type":"article","og_title":"\u015eartlar ve Ko\u015fullar - G\u00fcrkan Korkmaz","og_description":"1. Giri\u015f G\u00fcrkan Korkmaz&#8217;a (&#8220;gurkankorkmaz.com&#8221;) ho\u015f geldiniz. Bu H\u00fck\u00fcm ve Ko\u015fullar, Web Sitesini ve G\u00fcrkan Korkmaz taraf\u0131ndan sa\u011flanan hizmetleri kullan\u0131m\u0131n\u0131z\u0131 y\u00f6netir. Web Sitesine eri\u015ferek veya Web Sitesini kullanarak, bu H\u00fck\u00fcm ve Ko\u015fullara uymay\u0131 ve bunlara ba\u011fl\u0131 kalmay\u0131 kabul edersiniz. Bu H\u00fck\u00fcm ve Ko\u015fullar\u0131n herhangi bir b\u00f6l\u00fcm\u00fcn\u00fc kabul etmiyorsan\u0131z, Web Sitesini kullanmamal\u0131s\u0131n\u0131z. 2. Hizmetler G\u00fcrkan Korkmaz, [&hellip;]","og_url":"https:\/\/gurkankorkmaz.com\/tr\/sartlar-ve-kosullar\/","og_site_name":"G\u00fcrkan Korkmaz","article_modified_time":"2024-12-13T12:02:16+00:00","twitter_card":"summary_large_image","twitter_misc":{"Tahmini okuma s\u00fcresi":"4 dakika"},"schema":{"@context":"https:\/\/schema.org","@graph":[{"@type":"WebPage","@id":"https:\/\/gurkankorkmaz.com\/tr\/sartlar-ve-kosullar\/","url":"https:\/\/gurkankorkmaz.com\/tr\/sartlar-ve-kosullar\/","name":"\u015eartlar ve Ko\u015fullar - G\u00fcrkan Korkmaz","isPartOf":{"@id":"https:\/\/gurkankorkmaz.com\/#website"},"datePublished":"2024-12-11T09:57:51+00:00","dateModified":"2024-12-13T12:02:16+00:00","breadcrumb":{"@id":"https:\/\/gurkankorkmaz.com\/tr\/sartlar-ve-kosullar\/#breadcrumb"},"inLanguage":"tr","potentialAction":[{"@type":"ReadAction","target":["https:\/\/gurkankorkmaz.com\/tr\/sartlar-ve-kosullar\/"]}]},{"@type":"BreadcrumbList","@id":"https:\/\/gurkankorkmaz.com\/tr\/sartlar-ve-kosullar\/#breadcrumb","itemListElement":[{"@type":"ListItem","position":1,"name":"Home","item":"https:\/\/gurkankorkmaz.com\/tr\/"},{"@type":"ListItem","position":2,"name":"\u015eartlar ve Ko\u015fullar"}]},{"@type":"WebSite","@id":"https:\/\/gurkankorkmaz.com\/#website","url":"https:\/\/gurkankorkmaz.com\/","name":"G\u00fcrkan Korkmaz","description":"Dentist","publisher":{"@id":"https:\/\/gurkankorkmaz.com\/#organization"},"potentialAction":[{"@type":"SearchAction","target":{"@type":"EntryPoint","urlTemplate":"https:\/\/gurkankorkmaz.com\/?s={search_term_string}"},"query-input":{"@type":"PropertyValueSpecification","valueRequired":true,"valueName":"search_term_string"}}],"inLanguage":"tr"},{"@type":"Organization","@id":"https:\/\/gurkankorkmaz.com\/#organization","name":"G\u00fcrkan Korkmaz","url":"https:\/\/gurkankorkmaz.com\/","logo":{"@type":"ImageObject","inLanguage":"tr","@id":"https:\/\/gurkankorkmaz.com\/#\/schema\/logo\/image\/","url":"https:\/\/gurkankorkmaz.com\/wp-content\/uploads\/2024\/06\/Gurkan-Korkmaz2.png","contentUrl":"https:\/\/gurkankorkmaz.com\/wp-content\/uploads\/2024\/06\/Gurkan-Korkmaz2.png","width":3633,"height":2613,"caption":"G\u00fcrkan Korkmaz"},"image":{"@id":"https:\/\/gurkankorkmaz.com\/#\/schema\/logo\/image\/"}}]}},"_links":{"self":[{"href":"https:\/\/gurkankorkmaz.com\/tr\/wp-json\/wp\/v2\/pages\/14579","targetHints":{"allow":["GET"]}}],"collection":[{"href":"https:\/\/gurkankorkmaz.com\/tr\/wp-json\/wp\/v2\/pages"}],"about":[{"href":"https:\/\/gurkankorkmaz.com\/tr\/wp-json\/wp\/v2\/types\/page"}],"author":[{"embeddable":true,"href":"https:\/\/gurkankorkmaz.com\/tr\/wp-json\/wp\/v2\/users\/1"}],"replies":[{"embeddable":true,"href":"https:\/\/gurkankorkmaz.com\/tr\/wp-json\/wp\/v2\/comments?post=14579"}],"version-history":[{"count":5,"href":"https:\/\/gurkankorkmaz.com\/tr\/wp-json\/wp\/v2\/pages\/14579\/revisions"}],"predecessor-version":[{"id":14601,"href":"https:\/\/gurkankorkmaz.com\/tr\/wp-json\/wp\/v2\/pages\/14579\/revisions\/14601"}],"wp:attachment":[{"href":"https:\/\/gurkankorkmaz.com\/tr\/wp-json\/wp\/v2\/media?parent=14579"}],"curies":[{"name":"wp","href":"https:\/\/api.w.org\/{rel}","templated":true}]}}