{"id":14553,"date":"2024-06-10T10:51:07","date_gmt":"2024-06-10T10:51:07","guid":{"rendered":"https:\/\/gurkankorkmaz.com\/gizlilik-politikasi\/"},"modified":"2025-09-09T06:21:33","modified_gmt":"2025-09-09T06:21:33","slug":"gizlilik-politikasi","status":"publish","type":"page","link":"https:\/\/gurkankorkmaz.com\/tr\/gizlilik-politikasi\/","title":{"rendered":"Gizlilik Politikas\u0131"},"content":{"rendered":"\t\t<div data-elementor-type=\"wp-page\" data-elementor-id=\"14553\" class=\"elementor elementor-14553 elementor-3\" data-elementor-post-type=\"page\">\n\t\t\t\t\t\t<section class=\"elementor-section elementor-top-section elementor-element elementor-element-4ab121e elementor-section-stretched elementor-section-content-middle elementor-section-boxed elementor-section-height-default elementor-section-height-default\" data-id=\"4ab121e\" data-element_type=\"section\" data-settings=\"{&quot;stretch_section&quot;:&quot;section-stretched&quot;,&quot;background_background&quot;:&quot;classic&quot;}\">\n\t\t\t\t\t\t\t<div class=\"elementor-background-overlay\"><\/div>\n\t\t\t\t\t\t\t<div class=\"elementor-container elementor-column-gap-default\">\n\t\t\t\t\t<div class=\"elementor-column elementor-col-100 elementor-top-column elementor-element elementor-element-3767c39\" data-id=\"3767c39\" data-element_type=\"column\">\n\t\t\t<div class=\"elementor-widget-wrap elementor-element-populated\">\n\t\t\t\t\t\t\t<\/div>\n\t\t<\/div>\n\t\t\t\t\t<\/div>\n\t\t<\/section>\n\t\t\t\t<section class=\"elementor-section elementor-top-section elementor-element elementor-element-74f5e6e elementor-section-stretched elementor-section-boxed elementor-section-height-default elementor-section-height-default\" data-id=\"74f5e6e\" data-element_type=\"section\" data-settings=\"{&quot;stretch_section&quot;:&quot;section-stretched&quot;,&quot;background_background&quot;:&quot;classic&quot;}\">\n\t\t\t\t\t\t\t<div class=\"elementor-background-overlay\"><\/div>\n\t\t\t\t\t\t\t<div class=\"elementor-container elementor-column-gap-default\">\n\t\t\t\t\t<div class=\"elementor-column elementor-col-100 elementor-top-column elementor-element elementor-element-6fcfd40\" data-id=\"6fcfd40\" data-element_type=\"column\">\n\t\t\t<div class=\"elementor-widget-wrap elementor-element-populated\">\n\t\t\t\t\t\t<div class=\"elementor-element elementor-element-9154e51 elementor-widget elementor-widget-text-editor\" data-id=\"9154e51\" data-element_type=\"widget\" data-widget_type=\"text-editor.default\">\n\t\t\t\t<div class=\"elementor-widget-container\">\n\t\t\t\t\t\t\t\t\t<h3 data-start=\"146\" data-end=\"164\">AYDINLATMA METN\u0130<\/h3><p data-start=\"166\" data-end=\"423\">Bu metin, 6698 say\u0131l\u0131 Ki\u015fisel Verilerin Korunmas\u0131 Kanunu\u2019nun 10\u2019uncu maddesi ile Ayd\u0131nlatma Y\u00fck\u00fcml\u00fcl\u00fc\u011f\u00fcn\u00fcn Yerine Getirilmesinde Uyulacak Usul ve Esaslar Hakk\u0131nda Tebli\u011f kapsam\u0131nda veri sorumlusu s\u0131fat\u0131yla <strong data-start=\"372\" data-end=\"394\">Dr. G\u00fcrkan Korkmaz<\/strong>taraf\u0131ndan haz\u0131rlanm\u0131\u015ft\u0131r.<\/p><h2 data-start=\"425\" data-end=\"455\">Ayd\u0131nlatma Metninin Amac\u0131<\/h2><p data-start=\"456\" data-end=\"971\">Muayenehanemize; internet sitesi veya sosyal medya hesaplar\u0131 \u00fczerinden ya da do\u011frudan ba\u015fvurman\u0131z s\u0131ras\u0131nda otomatik veya otomatik olmayan yollarla elde edilen ki\u015fisel verilerin; hangi ama\u00e7larla i\u015flenece\u011fi, ne \u015fekilde saklanaca\u011f\u0131, kimlere ve hangi ama\u00e7larla aktar\u0131labilece\u011fi, veri toplaman\u0131n y\u00f6ntemi ve hukuki sebebi ile haklar\u0131n\u0131z hakk\u0131nda siz de\u011ferli ziyaret\u00e7ilerimize, \u00e7evrimi\u00e7i ziyaret\u00e7ilerimize, hizmet alan ki\u015fi ve potansiyel hizmet al\u0131c\u0131s\u0131na (hastalar\u0131m\u0131za) bilgi vermek amac\u0131yla i\u015fbu metin haz\u0131rlanm\u0131\u015ft\u0131r.<\/p><h2 data-start=\"973\" data-end=\"1019\">Ki\u015fisel Verilerin Hangi Ama\u00e7la \u0130\u015flenece\u011fi<\/h2><h3 data-start=\"1021\" data-end=\"1070\">A- \u0130nternet Sitesi (\u00c7evrimi\u00e7i Ziyaret\u00e7iler)<\/h3><p data-start=\"1072\" data-end=\"1759\"><strong data-start=\"1072\" data-end=\"1085\">\u00c7erezler:<\/strong><br data-start=\"1085\" data-end=\"1088\" \/>\u0130nternet sitemizde yaln\u0131zca hizmetin sa\u011flanmas\u0131 i\u00e7in gerekli olarak birinci taraf oturum ve kal\u0131c\u0131 \u00e7erezler kullan\u0131lmaktad\u0131r. Oturum \u00e7erezi, oturumun s\u00fcreklili\u011fini sa\u011flamak i\u00e7in kullan\u0131l\u0131r ve taray\u0131c\u0131 kapat\u0131ld\u0131\u011f\u0131nda silinir. Kal\u0131c\u0131 \u00e7erez ise taray\u0131c\u0131 kapat\u0131ld\u0131\u011f\u0131nda silinmez, belirli bir tarihte veya belirli bir s\u00fcre sonunda kendili\u011finden silinir.<br data-start=\"1436\" data-end=\"1439\" \/>Kullan\u0131m ama\u00e7lar\u0131na g\u00f6re \u00e7erezler gerekli, i\u015flevsel veya reklam\/pazarlama ama\u00e7lar\u0131yla kullan\u0131labilir. \u0130nternet sitemizde yaln\u0131zca talep etti\u011finiz bilgi toplum hizmetlerinin sunulabilmesi i\u00e7in kesinlikle gerekli \u00e7erezler kullan\u0131lmaktad\u0131r. IP bilgilerinizle ili\u015fkilendirilmek suretiyle ki\u015fisel verileriniz i\u015flenmektedir.<\/p><p data-start=\"1761\" data-end=\"2227\"><strong data-start=\"1761\" data-end=\"1791\">\u0130leti\u015fim ve Randevu Formu:<\/strong><br data-start=\"1791\" data-end=\"1794\" \/>Web sitemizde yer alan ileti\u015fim formlar\u0131 \u00fczerinden ad, soyad, telefon numaras\u0131, e-posta adresi ve mesaj bilgisi ki\u015fisel verileri; ileti\u015fim faaliyetlerinin y\u00fcr\u00fct\u00fclmesi, tedavi i\u00e7in teklif sunulabilmesi ve talep\/\u015fik\u00e2yetlerin takibi ama\u00e7lar\u0131yla i\u015flenmektedir. Bu veriler, hukuki uyu\u015fmazl\u0131klar\u0131n giderilmesi amac\u0131yla ve ilgili mevzuat gere\u011fi talep edilmesi halinde adli makamlar ve yetkili kamu kurum ve kurulu\u015flar\u0131 ile payla\u015f\u0131labilir.<\/p><h3 data-start=\"2229\" data-end=\"2294\">B- Hizmet Alan Ki\u015fi ve Potansiyel Hizmet Al\u0131c\u0131s\u0131 (Hastalar)<\/h3><p data-start=\"2295\" data-end=\"2627\">Muayenehanemize ba\u015fvurman\u0131z, te\u015fhis, tedavi ve di\u011fer i\u015flemleriniz m\u00fcddetince kimlik bilgileri, ileti\u015fim bilgileri, fiziksel mek\u00e2n g\u00fcvenli\u011fi, i\u015flem g\u00fcvenli\u011fi, finans bilgileri, g\u00f6rsel ve i\u015fitsel kay\u0131tlar, sa\u011fl\u0131k bilgileri ve gerekti\u011finde seyahat verileriniz; belirtilen ama\u00e7larla ba\u011flant\u0131l\u0131, s\u0131n\u0131rl\u0131 ve \u00f6l\u00e7\u00fcl\u00fc olarak i\u015flenmektedir.<\/p><h3 data-start=\"2629\" data-end=\"2650\">C- Ziyaret\u00e7iler<\/h3><p data-start=\"2651\" data-end=\"2858\">Muayenehanemize gelen ziyaret\u00e7ilerimizin kimlik, ileti\u015fim, fiziksel mek\u00e2n g\u00fcvenli\u011fi, finans, g\u00f6rsel-i\u015fitsel kay\u0131tlar ve sa\u011fl\u0131k verileri (\u00f6rn. ate\u015f \u00f6l\u00e7\u00fcm\u00fc) s\u0131n\u0131rl\u0131, \u00f6l\u00e7\u00fcl\u00fc ve ilgili ama\u00e7larla i\u015flenmektedir.<\/p><h2 data-start=\"2860\" data-end=\"2912\">Toplanan Ki\u015fisel Verilerinizin \u0130\u015flenme Ama\u00e7lar\u0131<\/h2><ul data-start=\"2914\" data-end=\"4145\"><li data-start=\"2914\" data-end=\"3033\"><p data-start=\"2916\" data-end=\"3033\">Hasta, ziyaret\u00e7i, \u00e7al\u0131\u015fan ve i\u015f ortaklar\u0131n\u0131n muayenehanemizden faydalanabilmesi i\u00e7in gerekli i\u015flemlerin y\u00fcr\u00fct\u00fclmesi<\/p><\/li><li data-start=\"3034\" data-end=\"3101\"><p data-start=\"3036\" data-end=\"3101\">Can ve mal g\u00fcvenli\u011fi ile hukuki ve ticari g\u00fcvenli\u011fin sa\u011flanmas\u0131<\/p><\/li><li data-start=\"3102\" data-end=\"3165\"><p data-start=\"3104\" data-end=\"3165\">Kamera g\u00f6r\u00fcnt\u00fclerinin kaydedilmesi ve g\u00fcvenli\u011fin sa\u011flanmas\u0131<\/p><\/li><li data-start=\"3166\" data-end=\"3244\"><p data-start=\"3168\" data-end=\"3244\">Randevu faaliyetlerinin y\u00fcr\u00fct\u00fclmesi, bilgilendirme ve hat\u0131rlatma yap\u0131lmas\u0131<\/p><\/li><li data-start=\"3245\" data-end=\"3330\"><p data-start=\"3247\" data-end=\"3330\">G\u00fcnl\u00fck operasyonlar\u0131n planlanmas\u0131, y\u00f6netilmesi ve tedavi s\u00fcre\u00e7lerinin y\u00fcr\u00fct\u00fclmesi<\/p><\/li><li data-start=\"3331\" data-end=\"3388\"><p data-start=\"3333\" data-end=\"3388\">\u0130lgili mevzuat\u0131n gerekliliklerinin yerine getirilmesi<\/p><\/li><li data-start=\"3389\" data-end=\"3476\"><p data-start=\"3391\" data-end=\"3476\">Yetkili kamu kurumlar\u0131 ve meslek kurulu\u015flar\u0131n\u0131n denetim faaliyetlerinin y\u00fcr\u00fct\u00fclmesi<\/p><\/li><li data-start=\"3477\" data-end=\"3542\"><p data-start=\"3479\" data-end=\"3542\">Yarg\u0131 organlar\u0131 ve idari makamlar\u0131n taleplerinin kar\u015f\u0131lanmas\u0131<\/p><\/li><li data-start=\"3543\" data-end=\"3568\"><p data-start=\"3545\" data-end=\"3568\">Hukuki i\u015flerin takibi<\/p><\/li><li data-start=\"3569\" data-end=\"3689\"><p data-start=\"3571\" data-end=\"3689\">Sunulan \u00fcr\u00fcn ve hizmetlerin geli\u015ftirilmesi, memnuniyetin art\u0131r\u0131lmas\u0131, istatistiksel ve bilimsel \u00e7al\u0131\u015fmalar yap\u0131lmas\u0131<\/p><\/li><li data-start=\"3690\" data-end=\"3775\"><p data-start=\"3692\" data-end=\"3775\">Pazar ara\u015ft\u0131rmas\u0131, tan\u0131t\u0131m, bilgilendirme ve \u015fik\u00e2yet\/\u00f6nerilerin de\u011ferlendirilmesi<\/p><\/li><li data-start=\"3776\" data-end=\"3828\"><p data-start=\"3778\" data-end=\"3828\">Finansman ve faturalama s\u00fcre\u00e7lerinin y\u00fcr\u00fct\u00fclmesi<\/p><\/li><li data-start=\"3829\" data-end=\"3893\"><p data-start=\"3831\" data-end=\"3893\">Risk y\u00f6netimi ve kalite geli\u015ftirme aktivitelerinin yap\u0131lmas\u0131<\/p><\/li><li data-start=\"3894\" data-end=\"3969\"><p data-start=\"3896\" data-end=\"3969\">Anla\u015fmal\u0131 sigorta \u015firketleri ve di\u011fer kurumlarla s\u00fcre\u00e7lerin y\u00fcr\u00fct\u00fclmesi<\/p><\/li><li data-start=\"3970\" data-end=\"4044\"><p data-start=\"3972\" data-end=\"4044\">Veri g\u00fcvenli\u011fi kapsam\u0131nda gerekli teknik ve idari tedbirlerin al\u0131nmas\u0131<\/p><\/li><li data-start=\"4045\" data-end=\"4084\"><p data-start=\"4047\" data-end=\"4084\">Kamu d\u00fczeni ve sa\u011fl\u0131\u011f\u0131n\u0131n korunmas\u0131<\/p><\/li><li data-start=\"4085\" data-end=\"4145\"><p data-start=\"4087\" data-end=\"4145\">T\u0131bb\u00ee te\u015fhis, tedavi ve bak\u0131m hizmetlerinin y\u00fcr\u00fct\u00fclmesi.<\/p><\/li><\/ul><h2 data-start=\"4147\" data-end=\"4200\">Ki\u015fisel Veri Toplaman\u0131n Y\u00f6ntemi ve Hukuki Sebebi<\/h2><p data-start=\"4201\" data-end=\"4661\">Ki\u015fisel verileriniz; otomatik ya da otomatik olmayan y\u00f6ntemlerle, muayenehanemizin ba\u011fl\u0131 birimleri, internet sitesi, sosyal medya hesaplar\u0131, \u00e7a\u011fr\u0131 merkezi, mobil uygulamalar, bilgi sistemleri, belgeler, kamera kay\u0131tlar\u0131 arac\u0131l\u0131\u011f\u0131yla; s\u00f6zl\u00fc, yaz\u0131l\u0131 veya elektronik ortamda toplanabilir.<br data-start=\"4486\" data-end=\"4489\" \/>Ki\u015fisel verileriniz, muayenehanemiz ile ili\u015fkiniz devam etti\u011fi s\u00fcrece olu\u015fturularak ve g\u00fcncellenerek i\u015flenebilir ve hem dijital hem de fiziki ortamda muhafaza edilebilir.<\/p><p data-start=\"4663\" data-end=\"4977\">\u0130\u015flenen veriler, KVKK m.5 ve m.6\u2019daki hukuki sebeplere dayan\u0131larak; a\u00e7\u0131k r\u0131za, kanunlarda \u00f6ng\u00f6r\u00fclme, hukuki y\u00fck\u00fcml\u00fcl\u00fcklerin yerine getirilmesi, bir hakk\u0131n tesisi, kullan\u0131lmas\u0131 veya korunmas\u0131, me\u015fru menfaatler, kamu sa\u011fl\u0131\u011f\u0131n\u0131n korunmas\u0131 ve t\u0131bbi te\u015fhis\/tedavi hizmetlerinin y\u00fcr\u00fct\u00fclmesi \u00e7er\u00e7evesinde i\u015flenmektedir.<\/p><h2 data-start=\"4979\" data-end=\"5050\">\u0130\u015flenen Ki\u015fisel Verilerin Kimlere ve Hangi Ama\u00e7la Aktar\u0131labilece\u011fi<\/h2><p data-start=\"5051\" data-end=\"5073\">Ki\u015fisel verileriniz;<\/p><ul data-start=\"5074\" data-end=\"5398\"><li data-start=\"5074\" data-end=\"5114\"><p data-start=\"5076\" data-end=\"5114\">Yetkili kamu kurum ve kurulu\u015flar\u0131na,<\/p><\/li><li data-start=\"5115\" data-end=\"5165\"><p data-start=\"5117\" data-end=\"5165\">Sigorta \u015firketleri, bankalar, mali m\u00fc\u015favirler,<\/p><\/li><li data-start=\"5166\" data-end=\"5207\"><p data-start=\"5168\" data-end=\"5207\">Bili\u015fim, kargo ve tedarik\u00e7i firmalar,<\/p><\/li><li data-start=\"5208\" data-end=\"5240\"><p data-start=\"5210\" data-end=\"5240\">Avukatlar ve hukuk b\u00fcrolar\u0131,<\/p><\/li><li data-start=\"5241\" data-end=\"5295\"><p data-start=\"5243\" data-end=\"5295\">Yurt i\u00e7i\/yurt d\u0131\u015f\u0131 i\u015f birli\u011fi yap\u0131lan kurulu\u015flara,<\/p><\/li><li data-start=\"5296\" data-end=\"5398\"><p data-start=\"5298\" data-end=\"5398\">Adli makamlar,<br data-start=\"5312\" data-end=\"5315\" \/>KVK Kanunu\u2019nun 8. ve 9. maddeleri \u00e7er\u00e7evesinde s\u0131n\u0131rl\u0131 olmak \u00fczere aktar\u0131labilir.<\/p><\/li><\/ul><h2 data-start=\"5400\" data-end=\"5442\">Veri \u0130\u015fleme S\u00fcresi ve Muhafaza S\u00fcresi<\/h2><p data-start=\"5443\" data-end=\"5634\">Ki\u015fisel verileriniz, ilgili mevzuatta \u00f6ng\u00f6r\u00fclen s\u00fcreler boyunca i\u015flenecek ve saklanacakt\u0131r. Bu s\u00fcrelerin dolmas\u0131 halinde verileriniz silinecek, yok edilecek veya anonim hale getirilecektir.<\/p><h2 data-start=\"5636\" data-end=\"5687\">KVKK 11. Maddesi Gere\u011fi \u0130lgili Ki\u015finin Haklar\u0131<\/h2><p data-start=\"5688\" data-end=\"5730\">Ki\u015fisel verisi i\u015flenen ilgili ki\u015filerin;<\/p><ul data-start=\"5731\" data-end=\"6234\"><li data-start=\"5731\" data-end=\"5785\"><p data-start=\"5733\" data-end=\"5785\">Ki\u015fisel verilerinin i\u015flenip i\u015flenmedi\u011fini \u00f6\u011frenme,<\/p><\/li><li data-start=\"5786\" data-end=\"5818\"><p data-start=\"5788\" data-end=\"5818\">\u0130\u015flenmi\u015fse bilgi talep etme,<\/p><\/li><li data-start=\"5819\" data-end=\"5898\"><p data-start=\"5821\" data-end=\"5898\">\u0130\u015flenme amac\u0131n\u0131 \u00f6\u011frenme ve amaca uygun kullan\u0131l\u0131p kullan\u0131lmad\u0131\u011f\u0131n\u0131 \u00f6\u011frenme,<\/p><\/li><li data-start=\"5899\" data-end=\"5967\"><p data-start=\"5901\" data-end=\"5967\">Yurt i\u00e7inde veya yurt d\u0131\u015f\u0131nda aktar\u0131ld\u0131\u011f\u0131 \u00fc\u00e7\u00fcnc\u00fc ki\u015fileri bilme,<\/p><\/li><li data-start=\"5968\" data-end=\"6023\"><p data-start=\"5970\" data-end=\"6023\">Eksik veya yanl\u0131\u015f i\u015flenmi\u015fse d\u00fczeltilmesini isteme,<\/p><\/li><li data-start=\"6024\" data-end=\"6106\"><p data-start=\"6026\" data-end=\"6106\">Kanunda \u00f6ng\u00f6r\u00fclen \u015fartlar \u00e7er\u00e7evesinde silinmesini veya yok edilmesini isteme,<\/p><\/li><li data-start=\"6107\" data-end=\"6234\"><p data-start=\"6109\" data-end=\"6234\">\u0130\u015flemenin kanuna ayk\u0131r\u0131 olmas\u0131 sebebiyle zarara u\u011framas\u0131 h\u00e2linde zarar\u0131n giderilmesini talep etme,<br data-start=\"6207\" data-end=\"6210\" \/>haklar\u0131 bulunmaktad\u0131r.<\/p><\/li><\/ul><p data-start=\"6236\" data-end=\"6412\">Ba\u015fvurular\u0131n\u0131z\u0131, Veri Sorumlusuna Ba\u015fvuru Usul ve Esaslar\u0131 Hakk\u0131nda Tebli\u011f\u2019de belirtilen y\u00f6ntemlerle a\u015fa\u011f\u0131da yer alan ileti\u015fim bilgileri \u00fczerinden taraf\u0131m\u0131za iletebilirsiniz.<\/p><p data-start=\"6414\" data-end=\"6491\">Ba\u015fvurular en k\u0131sa s\u00fcrede ve en ge\u00e7 30 g\u00fcn i\u00e7erisinde cevapland\u0131r\u0131lacakt\u0131r.<\/p><hr data-start=\"6493\" data-end=\"6496\" \/><h2 data-start=\"6498\" data-end=\"6527\">VER\u0130 SORUMLUSU B\u0130LG\u0130LER\u0130<\/h2><p data-start=\"6529\" data-end=\"6790\"><strong data-start=\"6529\" data-end=\"6548\">Veri Sorumlusu:<\/strong> Dr. G\u00fcrkan Korkmaz \u2013 \u00d6zel Muayenehane<br data-start=\"6586\" data-end=\"6589\" \/><strong data-start=\"6589\" data-end=\"6599\">Adres:<\/strong> Levent Mah. Altzeren Sk. No: 29, Be\u015fikta\u015f \/ \u0130stanbul<br data-start=\"6652\" data-end=\"6655\" \/><strong data-start=\"6655\" data-end=\"6667\">Telefon:<\/strong> +90 506 912 88 80<br data-start=\"6685\" data-end=\"6688\" \/><strong data-start=\"6688\" data-end=\"6700\">E-posta:<\/strong> <a class=\"decorated-link cursor-pointer\" rel=\"noopener\" data-start=\"6701\" data-end=\"6723\">info@gurkankorkmaz.com<\/a><br data-start=\"6723\" data-end=\"6726\" \/><strong data-start=\"6726\" data-end=\"6744\">Vergi Dairesi:<\/strong> Be\u015fikta\u015f<br data-start=\"6753\" data-end=\"6756\" \/><strong data-start=\"6756\" data-end=\"6776\">Vergi Kimlik No:<\/strong> 35536675842<\/p>\t\t\t\t\t\t\t\t<\/div>\n\t\t\t\t<\/div>\n\t\t\t\t\t<\/div>\n\t\t<\/div>\n\t\t\t\t\t<\/div>\n\t\t<\/section>\n\t\t\t\t<\/div>\n\t\t","protected":false},"excerpt":{"rendered":"<p>AYDINLATMA METN\u0130 Bu metin, 6698 say\u0131l\u0131 Ki\u015fisel Verilerin Korunmas\u0131 Kanunu\u2019nun 10\u2019uncu maddesi ile Ayd\u0131nlatma Y\u00fck\u00fcml\u00fcl\u00fc\u011f\u00fcn\u00fcn Yerine Getirilmesinde Uyulacak Usul ve Esaslar Hakk\u0131nda Tebli\u011f kapsam\u0131nda veri sorumlusu s\u0131fat\u0131yla Dr. G\u00fcrkan Korkmaztaraf\u0131ndan haz\u0131rlanm\u0131\u015ft\u0131r. Ayd\u0131nlatma Metninin Amac\u0131 Muayenehanemize; internet sitesi veya sosyal medya hesaplar\u0131 \u00fczerinden ya da do\u011frudan ba\u015fvurman\u0131z s\u0131ras\u0131nda otomatik veya otomatik olmayan yollarla elde edilen ki\u015fisel [&hellip;]<\/p>\n","protected":false},"author":1,"featured_media":0,"parent":0,"menu_order":0,"comment_status":"closed","ping_status":"open","template":"","meta":{"footnotes":""},"class_list":["post-14553","page","type-page","status-publish","hentry"],"yoast_head":"<!-- This site is optimized with the Yoast SEO plugin v24.5 - https:\/\/yoast.com\/wordpress\/plugins\/seo\/ -->\n<title>Gizlilik Politikas\u0131 - G\u00fcrkan Korkmaz<\/title>\n<meta name=\"robots\" content=\"index, follow, max-snippet:-1, max-image-preview:large, max-video-preview:-1\" \/>\n<link rel=\"canonical\" href=\"https:\/\/gurkankorkmaz.com\/privacy-policy\/\" \/>\n<meta property=\"og:locale\" content=\"tr_TR\" \/>\n<meta property=\"og:type\" content=\"article\" \/>\n<meta property=\"og:title\" content=\"Gizlilik Politikas\u0131 - G\u00fcrkan Korkmaz\" \/>\n<meta property=\"og:description\" content=\"AYDINLATMA METN\u0130 Bu metin, 6698 say\u0131l\u0131 Ki\u015fisel Verilerin Korunmas\u0131 Kanunu\u2019nun 10\u2019uncu maddesi ile Ayd\u0131nlatma Y\u00fck\u00fcml\u00fcl\u00fc\u011f\u00fcn\u00fcn Yerine Getirilmesinde Uyulacak Usul ve Esaslar Hakk\u0131nda Tebli\u011f kapsam\u0131nda veri sorumlusu s\u0131fat\u0131yla Dr. G\u00fcrkan Korkmaztaraf\u0131ndan haz\u0131rlanm\u0131\u015ft\u0131r. Ayd\u0131nlatma Metninin Amac\u0131 Muayenehanemize; internet sitesi veya sosyal medya hesaplar\u0131 \u00fczerinden ya da do\u011frudan ba\u015fvurman\u0131z s\u0131ras\u0131nda otomatik veya otomatik olmayan yollarla elde edilen ki\u015fisel [&hellip;]\" \/>\n<meta property=\"og:url\" content=\"https:\/\/gurkankorkmaz.com\/privacy-policy\/\" \/>\n<meta property=\"og:site_name\" content=\"G\u00fcrkan Korkmaz\" \/>\n<meta property=\"article:modified_time\" content=\"2025-09-09T06:21:33+00:00\" \/>\n<meta name=\"twitter:card\" content=\"summary_large_image\" \/>\n<meta name=\"twitter:label1\" content=\"Tahmini okuma s\u00fcresi\" \/>\n\t<meta name=\"twitter:data1\" content=\"5 dakika\" \/>\n<script type=\"application\/ld+json\" class=\"yoast-schema-graph\">{\"@context\":\"https:\/\/schema.org\",\"@graph\":[{\"@type\":\"WebPage\",\"@id\":\"https:\/\/gurkankorkmaz.com\/privacy-policy\/\",\"url\":\"https:\/\/gurkankorkmaz.com\/privacy-policy\/\",\"name\":\"Gizlilik Politikas\u0131 - G\u00fcrkan Korkmaz\",\"isPartOf\":{\"@id\":\"https:\/\/gurkankorkmaz.com\/#website\"},\"datePublished\":\"2024-06-10T10:51:07+00:00\",\"dateModified\":\"2025-09-09T06:21:33+00:00\",\"breadcrumb\":{\"@id\":\"https:\/\/gurkankorkmaz.com\/privacy-policy\/#breadcrumb\"},\"inLanguage\":\"tr\",\"potentialAction\":[{\"@type\":\"ReadAction\",\"target\":[\"https:\/\/gurkankorkmaz.com\/privacy-policy\/\"]}]},{\"@type\":\"BreadcrumbList\",\"@id\":\"https:\/\/gurkankorkmaz.com\/privacy-policy\/#breadcrumb\",\"itemListElement\":[{\"@type\":\"ListItem\",\"position\":1,\"name\":\"Home\",\"item\":\"https:\/\/gurkankorkmaz.com\/tr\/\"},{\"@type\":\"ListItem\",\"position\":2,\"name\":\"Gizlilik Politikas\u0131\"}]},{\"@type\":\"WebSite\",\"@id\":\"https:\/\/gurkankorkmaz.com\/#website\",\"url\":\"https:\/\/gurkankorkmaz.com\/\",\"name\":\"G\u00fcrkan Korkmaz\",\"description\":\"Dentist\",\"publisher\":{\"@id\":\"https:\/\/gurkankorkmaz.com\/#organization\"},\"potentialAction\":[{\"@type\":\"SearchAction\",\"target\":{\"@type\":\"EntryPoint\",\"urlTemplate\":\"https:\/\/gurkankorkmaz.com\/?s={search_term_string}\"},\"query-input\":{\"@type\":\"PropertyValueSpecification\",\"valueRequired\":true,\"valueName\":\"search_term_string\"}}],\"inLanguage\":\"tr\"},{\"@type\":\"Organization\",\"@id\":\"https:\/\/gurkankorkmaz.com\/#organization\",\"name\":\"G\u00fcrkan Korkmaz\",\"url\":\"https:\/\/gurkankorkmaz.com\/\",\"logo\":{\"@type\":\"ImageObject\",\"inLanguage\":\"tr\",\"@id\":\"https:\/\/gurkankorkmaz.com\/#\/schema\/logo\/image\/\",\"url\":\"https:\/\/gurkankorkmaz.com\/wp-content\/uploads\/2024\/06\/Gurkan-Korkmaz2.png\",\"contentUrl\":\"https:\/\/gurkankorkmaz.com\/wp-content\/uploads\/2024\/06\/Gurkan-Korkmaz2.png\",\"width\":3633,\"height\":2613,\"caption\":\"G\u00fcrkan Korkmaz\"},\"image\":{\"@id\":\"https:\/\/gurkankorkmaz.com\/#\/schema\/logo\/image\/\"}}]}<\/script>\n<!-- \/ Yoast SEO plugin. -->","yoast_head_json":{"title":"Gizlilik Politikas\u0131 - G\u00fcrkan Korkmaz","robots":{"index":"index","follow":"follow","max-snippet":"max-snippet:-1","max-image-preview":"max-image-preview:large","max-video-preview":"max-video-preview:-1"},"canonical":"https:\/\/gurkankorkmaz.com\/privacy-policy\/","og_locale":"tr_TR","og_type":"article","og_title":"Gizlilik Politikas\u0131 - G\u00fcrkan Korkmaz","og_description":"AYDINLATMA METN\u0130 Bu metin, 6698 say\u0131l\u0131 Ki\u015fisel Verilerin Korunmas\u0131 Kanunu\u2019nun 10\u2019uncu maddesi ile Ayd\u0131nlatma Y\u00fck\u00fcml\u00fcl\u00fc\u011f\u00fcn\u00fcn Yerine Getirilmesinde Uyulacak Usul ve Esaslar Hakk\u0131nda Tebli\u011f kapsam\u0131nda veri sorumlusu s\u0131fat\u0131yla Dr. G\u00fcrkan Korkmaztaraf\u0131ndan haz\u0131rlanm\u0131\u015ft\u0131r. Ayd\u0131nlatma Metninin Amac\u0131 Muayenehanemize; internet sitesi veya sosyal medya hesaplar\u0131 \u00fczerinden ya da do\u011frudan ba\u015fvurman\u0131z s\u0131ras\u0131nda otomatik veya otomatik olmayan yollarla elde edilen ki\u015fisel [&hellip;]","og_url":"https:\/\/gurkankorkmaz.com\/privacy-policy\/","og_site_name":"G\u00fcrkan Korkmaz","article_modified_time":"2025-09-09T06:21:33+00:00","twitter_card":"summary_large_image","twitter_misc":{"Tahmini okuma s\u00fcresi":"5 dakika"},"schema":{"@context":"https:\/\/schema.org","@graph":[{"@type":"WebPage","@id":"https:\/\/gurkankorkmaz.com\/privacy-policy\/","url":"https:\/\/gurkankorkmaz.com\/privacy-policy\/","name":"Gizlilik Politikas\u0131 - G\u00fcrkan Korkmaz","isPartOf":{"@id":"https:\/\/gurkankorkmaz.com\/#website"},"datePublished":"2024-06-10T10:51:07+00:00","dateModified":"2025-09-09T06:21:33+00:00","breadcrumb":{"@id":"https:\/\/gurkankorkmaz.com\/privacy-policy\/#breadcrumb"},"inLanguage":"tr","potentialAction":[{"@type":"ReadAction","target":["https:\/\/gurkankorkmaz.com\/privacy-policy\/"]}]},{"@type":"BreadcrumbList","@id":"https:\/\/gurkankorkmaz.com\/privacy-policy\/#breadcrumb","itemListElement":[{"@type":"ListItem","position":1,"name":"Home","item":"https:\/\/gurkankorkmaz.com\/tr\/"},{"@type":"ListItem","position":2,"name":"Gizlilik Politikas\u0131"}]},{"@type":"WebSite","@id":"https:\/\/gurkankorkmaz.com\/#website","url":"https:\/\/gurkankorkmaz.com\/","name":"G\u00fcrkan Korkmaz","description":"Dentist","publisher":{"@id":"https:\/\/gurkankorkmaz.com\/#organization"},"potentialAction":[{"@type":"SearchAction","target":{"@type":"EntryPoint","urlTemplate":"https:\/\/gurkankorkmaz.com\/?s={search_term_string}"},"query-input":{"@type":"PropertyValueSpecification","valueRequired":true,"valueName":"search_term_string"}}],"inLanguage":"tr"},{"@type":"Organization","@id":"https:\/\/gurkankorkmaz.com\/#organization","name":"G\u00fcrkan Korkmaz","url":"https:\/\/gurkankorkmaz.com\/","logo":{"@type":"ImageObject","inLanguage":"tr","@id":"https:\/\/gurkankorkmaz.com\/#\/schema\/logo\/image\/","url":"https:\/\/gurkankorkmaz.com\/wp-content\/uploads\/2024\/06\/Gurkan-Korkmaz2.png","contentUrl":"https:\/\/gurkankorkmaz.com\/wp-content\/uploads\/2024\/06\/Gurkan-Korkmaz2.png","width":3633,"height":2613,"caption":"G\u00fcrkan Korkmaz"},"image":{"@id":"https:\/\/gurkankorkmaz.com\/#\/schema\/logo\/image\/"}}]}},"_links":{"self":[{"href":"https:\/\/gurkankorkmaz.com\/tr\/wp-json\/wp\/v2\/pages\/14553","targetHints":{"allow":["GET"]}}],"collection":[{"href":"https:\/\/gurkankorkmaz.com\/tr\/wp-json\/wp\/v2\/pages"}],"about":[{"href":"https:\/\/gurkankorkmaz.com\/tr\/wp-json\/wp\/v2\/types\/page"}],"author":[{"embeddable":true,"href":"https:\/\/gurkankorkmaz.com\/tr\/wp-json\/wp\/v2\/users\/1"}],"replies":[{"embeddable":true,"href":"https:\/\/gurkankorkmaz.com\/tr\/wp-json\/wp\/v2\/comments?post=14553"}],"version-history":[{"count":4,"href":"https:\/\/gurkankorkmaz.com\/tr\/wp-json\/wp\/v2\/pages\/14553\/revisions"}],"predecessor-version":[{"id":14890,"href":"https:\/\/gurkankorkmaz.com\/tr\/wp-json\/wp\/v2\/pages\/14553\/revisions\/14890"}],"wp:attachment":[{"href":"https:\/\/gurkankorkmaz.com\/tr\/wp-json\/wp\/v2\/media?parent=14553"}],"curies":[{"name":"wp","href":"https:\/\/api.w.org\/{rel}","templated":true}]}}