{"id":14513,"date":"2021-05-10T10:16:32","date_gmt":"2021-05-10T10:16:32","guid":{"rendered":"https:\/\/gurkankorkmaz.com\/hakkimizda\/"},"modified":"2025-11-25T08:56:07","modified_gmt":"2025-11-25T08:56:07","slug":"hakkimizda","status":"publish","type":"page","link":"https:\/\/gurkankorkmaz.com\/tr\/hakkimizda\/","title":{"rendered":"Hakk\u0131m\u0131zda"},"content":{"rendered":"\t\t<div data-elementor-type=\"wp-page\" data-elementor-id=\"14513\" class=\"elementor elementor-14513 elementor-1717\" data-elementor-post-type=\"page\">\n\t\t\t\t\t\t<section class=\"elementor-section elementor-top-section elementor-element elementor-element-541f55c elementor-section-stretched elementor-section-content-middle elementor-section-boxed elementor-section-height-default elementor-section-height-default\" data-id=\"541f55c\" data-element_type=\"section\" data-settings=\"{&quot;stretch_section&quot;:&quot;section-stretched&quot;,&quot;background_background&quot;:&quot;classic&quot;}\">\n\t\t\t\t\t\t\t<div class=\"elementor-background-overlay\"><\/div>\n\t\t\t\t\t\t\t<div class=\"elementor-container elementor-column-gap-default\">\n\t\t\t\t\t<div class=\"elementor-column elementor-col-100 elementor-top-column elementor-element elementor-element-fc11316\" data-id=\"fc11316\" data-element_type=\"column\">\n\t\t\t<div class=\"elementor-widget-wrap elementor-element-populated\">\n\t\t\t\t\t\t<div class=\"elementor-element elementor-element-ec9d048 elementor-widget elementor-widget-heading\" data-id=\"ec9d048\" data-element_type=\"widget\" data-widget_type=\"heading.default\">\n\t\t\t\t<div class=\"elementor-widget-container\">\n\t\t\t\t\t<h1 class=\"elementor-heading-title elementor-size-default\">Hakk\u0131m\u0131zda<\/h1>\t\t\t\t<\/div>\n\t\t\t\t<\/div>\n\t\t\t\t\t<\/div>\n\t\t<\/div>\n\t\t\t\t\t<\/div>\n\t\t<\/section>\n\t\t\t\t<section class=\"elementor-section elementor-top-section elementor-element elementor-element-3686276 elementor-section-stretched elementor-section-boxed elementor-section-height-default elementor-section-height-default\" data-id=\"3686276\" data-element_type=\"section\" data-settings=\"{&quot;stretch_section&quot;:&quot;section-stretched&quot;,&quot;background_background&quot;:&quot;classic&quot;}\">\n\t\t\t\t\t\t\t<div class=\"elementor-background-overlay\"><\/div>\n\t\t\t\t\t\t\t<div class=\"elementor-container elementor-column-gap-default\">\n\t\t\t\t\t<div class=\"elementor-column elementor-col-100 elementor-top-column elementor-element elementor-element-95fc185\" data-id=\"95fc185\" data-element_type=\"column\">\n\t\t\t<div class=\"elementor-widget-wrap\">\n\t\t\t\t\t\t\t<\/div>\n\t\t<\/div>\n\t\t\t\t\t<\/div>\n\t\t<\/section>\n\t\t<div class=\"elementor-element elementor-element-988cad9 e-flex e-con-boxed e-con e-parent\" data-id=\"988cad9\" data-element_type=\"container\">\n\t\t\t\t\t<div class=\"e-con-inner\">\n\t\t<div class=\"elementor-element elementor-element-c11f633 e-con-full e-flex e-con e-child\" data-id=\"c11f633\" data-element_type=\"container\">\n\t\t\t\t<div class=\"elementor-element elementor-element-82dfcca elementor-widget elementor-widget-image\" data-id=\"82dfcca\" data-element_type=\"widget\" data-widget_type=\"image.default\">\n\t\t\t\t<div class=\"elementor-widget-container\">\n\t\t\t\t\t\t\t\t\t\t\t\t\t\t\t<img fetchpriority=\"high\" decoding=\"async\" width=\"1024\" height=\"1022\" src=\"https:\/\/gurkankorkmaz.com\/wp-content\/uploads\/2025\/11\/b89b2769-c828-4bb4-909e-db0566eb684b-1024x1022.jpg\" class=\"attachment-large size-large wp-image-14926\" alt=\"\" srcset=\"https:\/\/gurkankorkmaz.com\/wp-content\/uploads\/2025\/11\/b89b2769-c828-4bb4-909e-db0566eb684b-1024x1022.jpg 1024w, https:\/\/gurkankorkmaz.com\/wp-content\/uploads\/2025\/11\/b89b2769-c828-4bb4-909e-db0566eb684b-300x300.jpg 300w, https:\/\/gurkankorkmaz.com\/wp-content\/uploads\/2025\/11\/b89b2769-c828-4bb4-909e-db0566eb684b-150x150.jpg 150w, https:\/\/gurkankorkmaz.com\/wp-content\/uploads\/2025\/11\/b89b2769-c828-4bb4-909e-db0566eb684b-768x767.jpg 768w, https:\/\/gurkankorkmaz.com\/wp-content\/uploads\/2025\/11\/b89b2769-c828-4bb4-909e-db0566eb684b-720x720.jpg 720w, https:\/\/gurkankorkmaz.com\/wp-content\/uploads\/2025\/11\/b89b2769-c828-4bb4-909e-db0566eb684b.jpg 1179w\" sizes=\"(max-width: 1024px) 100vw, 1024px\" \/>\t\t\t\t\t\t\t\t\t\t\t\t\t\t\t<\/div>\n\t\t\t\t<\/div>\n\t\t\t\t<\/div>\n\t\t<div class=\"elementor-element elementor-element-763afa5 e-con-full e-flex e-con e-child\" data-id=\"763afa5\" data-element_type=\"container\">\n\t\t\t\t<div class=\"elementor-element elementor-element-b1f305f elementor-align-left elementor-tablet-align-center elementor-widget elementor-widget-button\" data-id=\"b1f305f\" data-element_type=\"widget\" data-widget_type=\"button.default\">\n\t\t\t\t<div class=\"elementor-widget-container\">\n\t\t\t\t\t\t\t\t\t<div class=\"elementor-button-wrapper\">\n\t\t\t\t\t<a class=\"elementor-button elementor-button-link elementor-size-sm\" href=\"#\">\n\t\t\t\t\t\t<span class=\"elementor-button-content-wrapper\">\n\t\t\t\t\t\t\t\t\t<span class=\"elementor-button-text\">Hakk\u0131m\u0131zda<\/span>\n\t\t\t\t\t<\/span>\n\t\t\t\t\t<\/a>\n\t\t\t\t<\/div>\n\t\t\t\t\t\t\t\t<\/div>\n\t\t\t\t<\/div>\n\t\t\t\t<div class=\"elementor-element elementor-element-56ef732 elementor-widget elementor-widget-heading\" data-id=\"56ef732\" data-element_type=\"widget\" data-widget_type=\"heading.default\">\n\t\t\t\t<div class=\"elementor-widget-container\">\n\t\t\t\t\t<h2 class=\"elementor-heading-title elementor-size-default\">Hakk\u0131m\u0131zda<\/h2>\t\t\t\t<\/div>\n\t\t\t\t<\/div>\n\t\t\t\t<div class=\"elementor-element elementor-element-1bc3255 elementor-widget elementor-widget-text-editor\" data-id=\"1bc3255\" data-element_type=\"widget\" data-widget_type=\"text-editor.default\">\n\t\t\t\t<div class=\"elementor-widget-container\">\n\t\t\t\t\t\t\t\t\t<p>Merhaba, ben Di\u015f Hekimi G\u00fcrkan Korkmaz. \u0130stanbul\u2019da ba\u015flayan hayat yolculu\u011fum, Ankara \u00dcniversitesi Di\u015f Hekimli\u011fi Fak\u00fcltesi&#8217;ndeki e\u011fitimimle profesyonel bir boyuta ta\u015f\u0131nd\u0131. E\u011fitimimin ard\u0131ndan, do\u011fup b\u00fcy\u00fcd\u00fc\u011f\u00fcm \u015fehre d\u00f6nerek \u0130stanbul\u2019un \u00f6nde gelen muayenehanelerinde hem hekim hem de y\u00f6netici olarak deneyim kazand\u0131m.<\/p>\t\t\t\t\t\t\t\t<\/div>\n\t\t\t\t<\/div>\n\t\t\t\t<div class=\"elementor-element elementor-element-cdf3bfd elementor-widget elementor-widget-text-editor\" data-id=\"cdf3bfd\" data-element_type=\"widget\" data-widget_type=\"text-editor.default\">\n\t\t\t\t<div class=\"elementor-widget-container\">\n\t\t\t\t\t\t\t\t\t<p>Di\u015f hekimli\u011finde estetik ve fonksiyonun birle\u015fti\u011fi noktalar olan \u0130mplantoloji ve G\u00fcl\u00fc\u015f Tasar\u0131m\u0131 \u00f6zel ilgi alanlar\u0131m aras\u0131ndad\u0131r. Bu alanlardaki geli\u015fmeleri yak\u0131ndan takip etmek ad\u0131na s\u00fcrekli e\u011fitimlere ve sempozyumlara kat\u0131l\u0131yorum. \u015eu anda \u0130stanbul Levent\u2019teki muayenehanemde, &#8220;butik hizmet&#8221; anlay\u0131\u015f\u0131yla her hastam\u0131n ihtiyac\u0131na ve hikayesine \u00f6zel \u00e7\u00f6z\u00fcmler \u00fcreterek g\u00fcl\u00fc\u015flerine dokunmaya devam ediyorum<\/p>\t\t\t\t\t\t\t\t<\/div>\n\t\t\t\t<\/div>\n\t\t\t\t<\/div>\n\t\t\t\t\t<\/div>\n\t\t\t\t<\/div>\n\t\t\t\t<section class=\"elementor-section elementor-top-section elementor-element elementor-element-d6b0c39 elementor-section-stretched elementor-section-boxed elementor-section-height-default elementor-section-height-default\" data-id=\"d6b0c39\" data-element_type=\"section\" data-settings=\"{&quot;stretch_section&quot;:&quot;section-stretched&quot;,&quot;background_background&quot;:&quot;classic&quot;}\">\n\t\t\t\t\t\t\t<div class=\"elementor-background-overlay\"><\/div>\n\t\t\t\t\t\t\t<div class=\"elementor-container elementor-column-gap-default\">\n\t\t\t\t\t<div class=\"elementor-column elementor-col-100 elementor-top-column elementor-element elementor-element-e73bb50\" data-id=\"e73bb50\" data-element_type=\"column\">\n\t\t\t<div class=\"elementor-widget-wrap\">\n\t\t\t\t\t\t\t<\/div>\n\t\t<\/div>\n\t\t\t\t\t<\/div>\n\t\t<\/section>\n\t\t\t\t<\/div>\n\t\t","protected":false},"excerpt":{"rendered":"<p>Hakk\u0131m\u0131zda Hakk\u0131m\u0131zda Hakk\u0131m\u0131zda Merhaba, ben Di\u015f Hekimi G\u00fcrkan Korkmaz. \u0130stanbul\u2019da ba\u015flayan hayat yolculu\u011fum, Ankara \u00dcniversitesi Di\u015f Hekimli\u011fi Fak\u00fcltesi&#8217;ndeki e\u011fitimimle profesyonel bir boyuta ta\u015f\u0131nd\u0131. E\u011fitimimin ard\u0131ndan, do\u011fup b\u00fcy\u00fcd\u00fc\u011f\u00fcm \u015fehre d\u00f6nerek \u0130stanbul\u2019un \u00f6nde gelen muayenehanelerinde hem hekim hem de y\u00f6netici olarak deneyim kazand\u0131m. Di\u015f hekimli\u011finde estetik ve fonksiyonun birle\u015fti\u011fi noktalar olan \u0130mplantoloji ve G\u00fcl\u00fc\u015f Tasar\u0131m\u0131 \u00f6zel ilgi [&hellip;]<\/p>\n","protected":false},"author":1,"featured_media":0,"parent":0,"menu_order":0,"comment_status":"closed","ping_status":"closed","template":"","meta":{"footnotes":""},"class_list":["post-14513","page","type-page","status-publish","hentry"],"yoast_head":"<!-- This site is optimized with the Yoast SEO plugin v24.5 - https:\/\/yoast.com\/wordpress\/plugins\/seo\/ -->\n<title>Hakk\u0131m\u0131zda - G\u00fcrkan Korkmaz<\/title>\n<meta name=\"robots\" content=\"index, follow, max-snippet:-1, max-image-preview:large, max-video-preview:-1\" \/>\n<link rel=\"canonical\" href=\"https:\/\/gurkankorkmaz.com\/tr\/hakkimizda\/\" \/>\n<meta property=\"og:locale\" content=\"tr_TR\" \/>\n<meta property=\"og:type\" content=\"article\" \/>\n<meta property=\"og:title\" content=\"Hakk\u0131m\u0131zda - G\u00fcrkan Korkmaz\" \/>\n<meta property=\"og:description\" content=\"Hakk\u0131m\u0131zda Hakk\u0131m\u0131zda Hakk\u0131m\u0131zda Merhaba, ben Di\u015f Hekimi G\u00fcrkan Korkmaz. \u0130stanbul\u2019da ba\u015flayan hayat yolculu\u011fum, Ankara \u00dcniversitesi Di\u015f Hekimli\u011fi Fak\u00fcltesi&#8217;ndeki e\u011fitimimle profesyonel bir boyuta ta\u015f\u0131nd\u0131. E\u011fitimimin ard\u0131ndan, do\u011fup b\u00fcy\u00fcd\u00fc\u011f\u00fcm \u015fehre d\u00f6nerek \u0130stanbul\u2019un \u00f6nde gelen muayenehanelerinde hem hekim hem de y\u00f6netici olarak deneyim kazand\u0131m. Di\u015f hekimli\u011finde estetik ve fonksiyonun birle\u015fti\u011fi noktalar olan \u0130mplantoloji ve G\u00fcl\u00fc\u015f Tasar\u0131m\u0131 \u00f6zel ilgi [&hellip;]\" \/>\n<meta property=\"og:url\" content=\"https:\/\/gurkankorkmaz.com\/tr\/hakkimizda\/\" \/>\n<meta property=\"og:site_name\" content=\"G\u00fcrkan Korkmaz\" \/>\n<meta property=\"article:modified_time\" content=\"2025-11-25T08:56:07+00:00\" \/>\n<meta property=\"og:image\" content=\"https:\/\/gurkankorkmaz.com\/wp-content\/uploads\/2025\/11\/b89b2769-c828-4bb4-909e-db0566eb684b.jpg\" \/>\n\t<meta property=\"og:image:width\" content=\"1179\" \/>\n\t<meta property=\"og:image:height\" content=\"1177\" \/>\n\t<meta property=\"og:image:type\" content=\"image\/jpeg\" \/>\n<meta name=\"twitter:card\" content=\"summary_large_image\" \/>\n<meta name=\"twitter:label1\" content=\"Tahmini okuma s\u00fcresi\" \/>\n\t<meta name=\"twitter:data1\" content=\"1 dakika\" \/>\n<script type=\"application\/ld+json\" class=\"yoast-schema-graph\">{\"@context\":\"https:\/\/schema.org\",\"@graph\":[{\"@type\":\"WebPage\",\"@id\":\"https:\/\/gurkankorkmaz.com\/tr\/hakkimizda\/\",\"url\":\"https:\/\/gurkankorkmaz.com\/tr\/hakkimizda\/\",\"name\":\"Hakk\u0131m\u0131zda - G\u00fcrkan Korkmaz\",\"isPartOf\":{\"@id\":\"https:\/\/gurkankorkmaz.com\/#website\"},\"primaryImageOfPage\":{\"@id\":\"https:\/\/gurkankorkmaz.com\/tr\/hakkimizda\/#primaryimage\"},\"image\":{\"@id\":\"https:\/\/gurkankorkmaz.com\/tr\/hakkimizda\/#primaryimage\"},\"thumbnailUrl\":\"https:\/\/gurkankorkmaz.com\/wp-content\/uploads\/2025\/11\/b89b2769-c828-4bb4-909e-db0566eb684b-1024x1022.jpg\",\"datePublished\":\"2021-05-10T10:16:32+00:00\",\"dateModified\":\"2025-11-25T08:56:07+00:00\",\"breadcrumb\":{\"@id\":\"https:\/\/gurkankorkmaz.com\/tr\/hakkimizda\/#breadcrumb\"},\"inLanguage\":\"tr\",\"potentialAction\":[{\"@type\":\"ReadAction\",\"target\":[\"https:\/\/gurkankorkmaz.com\/tr\/hakkimizda\/\"]}]},{\"@type\":\"ImageObject\",\"inLanguage\":\"tr\",\"@id\":\"https:\/\/gurkankorkmaz.com\/tr\/hakkimizda\/#primaryimage\",\"url\":\"https:\/\/gurkankorkmaz.com\/wp-content\/uploads\/2025\/11\/b89b2769-c828-4bb4-909e-db0566eb684b-1024x1022.jpg\",\"contentUrl\":\"https:\/\/gurkankorkmaz.com\/wp-content\/uploads\/2025\/11\/b89b2769-c828-4bb4-909e-db0566eb684b-1024x1022.jpg\"},{\"@type\":\"BreadcrumbList\",\"@id\":\"https:\/\/gurkankorkmaz.com\/tr\/hakkimizda\/#breadcrumb\",\"itemListElement\":[{\"@type\":\"ListItem\",\"position\":1,\"name\":\"Home\",\"item\":\"https:\/\/gurkankorkmaz.com\/tr\/\"},{\"@type\":\"ListItem\",\"position\":2,\"name\":\"Hakk\u0131m\u0131zda\"}]},{\"@type\":\"WebSite\",\"@id\":\"https:\/\/gurkankorkmaz.com\/#website\",\"url\":\"https:\/\/gurkankorkmaz.com\/\",\"name\":\"G\u00fcrkan Korkmaz\",\"description\":\"Dentist\",\"publisher\":{\"@id\":\"https:\/\/gurkankorkmaz.com\/#organization\"},\"potentialAction\":[{\"@type\":\"SearchAction\",\"target\":{\"@type\":\"EntryPoint\",\"urlTemplate\":\"https:\/\/gurkankorkmaz.com\/?s={search_term_string}\"},\"query-input\":{\"@type\":\"PropertyValueSpecification\",\"valueRequired\":true,\"valueName\":\"search_term_string\"}}],\"inLanguage\":\"tr\"},{\"@type\":\"Organization\",\"@id\":\"https:\/\/gurkankorkmaz.com\/#organization\",\"name\":\"G\u00fcrkan Korkmaz\",\"url\":\"https:\/\/gurkankorkmaz.com\/\",\"logo\":{\"@type\":\"ImageObject\",\"inLanguage\":\"tr\",\"@id\":\"https:\/\/gurkankorkmaz.com\/#\/schema\/logo\/image\/\",\"url\":\"https:\/\/gurkankorkmaz.com\/wp-content\/uploads\/2024\/06\/Gurkan-Korkmaz2.png\",\"contentUrl\":\"https:\/\/gurkankorkmaz.com\/wp-content\/uploads\/2024\/06\/Gurkan-Korkmaz2.png\",\"width\":3633,\"height\":2613,\"caption\":\"G\u00fcrkan Korkmaz\"},\"image\":{\"@id\":\"https:\/\/gurkankorkmaz.com\/#\/schema\/logo\/image\/\"}}]}<\/script>\n<!-- \/ Yoast SEO plugin. -->","yoast_head_json":{"title":"Hakk\u0131m\u0131zda - G\u00fcrkan Korkmaz","robots":{"index":"index","follow":"follow","max-snippet":"max-snippet:-1","max-image-preview":"max-image-preview:large","max-video-preview":"max-video-preview:-1"},"canonical":"https:\/\/gurkankorkmaz.com\/tr\/hakkimizda\/","og_locale":"tr_TR","og_type":"article","og_title":"Hakk\u0131m\u0131zda - G\u00fcrkan Korkmaz","og_description":"Hakk\u0131m\u0131zda Hakk\u0131m\u0131zda Hakk\u0131m\u0131zda Merhaba, ben Di\u015f Hekimi G\u00fcrkan Korkmaz. \u0130stanbul\u2019da ba\u015flayan hayat yolculu\u011fum, Ankara \u00dcniversitesi Di\u015f Hekimli\u011fi Fak\u00fcltesi&#8217;ndeki e\u011fitimimle profesyonel bir boyuta ta\u015f\u0131nd\u0131. E\u011fitimimin ard\u0131ndan, do\u011fup b\u00fcy\u00fcd\u00fc\u011f\u00fcm \u015fehre d\u00f6nerek \u0130stanbul\u2019un \u00f6nde gelen muayenehanelerinde hem hekim hem de y\u00f6netici olarak deneyim kazand\u0131m. Di\u015f hekimli\u011finde estetik ve fonksiyonun birle\u015fti\u011fi noktalar olan \u0130mplantoloji ve G\u00fcl\u00fc\u015f Tasar\u0131m\u0131 \u00f6zel ilgi [&hellip;]","og_url":"https:\/\/gurkankorkmaz.com\/tr\/hakkimizda\/","og_site_name":"G\u00fcrkan Korkmaz","article_modified_time":"2025-11-25T08:56:07+00:00","og_image":[{"width":1179,"height":1177,"url":"https:\/\/gurkankorkmaz.com\/wp-content\/uploads\/2025\/11\/b89b2769-c828-4bb4-909e-db0566eb684b.jpg","type":"image\/jpeg"}],"twitter_card":"summary_large_image","twitter_misc":{"Tahmini okuma s\u00fcresi":"1 dakika"},"schema":{"@context":"https:\/\/schema.org","@graph":[{"@type":"WebPage","@id":"https:\/\/gurkankorkmaz.com\/tr\/hakkimizda\/","url":"https:\/\/gurkankorkmaz.com\/tr\/hakkimizda\/","name":"Hakk\u0131m\u0131zda - G\u00fcrkan Korkmaz","isPartOf":{"@id":"https:\/\/gurkankorkmaz.com\/#website"},"primaryImageOfPage":{"@id":"https:\/\/gurkankorkmaz.com\/tr\/hakkimizda\/#primaryimage"},"image":{"@id":"https:\/\/gurkankorkmaz.com\/tr\/hakkimizda\/#primaryimage"},"thumbnailUrl":"https:\/\/gurkankorkmaz.com\/wp-content\/uploads\/2025\/11\/b89b2769-c828-4bb4-909e-db0566eb684b-1024x1022.jpg","datePublished":"2021-05-10T10:16:32+00:00","dateModified":"2025-11-25T08:56:07+00:00","breadcrumb":{"@id":"https:\/\/gurkankorkmaz.com\/tr\/hakkimizda\/#breadcrumb"},"inLanguage":"tr","potentialAction":[{"@type":"ReadAction","target":["https:\/\/gurkankorkmaz.com\/tr\/hakkimizda\/"]}]},{"@type":"ImageObject","inLanguage":"tr","@id":"https:\/\/gurkankorkmaz.com\/tr\/hakkimizda\/#primaryimage","url":"https:\/\/gurkankorkmaz.com\/wp-content\/uploads\/2025\/11\/b89b2769-c828-4bb4-909e-db0566eb684b-1024x1022.jpg","contentUrl":"https:\/\/gurkankorkmaz.com\/wp-content\/uploads\/2025\/11\/b89b2769-c828-4bb4-909e-db0566eb684b-1024x1022.jpg"},{"@type":"BreadcrumbList","@id":"https:\/\/gurkankorkmaz.com\/tr\/hakkimizda\/#breadcrumb","itemListElement":[{"@type":"ListItem","position":1,"name":"Home","item":"https:\/\/gurkankorkmaz.com\/tr\/"},{"@type":"ListItem","position":2,"name":"Hakk\u0131m\u0131zda"}]},{"@type":"WebSite","@id":"https:\/\/gurkankorkmaz.com\/#website","url":"https:\/\/gurkankorkmaz.com\/","name":"G\u00fcrkan Korkmaz","description":"Dentist","publisher":{"@id":"https:\/\/gurkankorkmaz.com\/#organization"},"potentialAction":[{"@type":"SearchAction","target":{"@type":"EntryPoint","urlTemplate":"https:\/\/gurkankorkmaz.com\/?s={search_term_string}"},"query-input":{"@type":"PropertyValueSpecification","valueRequired":true,"valueName":"search_term_string"}}],"inLanguage":"tr"},{"@type":"Organization","@id":"https:\/\/gurkankorkmaz.com\/#organization","name":"G\u00fcrkan Korkmaz","url":"https:\/\/gurkankorkmaz.com\/","logo":{"@type":"ImageObject","inLanguage":"tr","@id":"https:\/\/gurkankorkmaz.com\/#\/schema\/logo\/image\/","url":"https:\/\/gurkankorkmaz.com\/wp-content\/uploads\/2024\/06\/Gurkan-Korkmaz2.png","contentUrl":"https:\/\/gurkankorkmaz.com\/wp-content\/uploads\/2024\/06\/Gurkan-Korkmaz2.png","width":3633,"height":2613,"caption":"G\u00fcrkan Korkmaz"},"image":{"@id":"https:\/\/gurkankorkmaz.com\/#\/schema\/logo\/image\/"}}]}},"_links":{"self":[{"href":"https:\/\/gurkankorkmaz.com\/tr\/wp-json\/wp\/v2\/pages\/14513","targetHints":{"allow":["GET"]}}],"collection":[{"href":"https:\/\/gurkankorkmaz.com\/tr\/wp-json\/wp\/v2\/pages"}],"about":[{"href":"https:\/\/gurkankorkmaz.com\/tr\/wp-json\/wp\/v2\/types\/page"}],"author":[{"embeddable":true,"href":"https:\/\/gurkankorkmaz.com\/tr\/wp-json\/wp\/v2\/users\/1"}],"replies":[{"embeddable":true,"href":"https:\/\/gurkankorkmaz.com\/tr\/wp-json\/wp\/v2\/comments?post=14513"}],"version-history":[{"count":16,"href":"https:\/\/gurkankorkmaz.com\/tr\/wp-json\/wp\/v2\/pages\/14513\/revisions"}],"predecessor-version":[{"id":14970,"href":"https:\/\/gurkankorkmaz.com\/tr\/wp-json\/wp\/v2\/pages\/14513\/revisions\/14970"}],"wp:attachment":[{"href":"https:\/\/gurkankorkmaz.com\/tr\/wp-json\/wp\/v2\/media?parent=14513"}],"curies":[{"name":"wp","href":"https:\/\/api.w.org\/{rel}","templated":true}]}}