{"id":14562,"date":"2024-06-11T11:43:12","date_gmt":"2024-06-11T11:43:12","guid":{"rendered":"https:\/\/gurkankorkmaz.com\/onley-inlay-porzellan-fuellungen\/"},"modified":"2024-12-13T12:00:55","modified_gmt":"2024-12-13T12:00:55","slug":"onley-inlay-porzellan-fuellungen","status":"publish","type":"page","link":"https:\/\/gurkankorkmaz.com\/de\/onley-inlay-porzellan-fuellungen\/","title":{"rendered":"Onley &#8211; Inlay-Porzellan-F\u00fcllungen"},"content":{"rendered":"\t\t<div data-elementor-type=\"wp-page\" data-elementor-id=\"14562\" class=\"elementor elementor-14562 elementor-13191\" data-elementor-post-type=\"page\">\n\t\t\t\t\t\t<section class=\"elementor-section elementor-top-section elementor-element elementor-element-427781ed elementor-section-stretched elementor-section-content-middle elementor-section-boxed elementor-section-height-default elementor-section-height-default\" data-id=\"427781ed\" data-element_type=\"section\" data-settings=\"{&quot;stretch_section&quot;:&quot;section-stretched&quot;,&quot;background_background&quot;:&quot;classic&quot;}\">\n\t\t\t\t\t\t\t<div class=\"elementor-background-overlay\"><\/div>\n\t\t\t\t\t\t\t<div class=\"elementor-container elementor-column-gap-default\">\n\t\t\t\t\t<div class=\"elementor-column elementor-col-100 elementor-top-column elementor-element elementor-element-3ba97320\" data-id=\"3ba97320\" data-element_type=\"column\">\n\t\t\t<div class=\"elementor-widget-wrap elementor-element-populated\">\n\t\t\t\t\t\t<div class=\"elementor-element elementor-element-d7e0eb9 elementor-widget elementor-widget-heading\" data-id=\"d7e0eb9\" data-element_type=\"widget\" data-widget_type=\"heading.default\">\n\t\t\t\t<div class=\"elementor-widget-container\">\n\t\t\t\t\t<h1 class=\"elementor-heading-title elementor-size-default\">Onley - Inlay-Porzellan-F\u00fcllungen<\/h1>\t\t\t\t<\/div>\n\t\t\t\t<\/div>\n\t\t\t\t\t<\/div>\n\t\t<\/div>\n\t\t\t\t\t<\/div>\n\t\t<\/section>\n\t\t\t\t<section class=\"elementor-section elementor-top-section elementor-element elementor-element-735d3c8b elementor-section-stretched elementor-section-boxed elementor-section-height-default elementor-section-height-default\" data-id=\"735d3c8b\" data-element_type=\"section\" data-settings=\"{&quot;stretch_section&quot;:&quot;section-stretched&quot;,&quot;background_background&quot;:&quot;classic&quot;}\">\n\t\t\t\t\t\t\t<div class=\"elementor-background-overlay\"><\/div>\n\t\t\t\t\t\t\t<div class=\"elementor-container elementor-column-gap-default\">\n\t\t\t\t\t<div class=\"elementor-column elementor-col-50 elementor-top-column elementor-element elementor-element-7e79e266\" data-id=\"7e79e266\" data-element_type=\"column\">\n\t\t\t<div class=\"elementor-widget-wrap elementor-element-populated\">\n\t\t\t\t\t\t<div class=\"elementor-element elementor-element-3f44e31 elementor-widget elementor-widget-text-editor\" data-id=\"3f44e31\" data-element_type=\"widget\" data-widget_type=\"text-editor.default\">\n\t\t\t\t<div class=\"elementor-widget-container\">\n\t\t\t\t\t\t\t\t\t<h2><strong>Was sind Onlay- und Inlay-Porzellanf\u00fcllungen?<\/strong><\/h2>\n<p>Onlay- und Inlay-Porzellanf\u00fcllungen sind restaurative zahnmedizinische Behandlungen, mit denen besch\u00e4digte oder kari\u00f6se Z\u00e4hne repariert werden. Im Gegensatz zu herk\u00f6mmlichen F\u00fcllungen, die Hohlr\u00e4ume von innen f\u00fcllen, sind Onlays und Inlays ma\u00dfgefertigte Teile, die genau in die Zahnstruktur passen. Sie werden in der Regel aus Porzellan hergestellt, einem Material, das f\u00fcr seine Langlebigkeit und sein nat\u00fcrliches Aussehen bekannt ist. Damit sind sie eine ausgezeichnete Wahl, um die urspr\u00fcngliche Form und Funktion der Z\u00e4hne wiederherzustellen.  <\/p>\n<p>Inlays werden verwendet, um Sch\u00e4den innerhalb der H\u00f6cker (der erh\u00f6hten Punkte) eines Zahns zu reparieren, w\u00e4hrend Onlays sich \u00fcber einen oder mehrere H\u00f6cker erstrecken und einen gr\u00f6\u00dferen Bereich des Zahns abdecken. Beide Arten von Restaurationen werden mit einem starken Zahnkleber auf den Zahn geklebt und bieten eine dauerhafte und \u00e4sthetisch ansprechende L\u00f6sung f\u00fcr Zahnprobleme. <\/p>\n<h2><strong>Vorteile von Onlay- und Inlay-Porzellanf\u00fcllungen<\/strong><\/h2>\n<p>Einer der Hauptvorteile von Onlay- und Inlay-Porzellanf\u00fcllungen ist ihre Haltbarkeit. Porzellan ist ein robustes Material, das den Kr\u00e4ften des Kauens und Knirschens viel besser standh\u00e4lt als herk\u00f6mmliche Kompositf\u00fcllungen. Das bedeutet, dass Onlays und Inlays bei richtiger Pflege viele Jahre lang halten und andere Arten von F\u00fcllungen oft \u00fcberdauern.  <\/p>\n<p>Die \u00c4sthetik ist ein weiterer wichtiger Vorteil. Porzellan kann farblich an die umliegenden Z\u00e4hne angepasst werden, so dass sich die Restauration nahtlos in die nat\u00fcrliche Zahnstruktur einf\u00fcgt. Dies macht Onlays und Inlays zu einer ausgezeichneten Wahl f\u00fcr sichtbare Z\u00e4hne, da sie ein nat\u00fcrliches und attraktives Aussehen bieten.  <\/p>\n<p>Au\u00dferdem bleibt bei Onlay- und Inlay-Porzellanf\u00fcllungen mehr von der nat\u00fcrlichen Zahnsubstanz erhalten. Da sie individuell f\u00fcr den jeweiligen Hohlraum oder Schaden angefertigt werden, muss im Vergleich zu herk\u00f6mmlichen F\u00fcllungen weniger vom gesunden Zahn entfernt werden. Dieser konservative Ansatz tr\u00e4gt dazu bei, die St\u00e4rke und Integrit\u00e4t des Zahns zu erhalten.  <\/p>\n<h2><strong>Das Verfahren f\u00fcr Onlay- und Inlay-Porzellanf\u00fcllungen<\/strong><\/h2>\n<p>F\u00fcr die Versorgung mit Onlay- oder Inlay-Porzellanf\u00fcllungen sind in der Regel zwei Besuche beim Zahnarzt erforderlich. Beim ersten Besuch entfernt der Zahnarzt den kari\u00f6sen oder besch\u00e4digten Teil des Zahns und reinigt den Bereich gr\u00fcndlich. Dann wird ein Abdruck des Zahns genommen und an ein Dentallabor geschickt, wo das individuelle Porzellan-Onlay oder -Inlay hergestellt wird.  <\/p>\n<p>W\u00e4hrend des Wartens auf die dauerhafte Versorgung kann eine provisorische F\u00fcllung zum Schutz des Zahns eingesetzt werden. Sobald die individuelle Restauration fertig ist, kommt der Patient zum zweiten Termin. Bei diesem Termin wird der Zahnarzt die provisorische F\u00fcllung entfernen und den Sitz des neuen Onlays oder Inlays testen. Wenn es perfekt sitzt und zu den umliegenden Z\u00e4hnen passt, wird es mit einem starken Kleber auf den Zahn geklebt. Abschlie\u00dfend wird die Restauration poliert, um eine glatte und angenehme Oberfl\u00e4che zu gew\u00e4hrleisten.    <\/p>\n<h2><strong>Pflege von Onlay- und Inlay-Porzellanf\u00fcllungen<\/strong><\/h2>\n<p>Um die Langlebigkeit von Onlay- und Inlay-Keramikf\u00fcllungen zu gew\u00e4hrleisten, ist die richtige Pflege unerl\u00e4sslich. Patienten sollten eine gute Mundhygiene beibehalten, einschlie\u00dflich mindestens zweimal t\u00e4gliches Z\u00e4hneputzen mit einer fluoridhaltigen Zahnpasta und t\u00e4glicher Verwendung von Zahnseide, um Plaque zwischen den Z\u00e4hnen zu entfernen. Regelm\u00e4\u00dfige zahn\u00e4rztliche Kontrolluntersuchungen und professionelle Reinigungen sind ebenfalls wichtig, um den Zustand der F\u00fcllungen zu \u00fcberwachen und die allgemeine Mundgesundheit zu erhalten.  <\/p>\n<p>Es ist wichtig, Gewohnheiten zu vermeiden, die das Porzellan besch\u00e4digen k\u00f6nnten, wie z.B. das Bei\u00dfen auf harte Gegenst\u00e4nde oder das Benutzen der Z\u00e4hne als Werkzeug. Obwohl Porzellan sehr widerstandsf\u00e4hig ist, kann es bei \u00fcberm\u00e4\u00dfiger Krafteinwirkung dennoch splittern oder brechen. Patienten sollten auch auf ihre Ern\u00e4hrung achten und \u00fcberm\u00e4\u00dfig harte oder klebrige Nahrungsmittel vermeiden, die die Restauration verrutschen oder besch\u00e4digen k\u00f6nnten.  <\/p>\n<h2><strong>M\u00f6gliche Risiken und \u00dcberlegungen<\/strong><\/h2>\n<p>Obwohl Onlay- und Inlay-Porzellanf\u00fcllungen viele Vorteile bieten, gibt es einige potenzielle Risiken und \u00dcberlegungen, die Sie beachten sollten. Ein Risiko ist die M\u00f6glichkeit, dass sich die F\u00fcllung l\u00f6st, wenn sie nicht richtig verklebt ist oder wenn \u00fcberm\u00e4\u00dfige Kraft angewendet wird. In solchen F\u00e4llen muss die F\u00fcllung vom Zahnarzt wieder zementiert oder ersetzt werden.  <\/p>\n<p>Eine weitere \u00dcberlegung sind die Kosten. Porzellanrestaurationen sind aufgrund der verwendeten Materialien und des individuellen Herstellungsprozesses tendenziell teurer als herk\u00f6mmliche F\u00fcllungen. Patienten sollten die Kosten und Zahlungsm\u00f6glichkeiten mit ihrem Zahnarzt besprechen, um sicherzustellen, dass sie in ihr Budget passen.  <\/p>\n<p>Dar\u00fcber hinaus k\u00f6nnen einige Patienten nach der Versorgung mit einem Onlay oder Inlay empfindlich auf hei\u00dfe und kalte Temperaturen reagieren. Diese Empfindlichkeit l\u00e4sst in der Regel mit der Zeit nach, aber es ist wichtig, dass Sie Ihrem Zahnarzt mitteilen, wenn Sie sich l\u00e4nger unwohl f\u00fchlen. <\/p>\n<h2><strong>Onlay- und Inlay-Porzellanf\u00fcllungen im Vergleich zu anderen restaurativen Optionen<\/strong><\/h2>\n<p>Wenn Sie Zahnersatz in Erw\u00e4gung ziehen, ist es hilfreich, Onlay- und Inlay-Porzellanf\u00fcllungen mit anderen Optionen zu vergleichen. Herk\u00f6mmliche Kompositf\u00fcllungen sind preiswerter und k\u00f6nnen in einer einzigen Sitzung angefertigt werden. Allerdings halten sie m\u00f6glicherweise nicht so lange und bieten nicht die gleichen \u00e4sthetischen Ergebnisse wie Porzellanf\u00fcllungen. <\/p>\n<p>Kronen sind eine weitere restaurative Option, die eine vollst\u00e4ndige Abdeckung des Zahns bietet. Kronen bieten zwar einen hervorragenden Schutz und eine lange Haltbarkeit, aber im Vergleich zu Onlays und Inlays muss mehr von der nat\u00fcrlichen Zahnsubstanz entfernt werden. F\u00fcr Patienten, die so viel wie m\u00f6glich von ihrem nat\u00fcrlichen Zahn erhalten m\u00f6chten, sind Onlays und Inlays m\u00f6glicherweise die bessere Wahl.  <\/p>\n<p>Onlay- und Inlay-Porzellanf\u00fcllungen bieten eine dauerhafte, \u00e4sthetisch ansprechende und konservative L\u00f6sung f\u00fcr die Wiederherstellung besch\u00e4digter oder kari\u00f6ser Z\u00e4hne. Dank ihrer F\u00e4higkeit, sich nahtlos in die nat\u00fcrlichen Z\u00e4hne einzuf\u00fcgen, und ihrer Langlebigkeit sind sie eine ausgezeichnete Wahl f\u00fcr diejenigen, die eine hochwertige Zahnrestauration w\u00fcnschen. Bei guter Mundhygiene und regelm\u00e4\u00dfigen zahn\u00e4rztlichen Untersuchungen k\u00f6nnen Patienten die Vorteile von Onlay- und Inlay-Porzellanf\u00fcllungen viele Jahre lang genie\u00dfen und ein gesundes und sch\u00f6nes L\u00e4cheln erhalten.  <\/p>\n\t\t\t\t\t\t\t\t<\/div>\n\t\t\t\t<\/div>\n\t\t\t\t\t<\/div>\n\t\t<\/div>\n\t\t\t\t<div class=\"elementor-column elementor-col-50 elementor-top-column elementor-element elementor-element-4adcc0a\" data-id=\"4adcc0a\" data-element_type=\"column\">\n\t\t\t<div class=\"elementor-widget-wrap elementor-element-populated\">\n\t\t\t\t\t\t<div class=\"elementor-element elementor-element-634beec elementor-widget elementor-widget-heading\" data-id=\"634beec\" data-element_type=\"widget\" data-widget_type=\"heading.default\">\n\t\t\t\t<div class=\"elementor-widget-container\">\n\t\t\t\t\t<h3 class=\"elementor-heading-title elementor-size-default\">Dienstleistungen<\/h3>\t\t\t\t<\/div>\n\t\t\t\t<\/div>\n\t\t\t\t<div class=\"elementor-element elementor-element-b7907d2 elementor-nav-menu--dropdown-tablet elementor-nav-menu__text-align-aside elementor-widget elementor-widget-nav-menu\" data-id=\"b7907d2\" data-element_type=\"widget\" data-settings=\"{&quot;layout&quot;:&quot;vertical&quot;,&quot;sticky&quot;:&quot;top&quot;,&quot;sticky_on&quot;:[&quot;desktop&quot;,&quot;tablet&quot;],&quot;sticky_offset&quot;:25,&quot;sticky_parent&quot;:&quot;yes&quot;,&quot;submenu_icon&quot;:{&quot;value&quot;:&quot;&lt;svg class=\\&quot;e-font-icon-svg e-fas-caret-down\\&quot; viewBox=\\&quot;0 0 320 512\\&quot; xmlns=\\&quot;http:\\\/\\\/www.w3.org\\\/2000\\\/svg\\&quot;&gt;&lt;path d=\\&quot;M31.3 192h257.3c17.8 0 26.7 21.5 14.1 34.1L174.1 354.8c-7.8 7.8-20.5 7.8-28.3 0L17.2 226.1C4.6 213.5 13.5 192 31.3 192z\\&quot;&gt;&lt;\\\/path&gt;&lt;\\\/svg&gt;&quot;,&quot;library&quot;:&quot;fa-solid&quot;},&quot;sticky_effects_offset&quot;:0,&quot;sticky_anchor_link_offset&quot;:0}\" data-widget_type=\"nav-menu.default\">\n\t\t\t\t<div class=\"elementor-widget-container\">\n\t\t\t\t\t\t\t\t<nav aria-label=\"Menu\" class=\"elementor-nav-menu--main elementor-nav-menu__container elementor-nav-menu--layout-vertical e--pointer-underline e--animation-fade\">\n\t\t\t\t<ul id=\"menu-1-b7907d2\" class=\"elementor-nav-menu sm-vertical\"><li class=\"menu-item menu-item-type-post_type menu-item-object-page menu-item-14755\"><a href=\"https:\/\/gurkankorkmaz.com\/de\/konservative-behandlung\/\" class=\"elementor-item\">Konservative Behandlung<\/a><\/li>\n<li class=\"menu-item menu-item-type-post_type menu-item-object-page menu-item-14756\"><a href=\"https:\/\/gurkankorkmaz.com\/de\/implantat-behandlung\/\" class=\"elementor-item\">Implantat-Behandlung<\/a><\/li>\n<li class=\"menu-item menu-item-type-post_type menu-item-object-page menu-item-14757\"><a href=\"https:\/\/gurkankorkmaz.com\/de\/laminat-furniere\/\" class=\"elementor-item\">Laminat-Furniere<\/a><\/li>\n<li class=\"menu-item menu-item-type-post_type menu-item-object-page menu-item-14758\"><a href=\"https:\/\/gurkankorkmaz.com\/de\/nicht-vorbereiten\/\" class=\"elementor-item\">Nicht vorbereiten<\/a><\/li>\n<li class=\"menu-item menu-item-type-post_type menu-item-object-page menu-item-14759\"><a href=\"https:\/\/gurkankorkmaz.com\/de\/onley-inlay-porzellan-fuellungen\/\" class=\"elementor-item\">Onley &#8211; Inlay-Porzellan-F\u00fcllungen<\/a><\/li>\n<li class=\"menu-item menu-item-type-post_type menu-item-object-page menu-item-14760\"><a href=\"https:\/\/gurkankorkmaz.com\/de\/kieferorthopaedie\/\" class=\"elementor-item\">Kieferorthop\u00e4die<\/a><\/li>\n<li class=\"menu-item menu-item-type-post_type menu-item-object-page menu-item-14761\"><a href=\"https:\/\/gurkankorkmaz.com\/de\/parodontoloji\/\" class=\"elementor-item\">Parodontoloji<\/a><\/li>\n<li class=\"menu-item menu-item-type-post_type menu-item-object-page menu-item-14762\"><a href=\"https:\/\/gurkankorkmaz.com\/de\/zahnwurzelbehandlung\/\" class=\"elementor-item\">Zahnwurzelbehandlung<\/a><\/li>\n<li class=\"menu-item menu-item-type-post_type menu-item-object-page menu-item-14763\"><a href=\"https:\/\/gurkankorkmaz.com\/de\/zahnaufhellung\/\" class=\"elementor-item\">Zahnaufhellung<\/a><\/li>\n<\/ul>\t\t\t<\/nav>\n\t\t\t\t\t\t<nav class=\"elementor-nav-menu--dropdown elementor-nav-menu__container\" aria-hidden=\"true\">\n\t\t\t\t<ul id=\"menu-2-b7907d2\" class=\"elementor-nav-menu sm-vertical\"><li class=\"menu-item menu-item-type-post_type menu-item-object-page menu-item-14755\"><a href=\"https:\/\/gurkankorkmaz.com\/de\/konservative-behandlung\/\" class=\"elementor-item\" tabindex=\"-1\">Konservative Behandlung<\/a><\/li>\n<li class=\"menu-item menu-item-type-post_type menu-item-object-page menu-item-14756\"><a href=\"https:\/\/gurkankorkmaz.com\/de\/implantat-behandlung\/\" class=\"elementor-item\" tabindex=\"-1\">Implantat-Behandlung<\/a><\/li>\n<li class=\"menu-item menu-item-type-post_type menu-item-object-page menu-item-14757\"><a href=\"https:\/\/gurkankorkmaz.com\/de\/laminat-furniere\/\" class=\"elementor-item\" tabindex=\"-1\">Laminat-Furniere<\/a><\/li>\n<li class=\"menu-item menu-item-type-post_type menu-item-object-page menu-item-14758\"><a href=\"https:\/\/gurkankorkmaz.com\/de\/nicht-vorbereiten\/\" class=\"elementor-item\" tabindex=\"-1\">Nicht vorbereiten<\/a><\/li>\n<li class=\"menu-item menu-item-type-post_type menu-item-object-page menu-item-14759\"><a href=\"https:\/\/gurkankorkmaz.com\/de\/onley-inlay-porzellan-fuellungen\/\" class=\"elementor-item\" tabindex=\"-1\">Onley &#8211; Inlay-Porzellan-F\u00fcllungen<\/a><\/li>\n<li class=\"menu-item menu-item-type-post_type menu-item-object-page menu-item-14760\"><a href=\"https:\/\/gurkankorkmaz.com\/de\/kieferorthopaedie\/\" class=\"elementor-item\" tabindex=\"-1\">Kieferorthop\u00e4die<\/a><\/li>\n<li class=\"menu-item menu-item-type-post_type menu-item-object-page menu-item-14761\"><a href=\"https:\/\/gurkankorkmaz.com\/de\/parodontoloji\/\" class=\"elementor-item\" tabindex=\"-1\">Parodontoloji<\/a><\/li>\n<li class=\"menu-item menu-item-type-post_type menu-item-object-page menu-item-14762\"><a href=\"https:\/\/gurkankorkmaz.com\/de\/zahnwurzelbehandlung\/\" class=\"elementor-item\" tabindex=\"-1\">Zahnwurzelbehandlung<\/a><\/li>\n<li class=\"menu-item menu-item-type-post_type menu-item-object-page menu-item-14763\"><a href=\"https:\/\/gurkankorkmaz.com\/de\/zahnaufhellung\/\" class=\"elementor-item\" tabindex=\"-1\">Zahnaufhellung<\/a><\/li>\n<\/ul>\t\t\t<\/nav>\n\t\t\t\t\t\t<\/div>\n\t\t\t\t<\/div>\n\t\t\t\t\t<\/div>\n\t\t<\/div>\n\t\t\t\t\t<\/div>\n\t\t<\/section>\n\t\t\t\t<\/div>\n\t\t","protected":false},"excerpt":{"rendered":"<p>Onley &#8211; Inlay-Porzellan-F\u00fcllungen Was sind Onlay- und Inlay-Porzellanf\u00fcllungen? Onlay- und Inlay-Porzellanf\u00fcllungen sind restaurative zahnmedizinische Behandlungen, mit denen besch\u00e4digte oder kari\u00f6se Z\u00e4hne repariert werden. Im Gegensatz zu herk\u00f6mmlichen F\u00fcllungen, die Hohlr\u00e4ume von innen f\u00fcllen, sind Onlays und Inlays ma\u00dfgefertigte Teile, die genau in die Zahnstruktur passen. Sie werden in der Regel aus Porzellan hergestellt, einem Material, [&hellip;]<\/p>\n","protected":false},"author":1,"featured_media":0,"parent":0,"menu_order":0,"comment_status":"closed","ping_status":"closed","template":"","meta":{"footnotes":""},"class_list":["post-14562","page","type-page","status-publish","hentry"],"yoast_head":"<!-- This site is optimized with the Yoast SEO plugin v24.5 - https:\/\/yoast.com\/wordpress\/plugins\/seo\/ -->\n<title>Onley - Inlay-Porzellan-F\u00fcllungen - G\u00fcrkan Korkmaz<\/title>\n<meta name=\"robots\" content=\"index, follow, max-snippet:-1, max-image-preview:large, max-video-preview:-1\" \/>\n<link rel=\"canonical\" href=\"https:\/\/gurkankorkmaz.com\/de\/onley-inlay-porzellan-fuellungen\/\" \/>\n<meta property=\"og:locale\" content=\"de_DE\" \/>\n<meta property=\"og:type\" content=\"article\" \/>\n<meta property=\"og:title\" content=\"Onley - Inlay-Porzellan-F\u00fcllungen - G\u00fcrkan Korkmaz\" \/>\n<meta property=\"og:description\" content=\"Onley &#8211; Inlay-Porzellan-F\u00fcllungen Was sind Onlay- und Inlay-Porzellanf\u00fcllungen? Onlay- und Inlay-Porzellanf\u00fcllungen sind restaurative zahnmedizinische Behandlungen, mit denen besch\u00e4digte oder kari\u00f6se Z\u00e4hne repariert werden. Im Gegensatz zu herk\u00f6mmlichen F\u00fcllungen, die Hohlr\u00e4ume von innen f\u00fcllen, sind Onlays und Inlays ma\u00dfgefertigte Teile, die genau in die Zahnstruktur passen. Sie werden in der Regel aus Porzellan hergestellt, einem Material, [&hellip;]\" \/>\n<meta property=\"og:url\" content=\"https:\/\/gurkankorkmaz.com\/de\/onley-inlay-porzellan-fuellungen\/\" \/>\n<meta property=\"og:site_name\" content=\"G\u00fcrkan Korkmaz\" \/>\n<meta property=\"article:modified_time\" content=\"2024-12-13T12:00:55+00:00\" \/>\n<meta name=\"twitter:card\" content=\"summary_large_image\" \/>\n<meta name=\"twitter:label1\" content=\"Gesch\u00e4tzte Lesezeit\" \/>\n\t<meta name=\"twitter:data1\" content=\"5\u00a0Minuten\" \/>\n<script type=\"application\/ld+json\" class=\"yoast-schema-graph\">{\"@context\":\"https:\/\/schema.org\",\"@graph\":[{\"@type\":\"WebPage\",\"@id\":\"https:\/\/gurkankorkmaz.com\/de\/onley-inlay-porzellan-fuellungen\/\",\"url\":\"https:\/\/gurkankorkmaz.com\/de\/onley-inlay-porzellan-fuellungen\/\",\"name\":\"Onley - Inlay-Porzellan-F\u00fcllungen - G\u00fcrkan Korkmaz\",\"isPartOf\":{\"@id\":\"https:\/\/gurkankorkmaz.com\/#website\"},\"datePublished\":\"2024-06-11T11:43:12+00:00\",\"dateModified\":\"2024-12-13T12:00:55+00:00\",\"breadcrumb\":{\"@id\":\"https:\/\/gurkankorkmaz.com\/de\/onley-inlay-porzellan-fuellungen\/#breadcrumb\"},\"inLanguage\":\"de\",\"potentialAction\":[{\"@type\":\"ReadAction\",\"target\":[\"https:\/\/gurkankorkmaz.com\/de\/onley-inlay-porzellan-fuellungen\/\"]}]},{\"@type\":\"BreadcrumbList\",\"@id\":\"https:\/\/gurkankorkmaz.com\/de\/onley-inlay-porzellan-fuellungen\/#breadcrumb\",\"itemListElement\":[{\"@type\":\"ListItem\",\"position\":1,\"name\":\"Home\",\"item\":\"https:\/\/gurkankorkmaz.com\/tr\/\"},{\"@type\":\"ListItem\",\"position\":2,\"name\":\"Onley &#8211; Inlay-Porzellan-F\u00fcllungen\"}]},{\"@type\":\"WebSite\",\"@id\":\"https:\/\/gurkankorkmaz.com\/#website\",\"url\":\"https:\/\/gurkankorkmaz.com\/\",\"name\":\"G\u00fcrkan Korkmaz\",\"description\":\"Dentist\",\"publisher\":{\"@id\":\"https:\/\/gurkankorkmaz.com\/#organization\"},\"potentialAction\":[{\"@type\":\"SearchAction\",\"target\":{\"@type\":\"EntryPoint\",\"urlTemplate\":\"https:\/\/gurkankorkmaz.com\/?s={search_term_string}\"},\"query-input\":{\"@type\":\"PropertyValueSpecification\",\"valueRequired\":true,\"valueName\":\"search_term_string\"}}],\"inLanguage\":\"de\"},{\"@type\":\"Organization\",\"@id\":\"https:\/\/gurkankorkmaz.com\/#organization\",\"name\":\"G\u00fcrkan Korkmaz\",\"url\":\"https:\/\/gurkankorkmaz.com\/\",\"logo\":{\"@type\":\"ImageObject\",\"inLanguage\":\"de\",\"@id\":\"https:\/\/gurkankorkmaz.com\/#\/schema\/logo\/image\/\",\"url\":\"https:\/\/gurkankorkmaz.com\/wp-content\/uploads\/2024\/06\/Gurkan-Korkmaz2.png\",\"contentUrl\":\"https:\/\/gurkankorkmaz.com\/wp-content\/uploads\/2024\/06\/Gurkan-Korkmaz2.png\",\"width\":3633,\"height\":2613,\"caption\":\"G\u00fcrkan Korkmaz\"},\"image\":{\"@id\":\"https:\/\/gurkankorkmaz.com\/#\/schema\/logo\/image\/\"}}]}<\/script>\n<!-- \/ Yoast SEO plugin. -->","yoast_head_json":{"title":"Onley - Inlay-Porzellan-F\u00fcllungen - G\u00fcrkan Korkmaz","robots":{"index":"index","follow":"follow","max-snippet":"max-snippet:-1","max-image-preview":"max-image-preview:large","max-video-preview":"max-video-preview:-1"},"canonical":"https:\/\/gurkankorkmaz.com\/de\/onley-inlay-porzellan-fuellungen\/","og_locale":"de_DE","og_type":"article","og_title":"Onley - Inlay-Porzellan-F\u00fcllungen - G\u00fcrkan Korkmaz","og_description":"Onley &#8211; Inlay-Porzellan-F\u00fcllungen Was sind Onlay- und Inlay-Porzellanf\u00fcllungen? Onlay- und Inlay-Porzellanf\u00fcllungen sind restaurative zahnmedizinische Behandlungen, mit denen besch\u00e4digte oder kari\u00f6se Z\u00e4hne repariert werden. Im Gegensatz zu herk\u00f6mmlichen F\u00fcllungen, die Hohlr\u00e4ume von innen f\u00fcllen, sind Onlays und Inlays ma\u00dfgefertigte Teile, die genau in die Zahnstruktur passen. Sie werden in der Regel aus Porzellan hergestellt, einem Material, [&hellip;]","og_url":"https:\/\/gurkankorkmaz.com\/de\/onley-inlay-porzellan-fuellungen\/","og_site_name":"G\u00fcrkan Korkmaz","article_modified_time":"2024-12-13T12:00:55+00:00","twitter_card":"summary_large_image","twitter_misc":{"Gesch\u00e4tzte Lesezeit":"5\u00a0Minuten"},"schema":{"@context":"https:\/\/schema.org","@graph":[{"@type":"WebPage","@id":"https:\/\/gurkankorkmaz.com\/de\/onley-inlay-porzellan-fuellungen\/","url":"https:\/\/gurkankorkmaz.com\/de\/onley-inlay-porzellan-fuellungen\/","name":"Onley - Inlay-Porzellan-F\u00fcllungen - G\u00fcrkan Korkmaz","isPartOf":{"@id":"https:\/\/gurkankorkmaz.com\/#website"},"datePublished":"2024-06-11T11:43:12+00:00","dateModified":"2024-12-13T12:00:55+00:00","breadcrumb":{"@id":"https:\/\/gurkankorkmaz.com\/de\/onley-inlay-porzellan-fuellungen\/#breadcrumb"},"inLanguage":"de","potentialAction":[{"@type":"ReadAction","target":["https:\/\/gurkankorkmaz.com\/de\/onley-inlay-porzellan-fuellungen\/"]}]},{"@type":"BreadcrumbList","@id":"https:\/\/gurkankorkmaz.com\/de\/onley-inlay-porzellan-fuellungen\/#breadcrumb","itemListElement":[{"@type":"ListItem","position":1,"name":"Home","item":"https:\/\/gurkankorkmaz.com\/tr\/"},{"@type":"ListItem","position":2,"name":"Onley &#8211; Inlay-Porzellan-F\u00fcllungen"}]},{"@type":"WebSite","@id":"https:\/\/gurkankorkmaz.com\/#website","url":"https:\/\/gurkankorkmaz.com\/","name":"G\u00fcrkan Korkmaz","description":"Dentist","publisher":{"@id":"https:\/\/gurkankorkmaz.com\/#organization"},"potentialAction":[{"@type":"SearchAction","target":{"@type":"EntryPoint","urlTemplate":"https:\/\/gurkankorkmaz.com\/?s={search_term_string}"},"query-input":{"@type":"PropertyValueSpecification","valueRequired":true,"valueName":"search_term_string"}}],"inLanguage":"de"},{"@type":"Organization","@id":"https:\/\/gurkankorkmaz.com\/#organization","name":"G\u00fcrkan Korkmaz","url":"https:\/\/gurkankorkmaz.com\/","logo":{"@type":"ImageObject","inLanguage":"de","@id":"https:\/\/gurkankorkmaz.com\/#\/schema\/logo\/image\/","url":"https:\/\/gurkankorkmaz.com\/wp-content\/uploads\/2024\/06\/Gurkan-Korkmaz2.png","contentUrl":"https:\/\/gurkankorkmaz.com\/wp-content\/uploads\/2024\/06\/Gurkan-Korkmaz2.png","width":3633,"height":2613,"caption":"G\u00fcrkan Korkmaz"},"image":{"@id":"https:\/\/gurkankorkmaz.com\/#\/schema\/logo\/image\/"}}]}},"_links":{"self":[{"href":"https:\/\/gurkankorkmaz.com\/de\/wp-json\/wp\/v2\/pages\/14562","targetHints":{"allow":["GET"]}}],"collection":[{"href":"https:\/\/gurkankorkmaz.com\/de\/wp-json\/wp\/v2\/pages"}],"about":[{"href":"https:\/\/gurkankorkmaz.com\/de\/wp-json\/wp\/v2\/types\/page"}],"author":[{"embeddable":true,"href":"https:\/\/gurkankorkmaz.com\/de\/wp-json\/wp\/v2\/users\/1"}],"replies":[{"embeddable":true,"href":"https:\/\/gurkankorkmaz.com\/de\/wp-json\/wp\/v2\/comments?post=14562"}],"version-history":[{"count":1,"href":"https:\/\/gurkankorkmaz.com\/de\/wp-json\/wp\/v2\/pages\/14562\/revisions"}],"predecessor-version":[{"id":14564,"href":"https:\/\/gurkankorkmaz.com\/de\/wp-json\/wp\/v2\/pages\/14562\/revisions\/14564"}],"wp:attachment":[{"href":"https:\/\/gurkankorkmaz.com\/de\/wp-json\/wp\/v2\/media?parent=14562"}],"curies":[{"name":"wp","href":"https:\/\/api.w.org\/{rel}","templated":true}]}}