{"id":14557,"date":"2024-06-10T10:51:07","date_gmt":"2024-06-10T10:51:07","guid":{"rendered":"https:\/\/gurkankorkmaz.com\/datenschutzbestimmungen\/"},"modified":"2025-09-09T06:24:26","modified_gmt":"2025-09-09T06:24:26","slug":"datenschutzbestimmungen","status":"publish","type":"page","link":"https:\/\/gurkankorkmaz.com\/de\/datenschutzbestimmungen\/","title":{"rendered":"Datenschutzbestimmungen"},"content":{"rendered":"\t\t<div data-elementor-type=\"wp-page\" data-elementor-id=\"14557\" class=\"elementor elementor-14557 elementor-3\" data-elementor-post-type=\"page\">\n\t\t\t\t\t\t<section class=\"elementor-section elementor-top-section elementor-element elementor-element-4ab121e elementor-section-stretched elementor-section-content-middle elementor-section-boxed elementor-section-height-default elementor-section-height-default\" data-id=\"4ab121e\" data-element_type=\"section\" data-settings=\"{&quot;stretch_section&quot;:&quot;section-stretched&quot;,&quot;background_background&quot;:&quot;classic&quot;}\">\n\t\t\t\t\t\t\t<div class=\"elementor-background-overlay\"><\/div>\n\t\t\t\t\t\t\t<div class=\"elementor-container elementor-column-gap-default\">\n\t\t\t\t\t<div class=\"elementor-column elementor-col-100 elementor-top-column elementor-element elementor-element-3767c39\" data-id=\"3767c39\" data-element_type=\"column\">\n\t\t\t<div class=\"elementor-widget-wrap elementor-element-populated\">\n\t\t\t\t\t\t\t<\/div>\n\t\t<\/div>\n\t\t\t\t\t<\/div>\n\t\t<\/section>\n\t\t\t\t<section class=\"elementor-section elementor-top-section elementor-element elementor-element-74f5e6e elementor-section-stretched elementor-section-boxed elementor-section-height-default elementor-section-height-default\" data-id=\"74f5e6e\" data-element_type=\"section\" data-settings=\"{&quot;stretch_section&quot;:&quot;section-stretched&quot;,&quot;background_background&quot;:&quot;classic&quot;}\">\n\t\t\t\t\t\t\t<div class=\"elementor-background-overlay\"><\/div>\n\t\t\t\t\t\t\t<div class=\"elementor-container elementor-column-gap-default\">\n\t\t\t\t\t<div class=\"elementor-column elementor-col-100 elementor-top-column elementor-element elementor-element-6fcfd40\" data-id=\"6fcfd40\" data-element_type=\"column\">\n\t\t\t<div class=\"elementor-widget-wrap elementor-element-populated\">\n\t\t\t\t\t\t<div class=\"elementor-element elementor-element-9154e51 elementor-widget elementor-widget-text-editor\" data-id=\"9154e51\" data-element_type=\"widget\" data-widget_type=\"text-editor.default\">\n\t\t\t\t<div class=\"elementor-widget-container\">\n\t\t\t\t\t\t\t\t\t<h3 data-start=\"145\" data-end=\"167\">DATENSCHUTZHINWEIS<\/h3><p data-start=\"169\" data-end=\"423\">Dieser Hinweis wurde von <strong data-start=\"194\" data-end=\"216\">Dr. G\u00fcrkan Korkmaz<\/strong> als Verantwortlicher gem\u00e4\u00df Artikel 10 des Gesetzes Nr. 6698 zum Schutz personenbezogener Daten (\u201eKVKK\u201c) und der Verordnung \u00fcber die Verfahren und Grunds\u00e4tze zur Erf\u00fcllung der Informationspflicht erstellt.<\/p><h2 data-start=\"425\" data-end=\"460\">Zweck des Datenschutzhinweises<\/h2><p data-start=\"461\" data-end=\"892\">W\u00e4hrend Ihrer Bewerbung bei unserer Praxis \u2013 sei es \u00fcber unsere Website, soziale Medien oder direkt vor Ort \u2013 k\u00f6nnen Ihre personenbezogenen Daten automatisch oder nicht-automatisch erhoben werden. Dieser Hinweis erl\u00e4utert, zu welchen Zwecken Ihre Daten verarbeitet, wie sie gespeichert, an wen und zu welchen Zwecken sie weitergegeben werden, auf welcher Rechtsgrundlage sie erhoben werden und welche Rechte Sie gem\u00e4\u00df KVKK haben.<\/p><h2 data-start=\"894\" data-end=\"946\">Zwecke der Verarbeitung personenbezogener Daten<\/h2><h3 data-start=\"948\" data-end=\"990\">A \u2013 Website-Besucher (Online-Nutzer)<\/h3><p data-start=\"992\" data-end=\"1530\"><strong data-start=\"992\" data-end=\"1004\">Cookies:<\/strong><br data-start=\"1004\" data-end=\"1007\" \/>Unsere Website verwendet ausschlie\u00dflich erforderliche Session- und persistente Cookies zur Bereitstellung von Diensten. Session-Cookies werden nach dem Schlie\u00dfen des Browsers gel\u00f6scht, w\u00e4hrend persistente Cookies bis zu einem bestimmten Datum oder Zeitraum bestehen bleiben.<br data-start=\"1281\" data-end=\"1284\" \/>Cookies k\u00f6nnen f\u00fcr notwendige, funktionale oder Marketingzwecke verwendet werden. Auf unserer Website werden nur unbedingt erforderliche Cookies genutzt. Ihre personenbezogenen Daten k\u00f6nnen in Verbindung mit Ihrer IP-Adresse verarbeitet werden.<\/p><p data-start=\"1532\" data-end=\"1912\"><strong data-start=\"1532\" data-end=\"1565\">Kontakt- und Terminformulare:<\/strong><br data-start=\"1565\" data-end=\"1568\" \/>\u00dcber unsere Website erhobene Daten wie Name, Nachname, Telefonnummer, E-Mail-Adresse und Nachrichten werden verarbeitet, um die Kommunikation durchzuf\u00fchren, Behandlungsangebote zu unterbreiten und Anfragen\/Beschwerden zu bearbeiten. Diese Daten k\u00f6nnen im Falle gesetzlicher Anforderungen mit Gerichten und zust\u00e4ndigen Beh\u00f6rden geteilt werden.<\/p><h3 data-start=\"1914\" data-end=\"1959\">B \u2013 Patienten und potenzielle Patienten<\/h3><p data-start=\"1960\" data-end=\"2238\">W\u00e4hrend der Bewerbung, Diagnose, Behandlung oder verwandter Verfahren k\u00f6nnen personenbezogene Daten \u2013 einschlie\u00dflich Identit\u00e4tsdaten, Kontaktdaten, Sicherheitsdaten, Finanzinformationen, visuelle\/audio Aufzeichnungen, Gesundheitsdaten und ggf. Reisedaten \u2013 verarbeitet werden.<\/p><h3 data-start=\"2240\" data-end=\"2258\">C \u2013 Besucher<\/h3><p data-start=\"2259\" data-end=\"2550\">F\u00fcr Besucher unserer Praxis k\u00f6nnen personenbezogene Daten wie Identit\u00e4ts- und Kontaktdaten, physische Sicherheitsdaten, Finanzinformationen, visuelle\/audio Aufzeichnungen sowie bestimmte Gesundheitsdaten (z. B. Temperaturmessung) im Einklang mit den angegebenen Zwecken verarbeitet werden.<\/p><h2 data-start=\"2552\" data-end=\"2585\">Zwecke der Datenverarbeitung<\/h2><p data-start=\"2586\" data-end=\"2663\">Ihre personenbezogenen Daten k\u00f6nnen f\u00fcr folgende Zwecke verarbeitet werden:<\/p><ul data-start=\"2665\" data-end=\"3827\"><li data-start=\"2665\" data-end=\"2763\"><p data-start=\"2667\" data-end=\"2763\">Durchf\u00fchrung notwendiger Aktivit\u00e4ten f\u00fcr Patienten, Besucher, Mitarbeiter und Gesch\u00e4ftspartner<\/p><\/li><li data-start=\"2764\" data-end=\"2858\"><p data-start=\"2766\" data-end=\"2858\">Gew\u00e4hrleistung der Sicherheit von Leben, Eigentum und rechtlicher\/kommerzieller Sicherheit<\/p><\/li><li data-start=\"2859\" data-end=\"2904\"><p data-start=\"2861\" data-end=\"2904\">Aufzeichnung von Sicherheitskamerabildern<\/p><\/li><li data-start=\"2905\" data-end=\"2969\"><p data-start=\"2907\" data-end=\"2969\">Verwaltung von Terminen, Benachrichtigungen und Erinnerungen<\/p><\/li><li data-start=\"2970\" data-end=\"3033\"><p data-start=\"2972\" data-end=\"3033\">Planung und Verwaltung von Behandlungs- und Praxisprozessen<\/p><\/li><li data-start=\"3034\" data-end=\"3078\"><p data-start=\"3036\" data-end=\"3078\">Einhaltung der gesetzlichen Vorschriften<\/p><\/li><li data-start=\"3079\" data-end=\"3156\"><p data-start=\"3081\" data-end=\"3156\">Erf\u00fcllung von Anforderungen zust\u00e4ndiger Beh\u00f6rden und Berufsorganisationen<\/p><\/li><li data-start=\"3157\" data-end=\"3214\"><p data-start=\"3159\" data-end=\"3214\">Beantwortung gerichtlicher oder beh\u00f6rdlicher Anfragen<\/p><\/li><li data-start=\"3215\" data-end=\"3272\"><p data-start=\"3217\" data-end=\"3272\">Nachverfolgung und Durchf\u00fchrung rechtlicher Verfahren<\/p><\/li><li data-start=\"3273\" data-end=\"3378\"><p data-start=\"3275\" data-end=\"3378\">Verbesserung der Dienstleistungen, Zufriedenheitsanalysen, statistische und wissenschaftliche Studien<\/p><\/li><li data-start=\"3379\" data-end=\"3444\"><p data-start=\"3381\" data-end=\"3444\">Durchf\u00fchrung von Marktanalysen, Promotionen und Kommunikation<\/p><\/li><li data-start=\"3445\" data-end=\"3498\"><p data-start=\"3447\" data-end=\"3498\">Verwaltung von Finanzierung und Rechnungsstellung<\/p><\/li><li data-start=\"3499\" data-end=\"3560\"><p data-start=\"3501\" data-end=\"3560\">Durchf\u00fchrung von Risikomanagement- und Qualit\u00e4tsprozessen<\/p><\/li><li data-start=\"3561\" data-end=\"3624\"><p data-start=\"3563\" data-end=\"3624\">Zusammenarbeit mit Versicherungen und anderen Institutionen<\/p><\/li><li data-start=\"3625\" data-end=\"3700\"><p data-start=\"3627\" data-end=\"3700\">Umsetzung technischer und administrativer Ma\u00dfnahmen zur Datensicherheit<\/p><\/li><li data-start=\"3701\" data-end=\"3739\"><p data-start=\"3703\" data-end=\"3739\">Schutz der \u00f6ffentlichen Gesundheit<\/p><\/li><li data-start=\"3740\" data-end=\"3827\"><p data-start=\"3742\" data-end=\"3827\">Durchf\u00fchrung medizinischer Diagnosen, Behandlungen und Gesundheitsdienstleistungen.<\/p><\/li><\/ul><h2 data-start=\"3829\" data-end=\"3879\">Methode und Rechtsgrundlage der Datenerhebung<\/h2><p data-start=\"3880\" data-end=\"4359\">Ihre personenbezogenen Daten k\u00f6nnen m\u00fcndlich, schriftlich oder elektronisch \u00fcber unsere Praxis, Website, soziale Medien, Callcenter, mobile Apps, Informationssysteme, Unterlagen oder Sicherheitskameras erhoben werden.<br data-start=\"4097\" data-end=\"4100\" \/>Die Verarbeitung erfolgt gem\u00e4\u00df den Artikeln 5 und 6 KVKK auf Grundlage von Einwilligung, gesetzlichen Verpflichtungen, berechtigten Interessen, Wahrung oder Aus\u00fcbung eines Rechts, Schutz der \u00f6ffentlichen Gesundheit sowie Erbringung medizinischer Leistungen.<\/p><h2 data-start=\"4361\" data-end=\"4400\">Weitergabe personenbezogener Daten<\/h2><p data-start=\"4401\" data-end=\"4463\">Ihre personenbezogenen Daten k\u00f6nnen weitergegeben werden an:<\/p><ul data-start=\"4465\" data-end=\"4727\"><li data-start=\"4465\" data-end=\"4518\"><p data-start=\"4467\" data-end=\"4518\">Zust\u00e4ndige \u00f6ffentliche Institutionen und Beh\u00f6rden<\/p><\/li><li data-start=\"4519\" data-end=\"4570\"><p data-start=\"4521\" data-end=\"4570\">Versicherungsunternehmen, Banken, Finanzberater<\/p><\/li><li data-start=\"4571\" data-end=\"4613\"><p data-start=\"4573\" data-end=\"4613\">IT-Dienstleister, Kuriere, Lieferanten<\/p><\/li><li data-start=\"4614\" data-end=\"4645\"><p data-start=\"4616\" data-end=\"4645\">Rechtsanw\u00e4lte und Kanzleien<\/p><\/li><li data-start=\"4646\" data-end=\"4695\"><p data-start=\"4648\" data-end=\"4695\">Nationale und internationale Gesch\u00e4ftspartner<\/p><\/li><li data-start=\"4696\" data-end=\"4727\"><p data-start=\"4698\" data-end=\"4727\">Gerichte und Justizbeh\u00f6rden<\/p><\/li><\/ul><p data-start=\"4729\" data-end=\"4770\">im Rahmen der Artikel 8 und 9 des KVKK.<\/p><h2 data-start=\"4772\" data-end=\"4822\">Dauer der Speicherung personenbezogener Daten<\/h2><p data-start=\"4823\" data-end=\"5015\">Ihre personenbezogenen Daten werden f\u00fcr die in den gesetzlichen Vorschriften vorgesehenen Zeitr\u00e4ume gespeichert. Nach Ablauf dieser Fristen werden sie gel\u00f6scht, vernichtet oder anonymisiert.<\/p><h2 data-start=\"5017\" data-end=\"5072\">Rechte der betroffenen Person nach Artikel 11 KVKK<\/h2><p data-start=\"5073\" data-end=\"5117\">Als betroffene Person haben Sie das Recht,<\/p><ul data-start=\"5119\" data-end=\"5724\"><li data-start=\"5119\" data-end=\"5169\"><p data-start=\"5121\" data-end=\"5169\">zu erfahren, ob Ihre Daten verarbeitet werden,<\/p><\/li><li data-start=\"5170\" data-end=\"5217\"><p data-start=\"5172\" data-end=\"5217\">Auskunft \u00fcber die Verarbeitung zu erhalten,<\/p><\/li><li data-start=\"5218\" data-end=\"5298\"><p data-start=\"5220\" data-end=\"5298\">den Zweck der Verarbeitung zu erfahren und ob sie zweckgem\u00e4\u00df genutzt werden,<\/p><\/li><li data-start=\"5299\" data-end=\"5347\"><p data-start=\"5301\" data-end=\"5347\">die Empf\u00e4nger im In- oder Ausland zu kennen,<\/p><\/li><li data-start=\"5348\" data-end=\"5421\"><p data-start=\"5350\" data-end=\"5421\">die Berichtigung unvollst\u00e4ndiger oder unrichtiger Daten zu verlangen,<\/p><\/li><li data-start=\"5422\" data-end=\"5510\"><p data-start=\"5424\" data-end=\"5510\">die L\u00f6schung oder Vernichtung im Rahmen der gesetzlichen Vorschriften zu beantragen,<\/p><\/li><li data-start=\"5511\" data-end=\"5589\"><p data-start=\"5513\" data-end=\"5589\">eine Benachrichtigung an Dritte \u00fcber vorgenommene \u00c4nderungen zu verlangen,<\/p><\/li><li data-start=\"5590\" data-end=\"5659\"><p data-start=\"5592\" data-end=\"5659\">der ausschlie\u00dflich automatisierten Verarbeitung zu widersprechen,<\/p><\/li><li data-start=\"5660\" data-end=\"5724\"><p data-start=\"5662\" data-end=\"5724\">Schadensersatz bei rechtswidriger Verarbeitung zu verlangen.<\/p><\/li><\/ul><p data-start=\"5726\" data-end=\"5899\">Sie k\u00f6nnen Ihre Rechte \u00fcber die unten angegebenen Kontaktdaten geltend machen. Antr\u00e4ge werden so schnell wie m\u00f6glich, sp\u00e4testens jedoch innerhalb von 30 Tagen beantwortet.<\/p><hr data-start=\"5901\" data-end=\"5904\" \/><h2 data-start=\"5906\" data-end=\"5932\">DATENVERANTWORTLICHER<\/h2><p data-start=\"5934\" data-end=\"6202\"><strong data-start=\"5934\" data-end=\"5960\">Datenverantwortlicher:<\/strong> Dr. G\u00fcrkan Korkmaz \u2013 Private Zahnarztpraxis<br data-start=\"6004\" data-end=\"6007\" \/><strong data-start=\"6007\" data-end=\"6019\">Adresse:<\/strong> Levent Mah. Altzeren Sk. No: 29, Be\u015fikta\u015f \/ Istanbul<br data-start=\"6072\" data-end=\"6075\" \/><strong data-start=\"6075\" data-end=\"6087\">Telefon:<\/strong> +90 506 912 88 80<br data-start=\"6105\" data-end=\"6108\" \/><strong data-start=\"6108\" data-end=\"6119\">E-Mail:<\/strong> <a class=\"decorated-link cursor-pointer\" rel=\"noopener\" data-start=\"6120\" data-end=\"6142\">info@gurkankorkmaz.com<\/a><br data-start=\"6142\" data-end=\"6145\" \/><strong data-start=\"6145\" data-end=\"6159\">Steueramt:<\/strong> Be\u015fikta\u015f<br data-start=\"6168\" data-end=\"6171\" \/><strong data-start=\"6171\" data-end=\"6188\">Steuernummer:<\/strong> 35536675842<\/p>\t\t\t\t\t\t\t\t<\/div>\n\t\t\t\t<\/div>\n\t\t\t\t\t<\/div>\n\t\t<\/div>\n\t\t\t\t\t<\/div>\n\t\t<\/section>\n\t\t\t\t<\/div>\n\t\t","protected":false},"excerpt":{"rendered":"<p>DATENSCHUTZHINWEIS Dieser Hinweis wurde von Dr. G\u00fcrkan Korkmaz als Verantwortlicher gem\u00e4\u00df Artikel 10 des Gesetzes Nr. 6698 zum Schutz personenbezogener Daten (\u201eKVKK\u201c) und der Verordnung \u00fcber die Verfahren und Grunds\u00e4tze zur Erf\u00fcllung der Informationspflicht erstellt. Zweck des Datenschutzhinweises W\u00e4hrend Ihrer Bewerbung bei unserer Praxis \u2013 sei es \u00fcber unsere Website, soziale Medien oder direkt vor [&hellip;]<\/p>\n","protected":false},"author":1,"featured_media":0,"parent":0,"menu_order":0,"comment_status":"closed","ping_status":"open","template":"","meta":{"footnotes":""},"class_list":["post-14557","page","type-page","status-publish","hentry"],"yoast_head":"<!-- This site is optimized with the Yoast SEO plugin v24.5 - https:\/\/yoast.com\/wordpress\/plugins\/seo\/ -->\n<title>Datenschutzbestimmungen - G\u00fcrkan Korkmaz<\/title>\n<meta name=\"robots\" content=\"index, follow, max-snippet:-1, max-image-preview:large, max-video-preview:-1\" \/>\n<link rel=\"canonical\" href=\"https:\/\/gurkankorkmaz.com\/privacy-policy\/\" \/>\n<meta property=\"og:locale\" content=\"de_DE\" \/>\n<meta property=\"og:type\" content=\"article\" \/>\n<meta property=\"og:title\" content=\"Datenschutzbestimmungen - G\u00fcrkan Korkmaz\" \/>\n<meta property=\"og:description\" content=\"DATENSCHUTZHINWEIS Dieser Hinweis wurde von Dr. G\u00fcrkan Korkmaz als Verantwortlicher gem\u00e4\u00df Artikel 10 des Gesetzes Nr. 6698 zum Schutz personenbezogener Daten (\u201eKVKK\u201c) und der Verordnung \u00fcber die Verfahren und Grunds\u00e4tze zur Erf\u00fcllung der Informationspflicht erstellt. Zweck des Datenschutzhinweises W\u00e4hrend Ihrer Bewerbung bei unserer Praxis \u2013 sei es \u00fcber unsere Website, soziale Medien oder direkt vor [&hellip;]\" \/>\n<meta property=\"og:url\" content=\"https:\/\/gurkankorkmaz.com\/privacy-policy\/\" \/>\n<meta property=\"og:site_name\" content=\"G\u00fcrkan Korkmaz\" \/>\n<meta property=\"article:modified_time\" content=\"2025-09-09T06:24:26+00:00\" \/>\n<meta name=\"twitter:card\" content=\"summary_large_image\" \/>\n<meta name=\"twitter:label1\" content=\"Gesch\u00e4tzte Lesezeit\" \/>\n\t<meta name=\"twitter:data1\" content=\"4\u00a0Minuten\" \/>\n<script type=\"application\/ld+json\" class=\"yoast-schema-graph\">{\"@context\":\"https:\/\/schema.org\",\"@graph\":[{\"@type\":\"WebPage\",\"@id\":\"https:\/\/gurkankorkmaz.com\/privacy-policy\/\",\"url\":\"https:\/\/gurkankorkmaz.com\/privacy-policy\/\",\"name\":\"Datenschutzbestimmungen - G\u00fcrkan Korkmaz\",\"isPartOf\":{\"@id\":\"https:\/\/gurkankorkmaz.com\/#website\"},\"datePublished\":\"2024-06-10T10:51:07+00:00\",\"dateModified\":\"2025-09-09T06:24:26+00:00\",\"breadcrumb\":{\"@id\":\"https:\/\/gurkankorkmaz.com\/privacy-policy\/#breadcrumb\"},\"inLanguage\":\"de\",\"potentialAction\":[{\"@type\":\"ReadAction\",\"target\":[\"https:\/\/gurkankorkmaz.com\/privacy-policy\/\"]}]},{\"@type\":\"BreadcrumbList\",\"@id\":\"https:\/\/gurkankorkmaz.com\/privacy-policy\/#breadcrumb\",\"itemListElement\":[{\"@type\":\"ListItem\",\"position\":1,\"name\":\"Home\",\"item\":\"https:\/\/gurkankorkmaz.com\/tr\/\"},{\"@type\":\"ListItem\",\"position\":2,\"name\":\"Datenschutzbestimmungen\"}]},{\"@type\":\"WebSite\",\"@id\":\"https:\/\/gurkankorkmaz.com\/#website\",\"url\":\"https:\/\/gurkankorkmaz.com\/\",\"name\":\"G\u00fcrkan Korkmaz\",\"description\":\"Dentist\",\"publisher\":{\"@id\":\"https:\/\/gurkankorkmaz.com\/#organization\"},\"potentialAction\":[{\"@type\":\"SearchAction\",\"target\":{\"@type\":\"EntryPoint\",\"urlTemplate\":\"https:\/\/gurkankorkmaz.com\/?s={search_term_string}\"},\"query-input\":{\"@type\":\"PropertyValueSpecification\",\"valueRequired\":true,\"valueName\":\"search_term_string\"}}],\"inLanguage\":\"de\"},{\"@type\":\"Organization\",\"@id\":\"https:\/\/gurkankorkmaz.com\/#organization\",\"name\":\"G\u00fcrkan Korkmaz\",\"url\":\"https:\/\/gurkankorkmaz.com\/\",\"logo\":{\"@type\":\"ImageObject\",\"inLanguage\":\"de\",\"@id\":\"https:\/\/gurkankorkmaz.com\/#\/schema\/logo\/image\/\",\"url\":\"https:\/\/gurkankorkmaz.com\/wp-content\/uploads\/2024\/06\/Gurkan-Korkmaz2.png\",\"contentUrl\":\"https:\/\/gurkankorkmaz.com\/wp-content\/uploads\/2024\/06\/Gurkan-Korkmaz2.png\",\"width\":3633,\"height\":2613,\"caption\":\"G\u00fcrkan Korkmaz\"},\"image\":{\"@id\":\"https:\/\/gurkankorkmaz.com\/#\/schema\/logo\/image\/\"}}]}<\/script>\n<!-- \/ Yoast SEO plugin. -->","yoast_head_json":{"title":"Datenschutzbestimmungen - G\u00fcrkan Korkmaz","robots":{"index":"index","follow":"follow","max-snippet":"max-snippet:-1","max-image-preview":"max-image-preview:large","max-video-preview":"max-video-preview:-1"},"canonical":"https:\/\/gurkankorkmaz.com\/privacy-policy\/","og_locale":"de_DE","og_type":"article","og_title":"Datenschutzbestimmungen - G\u00fcrkan Korkmaz","og_description":"DATENSCHUTZHINWEIS Dieser Hinweis wurde von Dr. G\u00fcrkan Korkmaz als Verantwortlicher gem\u00e4\u00df Artikel 10 des Gesetzes Nr. 6698 zum Schutz personenbezogener Daten (\u201eKVKK\u201c) und der Verordnung \u00fcber die Verfahren und Grunds\u00e4tze zur Erf\u00fcllung der Informationspflicht erstellt. Zweck des Datenschutzhinweises W\u00e4hrend Ihrer Bewerbung bei unserer Praxis \u2013 sei es \u00fcber unsere Website, soziale Medien oder direkt vor [&hellip;]","og_url":"https:\/\/gurkankorkmaz.com\/privacy-policy\/","og_site_name":"G\u00fcrkan Korkmaz","article_modified_time":"2025-09-09T06:24:26+00:00","twitter_card":"summary_large_image","twitter_misc":{"Gesch\u00e4tzte Lesezeit":"4\u00a0Minuten"},"schema":{"@context":"https:\/\/schema.org","@graph":[{"@type":"WebPage","@id":"https:\/\/gurkankorkmaz.com\/privacy-policy\/","url":"https:\/\/gurkankorkmaz.com\/privacy-policy\/","name":"Datenschutzbestimmungen - G\u00fcrkan Korkmaz","isPartOf":{"@id":"https:\/\/gurkankorkmaz.com\/#website"},"datePublished":"2024-06-10T10:51:07+00:00","dateModified":"2025-09-09T06:24:26+00:00","breadcrumb":{"@id":"https:\/\/gurkankorkmaz.com\/privacy-policy\/#breadcrumb"},"inLanguage":"de","potentialAction":[{"@type":"ReadAction","target":["https:\/\/gurkankorkmaz.com\/privacy-policy\/"]}]},{"@type":"BreadcrumbList","@id":"https:\/\/gurkankorkmaz.com\/privacy-policy\/#breadcrumb","itemListElement":[{"@type":"ListItem","position":1,"name":"Home","item":"https:\/\/gurkankorkmaz.com\/tr\/"},{"@type":"ListItem","position":2,"name":"Datenschutzbestimmungen"}]},{"@type":"WebSite","@id":"https:\/\/gurkankorkmaz.com\/#website","url":"https:\/\/gurkankorkmaz.com\/","name":"G\u00fcrkan Korkmaz","description":"Dentist","publisher":{"@id":"https:\/\/gurkankorkmaz.com\/#organization"},"potentialAction":[{"@type":"SearchAction","target":{"@type":"EntryPoint","urlTemplate":"https:\/\/gurkankorkmaz.com\/?s={search_term_string}"},"query-input":{"@type":"PropertyValueSpecification","valueRequired":true,"valueName":"search_term_string"}}],"inLanguage":"de"},{"@type":"Organization","@id":"https:\/\/gurkankorkmaz.com\/#organization","name":"G\u00fcrkan Korkmaz","url":"https:\/\/gurkankorkmaz.com\/","logo":{"@type":"ImageObject","inLanguage":"de","@id":"https:\/\/gurkankorkmaz.com\/#\/schema\/logo\/image\/","url":"https:\/\/gurkankorkmaz.com\/wp-content\/uploads\/2024\/06\/Gurkan-Korkmaz2.png","contentUrl":"https:\/\/gurkankorkmaz.com\/wp-content\/uploads\/2024\/06\/Gurkan-Korkmaz2.png","width":3633,"height":2613,"caption":"G\u00fcrkan Korkmaz"},"image":{"@id":"https:\/\/gurkankorkmaz.com\/#\/schema\/logo\/image\/"}}]}},"_links":{"self":[{"href":"https:\/\/gurkankorkmaz.com\/de\/wp-json\/wp\/v2\/pages\/14557","targetHints":{"allow":["GET"]}}],"collection":[{"href":"https:\/\/gurkankorkmaz.com\/de\/wp-json\/wp\/v2\/pages"}],"about":[{"href":"https:\/\/gurkankorkmaz.com\/de\/wp-json\/wp\/v2\/types\/page"}],"author":[{"embeddable":true,"href":"https:\/\/gurkankorkmaz.com\/de\/wp-json\/wp\/v2\/users\/1"}],"replies":[{"embeddable":true,"href":"https:\/\/gurkankorkmaz.com\/de\/wp-json\/wp\/v2\/comments?post=14557"}],"version-history":[{"count":4,"href":"https:\/\/gurkankorkmaz.com\/de\/wp-json\/wp\/v2\/pages\/14557\/revisions"}],"predecessor-version":[{"id":14896,"href":"https:\/\/gurkankorkmaz.com\/de\/wp-json\/wp\/v2\/pages\/14557\/revisions\/14896"}],"wp:attachment":[{"href":"https:\/\/gurkankorkmaz.com\/de\/wp-json\/wp\/v2\/media?parent=14557"}],"curies":[{"name":"wp","href":"https:\/\/api.w.org\/{rel}","templated":true}]}}