{"id":14539,"date":"2024-06-11T11:23:02","date_gmt":"2024-06-11T11:23:02","guid":{"rendered":"https:\/\/gurkankorkmaz.com\/implantat-behandlung\/"},"modified":"2024-12-13T11:59:54","modified_gmt":"2024-12-13T11:59:54","slug":"implantat-behandlung","status":"publish","type":"page","link":"https:\/\/gurkankorkmaz.com\/de\/implantat-behandlung\/","title":{"rendered":"Implantat-Behandlung"},"content":{"rendered":"\t\t<div data-elementor-type=\"wp-page\" data-elementor-id=\"14539\" class=\"elementor elementor-14539 elementor-13178\" data-elementor-post-type=\"page\">\n\t\t\t\t\t\t<section class=\"elementor-section elementor-top-section elementor-element elementor-element-427781ed elementor-section-stretched elementor-section-content-middle elementor-section-boxed elementor-section-height-default elementor-section-height-default\" data-id=\"427781ed\" data-element_type=\"section\" data-settings=\"{&quot;stretch_section&quot;:&quot;section-stretched&quot;,&quot;background_background&quot;:&quot;classic&quot;}\">\n\t\t\t\t\t\t\t<div class=\"elementor-background-overlay\"><\/div>\n\t\t\t\t\t\t\t<div class=\"elementor-container elementor-column-gap-default\">\n\t\t\t\t\t<div class=\"elementor-column elementor-col-100 elementor-top-column elementor-element elementor-element-3ba97320\" data-id=\"3ba97320\" data-element_type=\"column\">\n\t\t\t<div class=\"elementor-widget-wrap elementor-element-populated\">\n\t\t\t\t\t\t<div class=\"elementor-element elementor-element-d7e0eb9 elementor-widget elementor-widget-heading\" data-id=\"d7e0eb9\" data-element_type=\"widget\" data-widget_type=\"heading.default\">\n\t\t\t\t<div class=\"elementor-widget-container\">\n\t\t\t\t\t<h1 class=\"elementor-heading-title elementor-size-default\">Implantat-Behandlung<\/h1>\t\t\t\t<\/div>\n\t\t\t\t<\/div>\n\t\t\t\t\t<\/div>\n\t\t<\/div>\n\t\t\t\t\t<\/div>\n\t\t<\/section>\n\t\t\t\t<section class=\"elementor-section elementor-top-section elementor-element elementor-element-735d3c8b elementor-section-stretched elementor-section-boxed elementor-section-height-default elementor-section-height-default\" data-id=\"735d3c8b\" data-element_type=\"section\" data-settings=\"{&quot;stretch_section&quot;:&quot;section-stretched&quot;,&quot;background_background&quot;:&quot;classic&quot;}\">\n\t\t\t\t\t\t\t<div class=\"elementor-background-overlay\"><\/div>\n\t\t\t\t\t\t\t<div class=\"elementor-container elementor-column-gap-default\">\n\t\t\t\t\t<div class=\"elementor-column elementor-col-50 elementor-top-column elementor-element elementor-element-7e79e266\" data-id=\"7e79e266\" data-element_type=\"column\">\n\t\t\t<div class=\"elementor-widget-wrap elementor-element-populated\">\n\t\t\t\t\t\t<div class=\"elementor-element elementor-element-3f44e31 elementor-widget elementor-widget-text-editor\" data-id=\"3f44e31\" data-element_type=\"widget\" data-widget_type=\"text-editor.default\">\n\t\t\t\t<div class=\"elementor-widget-container\">\n\t\t\t\t\t\t\t\t\t<h2><strong>Was ist eine Behandlung mit Zahnimplantaten?<\/strong><\/h2>\n<p>Bei der Behandlung mit Zahnimplantaten werden k\u00fcnstliche Zahnwurzeln eingesetzt, um fehlende Z\u00e4hne zu ersetzen. Diese Behandlung zielt darauf ab, die Funktion und \u00c4sthetik der verlorenen Z\u00e4hne wiederherzustellen. Zahnimplantate bestehen aus Titanschrauben, die in den Kieferknochen eingepflanzt werden und ein stabiles Fundament f\u00fcr die Befestigung der Zahnprothese bilden. Eine Implantatbehandlung l\u00f6st nicht nur die \u00e4sthetischen und funktionellen Probleme, die durch fehlende Z\u00e4hne verursacht werden, sondern verhindert auch den Abbau des Kieferknochens.   <\/p>\n<p>Die Implantatbehandlung erfolgt in der Regel in mehreren Schritten. In der ersten Phase wird das Implantat in den Kieferknochen eingesetzt. Es dauert einige Monate, bis das Implantat mit dem Knochen verwachsen ist. In der zweiten Phase wird die Zahnprothese auf dem Implantat befestigt. Die Dauer und die Besonderheiten des Behandlungsprozesses k\u00f6nnen je nach den individuellen Bed\u00fcrfnissen des Patienten und dem Zustand des Kieferknochens variieren.   <\/p>\n<h2><strong>Vorteile einer Implantatbehandlung<\/strong><\/h2>\n<p>Eine Implantatbehandlung hat viele Vorteile. Erstens bieten Implantate die L\u00f6sung, die den nat\u00fcrlichen Z\u00e4hnen am n\u00e4chsten kommt. Da die Titanschrauben mit dem Kieferknochen verwachsen, sind sie extrem stark und haltbar, so dass Implantate bequem wie nat\u00fcrliche Z\u00e4hne verwendet werden k\u00f6nnen. Au\u00dferdem bieten Implantate hervorragende \u00e4sthetische Ergebnisse. Prothesenz\u00e4hne, die den nat\u00fcrlichen Z\u00e4hnen nachempfunden sind, bieten ein nat\u00fcrliches Aussehen.    <\/p>\n<p>Ein weiterer bedeutender Vorteil ist, dass Implantate die Resorption des Kieferknochens verhindern. Der Kieferknochen baut sich mit der Zeit ab, wenn Z\u00e4hne fehlen. Implantate stimulieren jedoch den Kieferknochen und unterst\u00fctzen seine Gesundheit. Dies hilft, die Gesichtsstruktur zu erhalten und verhindert, dass sich der Kiefer zur\u00fcckbildet.   <\/p>\n<h2><strong>Etappen der Implantatbehandlung<\/strong><\/h2>\n<p>Die Implantatbehandlung besteht aus mehreren Phasen, die jeweils sorgf\u00e4ltig geplant werden. Der erste Schritt ist die Behandlungsplanung. In dieser Phase beurteilt der Zahnarzt den Zustand des Kieferknochens des Patienten und erstellt einen geeigneten Plan f\u00fcr die Implantation. Um den Zustand des Kieferknochens zu untersuchen, werden die erforderlichen R\u00f6ntgenaufnahmen und CT-Scans angefertigt.   <\/p>\n<p>Der zweite Schritt ist das Einsetzen des Implantats. In dieser Phase wird eine Titanschraube in den Kieferknochen eingesetzt. Dieser Eingriff wird in der Regel unter \u00f6rtlicher Bet\u00e4ubung durchgef\u00fchrt und ist schmerzfrei. Es dauert 3 bis 6 Monate, bis das Implantat mit dem Knochen verwachsen ist. W\u00e4hrend dieser Zeit bildet sich um das Implantat herum neuer Knochen, der es sicher im Kieferknochen verankert.    <\/p>\n<p>Die dritte Phase umfasst das Einsetzen des prothetischen Zahns. Nachdem das Implantat mit dem Knochen verwachsen ist, wird ein Zwischenst\u00fcck, das sogenannte Abutment, auf dem Implantat befestigt. Dann wird der prothetische Zahn auf diesem Abutment befestigt. Der prothetische Zahn wird so gestaltet, dass er zu den nat\u00fcrlichen Z\u00e4hnen des Patienten passt und ein hervorragendes \u00e4sthetisches Ergebnis liefert.   <\/p>\n<h2><strong>Dauer und Erfolgsrate der Implantatbehandlung<\/strong><\/h2>\n<p>Die Dauer der Implantatbehandlung h\u00e4ngt vom Zustand des Kieferknochens des Patienten und der Stelle ab, an der das Implantat eingesetzt werden soll. Im Allgemeinen dauert es 3 bis 6 Monate, bis sich das Implantat in den Knochen integriert hat. Nach dieser Zeit wird die Zahnprothese eingesetzt und die Behandlung ist abgeschlossen. In einigen F\u00e4llen, wenn der Kieferknochen nicht stark genug ist, k\u00f6nnen jedoch zus\u00e4tzliche Behandlungen wie ein Knochentransplantat erforderlich sein, wodurch sich die Behandlungsdauer verl\u00e4ngert.   <\/p>\n<p>Die Erfolgsquote der Implantatbehandlung ist recht hoch. Wenn sie unter angemessenen Bedingungen und von einem erfahrenen Zahnarzt durchgef\u00fchrt wird, liegt die Erfolgsquote der Implantatbehandlung zwischen 95-98%. Damit die Implantate lange halten, ist es wichtig, dass die Patienten ihre Mundhygiene aufrechterhalten und regelm\u00e4\u00dfig zur zahn\u00e4rztlichen Untersuchung gehen.  <\/p>\n<h2><strong>Wer ist f\u00fcr eine Implantatbehandlung geeignet?<\/strong><\/h2>\n<p>Eine Implantatbehandlung ist im Allgemeinen f\u00fcr Menschen mit gesundem Zahnfleisch und ausreichendem Kieferknochen geeignet. In einigen F\u00e4llen kann der Kieferknochen jedoch nicht ausreichend sein. In solchen F\u00e4llen werden zus\u00e4tzliche Behandlungen wie Knochentransplantation oder Sinuslift durchgef\u00fchrt, um den Kieferknochen zu st\u00e4rken und die Implantation zu erm\u00f6glichen.  <\/p>\n<p>Au\u00dferdem k\u00f6nnen bestimmte gesundheitliche Probleme wie Rauchen, Diabetes und St\u00f6rungen des Immunsystems den Erfolg einer Implantatbehandlung beeintr\u00e4chtigen. Daher wird vor Beginn der Implantatbehandlung der allgemeine Gesundheitszustand der Patienten beurteilt und ein entsprechender Behandlungsplan erstellt. <\/p>\n<h2><strong>Pflege und Langlebigkeit von Implantaten<\/strong><\/h2>\n<p>Damit Implantate lange halten, ist eine gute Mundhygiene \u00e4u\u00dferst wichtig. Implantate sollten regelm\u00e4\u00dfig geputzt und Zahnseide verwendet werden, genau wie nat\u00fcrliche Z\u00e4hne. Au\u00dferdem sollten die vom Zahnarzt empfohlenen regelm\u00e4\u00dfigen Kontrolluntersuchungen nicht ausgelassen werden. Regelm\u00e4\u00dfige zahn\u00e4rztliche Untersuchungen helfen, die Gesundheit der Implantate und des umliegenden Gewebes zu erhalten.   <\/p>\n<p>Bei richtiger Pflege und regelm\u00e4\u00dfigen Kontrolluntersuchungen k\u00f6nnen Implantate \u00fcber 30 Jahre halten. Dies zeigt, dass Implantate eine der effektivsten Langzeitl\u00f6sungen f\u00fcr die Behandlung von Zahnverlust sind. <\/p>\n<h2><strong>Nebenwirkungen und Risiken einer Implantatbehandlung<\/strong><\/h2>\n<p>Obwohl die Implantatbehandlung im Allgemeinen eine sichere Methode ist, birgt sie, wie jeder chirurgische Eingriff, einige Risiken und Nebenwirkungen. Leichte Schmerzen, Schwellungen und Bluterg\u00fcsse k\u00f6nnen nach dem Einsetzen des Implantats auftreten. Diese Nebenwirkungen klingen in der Regel innerhalb weniger Tage von selbst ab.  <\/p>\n<p>In seltenen F\u00e4llen kann es zu Komplikationen kommen, z. B. wenn das Implantat nicht mit dem Knochen verw\u00e4chst oder sich infiziert. In solchen F\u00e4llen wird das Implantat entfernt, die notwendige Behandlung durchgef\u00fchrt und ein neues Implantat eingesetzt. Der Erfolg einer Implantatbehandlung h\u00e4ngt direkt von der Erfahrung des Zahnarztes und der Aufmerksamkeit des Patienten f\u00fcr die Mundhygiene ab.  <\/p>\n<p>Die Implantatbehandlung ist eine zahnmedizinische Methode, die den nat\u00fcrlichen Z\u00e4hnen am n\u00e4chsten kommt und lang anhaltende Ergebnisse bietet. Diese Behandlung, die hervorragende \u00e4sthetische und funktionelle Ergebnisse liefert, verhindert den Abbau des Kieferknochens und verbessert die Lebensqualit\u00e4t der Patienten. Die Implantatbehandlung bietet eine zuverl\u00e4ssige und effektive L\u00f6sung f\u00fcr Menschen mit fehlenden Z\u00e4hnen.  <\/p>\n\t\t\t\t\t\t\t\t<\/div>\n\t\t\t\t<\/div>\n\t\t\t\t\t<\/div>\n\t\t<\/div>\n\t\t\t\t<div class=\"elementor-column elementor-col-50 elementor-top-column elementor-element elementor-element-4adcc0a\" data-id=\"4adcc0a\" data-element_type=\"column\">\n\t\t\t<div class=\"elementor-widget-wrap elementor-element-populated\">\n\t\t\t\t\t\t<div class=\"elementor-element elementor-element-634beec elementor-widget elementor-widget-heading\" data-id=\"634beec\" data-element_type=\"widget\" data-widget_type=\"heading.default\">\n\t\t\t\t<div class=\"elementor-widget-container\">\n\t\t\t\t\t<h3 class=\"elementor-heading-title elementor-size-default\">Dienstleistungen<\/h3>\t\t\t\t<\/div>\n\t\t\t\t<\/div>\n\t\t\t\t<div class=\"elementor-element elementor-element-b7907d2 elementor-nav-menu--dropdown-tablet elementor-nav-menu__text-align-aside elementor-widget elementor-widget-nav-menu\" data-id=\"b7907d2\" data-element_type=\"widget\" data-settings=\"{&quot;layout&quot;:&quot;vertical&quot;,&quot;sticky&quot;:&quot;top&quot;,&quot;sticky_on&quot;:[&quot;desktop&quot;,&quot;tablet&quot;],&quot;sticky_offset&quot;:25,&quot;sticky_parent&quot;:&quot;yes&quot;,&quot;submenu_icon&quot;:{&quot;value&quot;:&quot;&lt;svg class=\\&quot;e-font-icon-svg e-fas-caret-down\\&quot; viewBox=\\&quot;0 0 320 512\\&quot; xmlns=\\&quot;http:\\\/\\\/www.w3.org\\\/2000\\\/svg\\&quot;&gt;&lt;path d=\\&quot;M31.3 192h257.3c17.8 0 26.7 21.5 14.1 34.1L174.1 354.8c-7.8 7.8-20.5 7.8-28.3 0L17.2 226.1C4.6 213.5 13.5 192 31.3 192z\\&quot;&gt;&lt;\\\/path&gt;&lt;\\\/svg&gt;&quot;,&quot;library&quot;:&quot;fa-solid&quot;},&quot;sticky_effects_offset&quot;:0,&quot;sticky_anchor_link_offset&quot;:0}\" data-widget_type=\"nav-menu.default\">\n\t\t\t\t<div class=\"elementor-widget-container\">\n\t\t\t\t\t\t\t\t<nav aria-label=\"Menu\" class=\"elementor-nav-menu--main elementor-nav-menu__container elementor-nav-menu--layout-vertical e--pointer-underline e--animation-fade\">\n\t\t\t\t<ul id=\"menu-1-b7907d2\" class=\"elementor-nav-menu sm-vertical\"><li class=\"menu-item menu-item-type-post_type menu-item-object-page menu-item-14755\"><a href=\"https:\/\/gurkankorkmaz.com\/de\/konservative-behandlung\/\" class=\"elementor-item\">Konservative Behandlung<\/a><\/li>\n<li class=\"menu-item menu-item-type-post_type menu-item-object-page menu-item-14756\"><a href=\"https:\/\/gurkankorkmaz.com\/de\/implantat-behandlung\/\" class=\"elementor-item\">Implantat-Behandlung<\/a><\/li>\n<li class=\"menu-item menu-item-type-post_type menu-item-object-page menu-item-14757\"><a href=\"https:\/\/gurkankorkmaz.com\/de\/laminat-furniere\/\" class=\"elementor-item\">Laminat-Furniere<\/a><\/li>\n<li class=\"menu-item menu-item-type-post_type menu-item-object-page menu-item-14758\"><a href=\"https:\/\/gurkankorkmaz.com\/de\/nicht-vorbereiten\/\" class=\"elementor-item\">Nicht vorbereiten<\/a><\/li>\n<li class=\"menu-item menu-item-type-post_type menu-item-object-page menu-item-14759\"><a href=\"https:\/\/gurkankorkmaz.com\/de\/onley-inlay-porzellan-fuellungen\/\" class=\"elementor-item\">Onley &#8211; Inlay-Porzellan-F\u00fcllungen<\/a><\/li>\n<li class=\"menu-item menu-item-type-post_type menu-item-object-page menu-item-14760\"><a href=\"https:\/\/gurkankorkmaz.com\/de\/kieferorthopaedie\/\" class=\"elementor-item\">Kieferorthop\u00e4die<\/a><\/li>\n<li class=\"menu-item menu-item-type-post_type menu-item-object-page menu-item-14761\"><a href=\"https:\/\/gurkankorkmaz.com\/de\/parodontoloji\/\" class=\"elementor-item\">Parodontoloji<\/a><\/li>\n<li class=\"menu-item menu-item-type-post_type menu-item-object-page menu-item-14762\"><a href=\"https:\/\/gurkankorkmaz.com\/de\/zahnwurzelbehandlung\/\" class=\"elementor-item\">Zahnwurzelbehandlung<\/a><\/li>\n<li class=\"menu-item menu-item-type-post_type menu-item-object-page menu-item-14763\"><a href=\"https:\/\/gurkankorkmaz.com\/de\/zahnaufhellung\/\" class=\"elementor-item\">Zahnaufhellung<\/a><\/li>\n<\/ul>\t\t\t<\/nav>\n\t\t\t\t\t\t<nav class=\"elementor-nav-menu--dropdown elementor-nav-menu__container\" aria-hidden=\"true\">\n\t\t\t\t<ul id=\"menu-2-b7907d2\" class=\"elementor-nav-menu sm-vertical\"><li class=\"menu-item menu-item-type-post_type menu-item-object-page menu-item-14755\"><a href=\"https:\/\/gurkankorkmaz.com\/de\/konservative-behandlung\/\" class=\"elementor-item\" tabindex=\"-1\">Konservative Behandlung<\/a><\/li>\n<li class=\"menu-item menu-item-type-post_type menu-item-object-page menu-item-14756\"><a href=\"https:\/\/gurkankorkmaz.com\/de\/implantat-behandlung\/\" class=\"elementor-item\" tabindex=\"-1\">Implantat-Behandlung<\/a><\/li>\n<li class=\"menu-item menu-item-type-post_type menu-item-object-page menu-item-14757\"><a href=\"https:\/\/gurkankorkmaz.com\/de\/laminat-furniere\/\" class=\"elementor-item\" tabindex=\"-1\">Laminat-Furniere<\/a><\/li>\n<li class=\"menu-item menu-item-type-post_type menu-item-object-page menu-item-14758\"><a href=\"https:\/\/gurkankorkmaz.com\/de\/nicht-vorbereiten\/\" class=\"elementor-item\" tabindex=\"-1\">Nicht vorbereiten<\/a><\/li>\n<li class=\"menu-item menu-item-type-post_type menu-item-object-page menu-item-14759\"><a href=\"https:\/\/gurkankorkmaz.com\/de\/onley-inlay-porzellan-fuellungen\/\" class=\"elementor-item\" tabindex=\"-1\">Onley &#8211; Inlay-Porzellan-F\u00fcllungen<\/a><\/li>\n<li class=\"menu-item menu-item-type-post_type menu-item-object-page menu-item-14760\"><a href=\"https:\/\/gurkankorkmaz.com\/de\/kieferorthopaedie\/\" class=\"elementor-item\" tabindex=\"-1\">Kieferorthop\u00e4die<\/a><\/li>\n<li class=\"menu-item menu-item-type-post_type menu-item-object-page menu-item-14761\"><a href=\"https:\/\/gurkankorkmaz.com\/de\/parodontoloji\/\" class=\"elementor-item\" tabindex=\"-1\">Parodontoloji<\/a><\/li>\n<li class=\"menu-item menu-item-type-post_type menu-item-object-page menu-item-14762\"><a href=\"https:\/\/gurkankorkmaz.com\/de\/zahnwurzelbehandlung\/\" class=\"elementor-item\" tabindex=\"-1\">Zahnwurzelbehandlung<\/a><\/li>\n<li class=\"menu-item menu-item-type-post_type menu-item-object-page menu-item-14763\"><a href=\"https:\/\/gurkankorkmaz.com\/de\/zahnaufhellung\/\" class=\"elementor-item\" tabindex=\"-1\">Zahnaufhellung<\/a><\/li>\n<\/ul>\t\t\t<\/nav>\n\t\t\t\t\t\t<\/div>\n\t\t\t\t<\/div>\n\t\t\t\t\t<\/div>\n\t\t<\/div>\n\t\t\t\t\t<\/div>\n\t\t<\/section>\n\t\t\t\t<\/div>\n\t\t","protected":false},"excerpt":{"rendered":"<p>Implantat-Behandlung Was ist eine Behandlung mit Zahnimplantaten? Bei der Behandlung mit Zahnimplantaten werden k\u00fcnstliche Zahnwurzeln eingesetzt, um fehlende Z\u00e4hne zu ersetzen. Diese Behandlung zielt darauf ab, die Funktion und \u00c4sthetik der verlorenen Z\u00e4hne wiederherzustellen. Zahnimplantate bestehen aus Titanschrauben, die in den Kieferknochen eingepflanzt werden und ein stabiles Fundament f\u00fcr die Befestigung der Zahnprothese bilden. Eine [&hellip;]<\/p>\n","protected":false},"author":1,"featured_media":0,"parent":0,"menu_order":0,"comment_status":"closed","ping_status":"closed","template":"","meta":{"footnotes":""},"class_list":["post-14539","page","type-page","status-publish","hentry"],"yoast_head":"<!-- This site is optimized with the Yoast SEO plugin v24.5 - https:\/\/yoast.com\/wordpress\/plugins\/seo\/ -->\n<title>Istanbul Implantat-Behandlung - G\u00fcrkan Korkmaz<\/title>\n<meta name=\"robots\" content=\"index, follow, max-snippet:-1, max-image-preview:large, max-video-preview:-1\" \/>\n<link rel=\"canonical\" href=\"https:\/\/gurkankorkmaz.com\/de\/implantat-behandlung\/\" \/>\n<meta property=\"og:locale\" content=\"de_DE\" \/>\n<meta property=\"og:type\" content=\"article\" \/>\n<meta property=\"og:title\" content=\"Istanbul Implantat-Behandlung - G\u00fcrkan Korkmaz\" \/>\n<meta property=\"og:description\" content=\"Implantat-Behandlung Was ist eine Behandlung mit Zahnimplantaten? Bei der Behandlung mit Zahnimplantaten werden k\u00fcnstliche Zahnwurzeln eingesetzt, um fehlende Z\u00e4hne zu ersetzen. Diese Behandlung zielt darauf ab, die Funktion und \u00c4sthetik der verlorenen Z\u00e4hne wiederherzustellen. Zahnimplantate bestehen aus Titanschrauben, die in den Kieferknochen eingepflanzt werden und ein stabiles Fundament f\u00fcr die Befestigung der Zahnprothese bilden. Eine [&hellip;]\" \/>\n<meta property=\"og:url\" content=\"https:\/\/gurkankorkmaz.com\/de\/implantat-behandlung\/\" \/>\n<meta property=\"og:site_name\" content=\"G\u00fcrkan Korkmaz\" \/>\n<meta property=\"article:modified_time\" content=\"2024-12-13T11:59:54+00:00\" \/>\n<meta name=\"twitter:card\" content=\"summary_large_image\" \/>\n<meta name=\"twitter:label1\" content=\"Gesch\u00e4tzte Lesezeit\" \/>\n\t<meta name=\"twitter:data1\" content=\"5\u00a0Minuten\" \/>\n<script type=\"application\/ld+json\" class=\"yoast-schema-graph\">{\"@context\":\"https:\/\/schema.org\",\"@graph\":[{\"@type\":\"WebPage\",\"@id\":\"https:\/\/gurkankorkmaz.com\/de\/implantat-behandlung\/\",\"url\":\"https:\/\/gurkankorkmaz.com\/de\/implantat-behandlung\/\",\"name\":\"Istanbul Implantat-Behandlung - G\u00fcrkan Korkmaz\",\"isPartOf\":{\"@id\":\"https:\/\/gurkankorkmaz.com\/#website\"},\"datePublished\":\"2024-06-11T11:23:02+00:00\",\"dateModified\":\"2024-12-13T11:59:54+00:00\",\"breadcrumb\":{\"@id\":\"https:\/\/gurkankorkmaz.com\/de\/implantat-behandlung\/#breadcrumb\"},\"inLanguage\":\"de\",\"potentialAction\":[{\"@type\":\"ReadAction\",\"target\":[\"https:\/\/gurkankorkmaz.com\/de\/implantat-behandlung\/\"]}]},{\"@type\":\"BreadcrumbList\",\"@id\":\"https:\/\/gurkankorkmaz.com\/de\/implantat-behandlung\/#breadcrumb\",\"itemListElement\":[{\"@type\":\"ListItem\",\"position\":1,\"name\":\"Home\",\"item\":\"https:\/\/gurkankorkmaz.com\/tr\/\"},{\"@type\":\"ListItem\",\"position\":2,\"name\":\"Implantat-Behandlung\"}]},{\"@type\":\"WebSite\",\"@id\":\"https:\/\/gurkankorkmaz.com\/#website\",\"url\":\"https:\/\/gurkankorkmaz.com\/\",\"name\":\"G\u00fcrkan Korkmaz\",\"description\":\"Dentist\",\"publisher\":{\"@id\":\"https:\/\/gurkankorkmaz.com\/#organization\"},\"potentialAction\":[{\"@type\":\"SearchAction\",\"target\":{\"@type\":\"EntryPoint\",\"urlTemplate\":\"https:\/\/gurkankorkmaz.com\/?s={search_term_string}\"},\"query-input\":{\"@type\":\"PropertyValueSpecification\",\"valueRequired\":true,\"valueName\":\"search_term_string\"}}],\"inLanguage\":\"de\"},{\"@type\":\"Organization\",\"@id\":\"https:\/\/gurkankorkmaz.com\/#organization\",\"name\":\"G\u00fcrkan Korkmaz\",\"url\":\"https:\/\/gurkankorkmaz.com\/\",\"logo\":{\"@type\":\"ImageObject\",\"inLanguage\":\"de\",\"@id\":\"https:\/\/gurkankorkmaz.com\/#\/schema\/logo\/image\/\",\"url\":\"https:\/\/gurkankorkmaz.com\/wp-content\/uploads\/2024\/06\/Gurkan-Korkmaz2.png\",\"contentUrl\":\"https:\/\/gurkankorkmaz.com\/wp-content\/uploads\/2024\/06\/Gurkan-Korkmaz2.png\",\"width\":3633,\"height\":2613,\"caption\":\"G\u00fcrkan Korkmaz\"},\"image\":{\"@id\":\"https:\/\/gurkankorkmaz.com\/#\/schema\/logo\/image\/\"}}]}<\/script>\n<!-- \/ Yoast SEO plugin. -->","yoast_head_json":{"title":"Istanbul Implantat-Behandlung - G\u00fcrkan Korkmaz","robots":{"index":"index","follow":"follow","max-snippet":"max-snippet:-1","max-image-preview":"max-image-preview:large","max-video-preview":"max-video-preview:-1"},"canonical":"https:\/\/gurkankorkmaz.com\/de\/implantat-behandlung\/","og_locale":"de_DE","og_type":"article","og_title":"Istanbul Implantat-Behandlung - G\u00fcrkan Korkmaz","og_description":"Implantat-Behandlung Was ist eine Behandlung mit Zahnimplantaten? Bei der Behandlung mit Zahnimplantaten werden k\u00fcnstliche Zahnwurzeln eingesetzt, um fehlende Z\u00e4hne zu ersetzen. Diese Behandlung zielt darauf ab, die Funktion und \u00c4sthetik der verlorenen Z\u00e4hne wiederherzustellen. Zahnimplantate bestehen aus Titanschrauben, die in den Kieferknochen eingepflanzt werden und ein stabiles Fundament f\u00fcr die Befestigung der Zahnprothese bilden. Eine [&hellip;]","og_url":"https:\/\/gurkankorkmaz.com\/de\/implantat-behandlung\/","og_site_name":"G\u00fcrkan Korkmaz","article_modified_time":"2024-12-13T11:59:54+00:00","twitter_card":"summary_large_image","twitter_misc":{"Gesch\u00e4tzte Lesezeit":"5\u00a0Minuten"},"schema":{"@context":"https:\/\/schema.org","@graph":[{"@type":"WebPage","@id":"https:\/\/gurkankorkmaz.com\/de\/implantat-behandlung\/","url":"https:\/\/gurkankorkmaz.com\/de\/implantat-behandlung\/","name":"Istanbul Implantat-Behandlung - G\u00fcrkan Korkmaz","isPartOf":{"@id":"https:\/\/gurkankorkmaz.com\/#website"},"datePublished":"2024-06-11T11:23:02+00:00","dateModified":"2024-12-13T11:59:54+00:00","breadcrumb":{"@id":"https:\/\/gurkankorkmaz.com\/de\/implantat-behandlung\/#breadcrumb"},"inLanguage":"de","potentialAction":[{"@type":"ReadAction","target":["https:\/\/gurkankorkmaz.com\/de\/implantat-behandlung\/"]}]},{"@type":"BreadcrumbList","@id":"https:\/\/gurkankorkmaz.com\/de\/implantat-behandlung\/#breadcrumb","itemListElement":[{"@type":"ListItem","position":1,"name":"Home","item":"https:\/\/gurkankorkmaz.com\/tr\/"},{"@type":"ListItem","position":2,"name":"Implantat-Behandlung"}]},{"@type":"WebSite","@id":"https:\/\/gurkankorkmaz.com\/#website","url":"https:\/\/gurkankorkmaz.com\/","name":"G\u00fcrkan Korkmaz","description":"Dentist","publisher":{"@id":"https:\/\/gurkankorkmaz.com\/#organization"},"potentialAction":[{"@type":"SearchAction","target":{"@type":"EntryPoint","urlTemplate":"https:\/\/gurkankorkmaz.com\/?s={search_term_string}"},"query-input":{"@type":"PropertyValueSpecification","valueRequired":true,"valueName":"search_term_string"}}],"inLanguage":"de"},{"@type":"Organization","@id":"https:\/\/gurkankorkmaz.com\/#organization","name":"G\u00fcrkan Korkmaz","url":"https:\/\/gurkankorkmaz.com\/","logo":{"@type":"ImageObject","inLanguage":"de","@id":"https:\/\/gurkankorkmaz.com\/#\/schema\/logo\/image\/","url":"https:\/\/gurkankorkmaz.com\/wp-content\/uploads\/2024\/06\/Gurkan-Korkmaz2.png","contentUrl":"https:\/\/gurkankorkmaz.com\/wp-content\/uploads\/2024\/06\/Gurkan-Korkmaz2.png","width":3633,"height":2613,"caption":"G\u00fcrkan Korkmaz"},"image":{"@id":"https:\/\/gurkankorkmaz.com\/#\/schema\/logo\/image\/"}}]}},"_links":{"self":[{"href":"https:\/\/gurkankorkmaz.com\/de\/wp-json\/wp\/v2\/pages\/14539","targetHints":{"allow":["GET"]}}],"collection":[{"href":"https:\/\/gurkankorkmaz.com\/de\/wp-json\/wp\/v2\/pages"}],"about":[{"href":"https:\/\/gurkankorkmaz.com\/de\/wp-json\/wp\/v2\/types\/page"}],"author":[{"embeddable":true,"href":"https:\/\/gurkankorkmaz.com\/de\/wp-json\/wp\/v2\/users\/1"}],"replies":[{"embeddable":true,"href":"https:\/\/gurkankorkmaz.com\/de\/wp-json\/wp\/v2\/comments?post=14539"}],"version-history":[{"count":1,"href":"https:\/\/gurkankorkmaz.com\/de\/wp-json\/wp\/v2\/pages\/14539\/revisions"}],"predecessor-version":[{"id":14542,"href":"https:\/\/gurkankorkmaz.com\/de\/wp-json\/wp\/v2\/pages\/14539\/revisions\/14542"}],"wp:attachment":[{"href":"https:\/\/gurkankorkmaz.com\/de\/wp-json\/wp\/v2\/media?parent=14539"}],"curies":[{"name":"wp","href":"https:\/\/api.w.org\/{rel}","templated":true}]}}