{"id":14506,"date":"2021-03-30T10:59:05","date_gmt":"2021-03-30T10:59:05","guid":{"rendered":"https:\/\/gurkankorkmaz.com\/konservative-behandlung\/"},"modified":"2024-12-13T11:58:40","modified_gmt":"2024-12-13T11:58:40","slug":"konservative-behandlung","status":"publish","type":"page","link":"https:\/\/gurkankorkmaz.com\/de\/konservative-behandlung\/","title":{"rendered":"Konservative Behandlung"},"content":{"rendered":"\t\t<div data-elementor-type=\"wp-page\" data-elementor-id=\"14506\" class=\"elementor elementor-14506 elementor-534\" data-elementor-post-type=\"page\">\n\t\t\t\t\t\t<section class=\"elementor-section elementor-top-section elementor-element elementor-element-427781ed elementor-section-stretched elementor-section-content-middle elementor-section-boxed elementor-section-height-default elementor-section-height-default\" data-id=\"427781ed\" data-element_type=\"section\" data-e-type=\"section\" data-settings=\"{&quot;stretch_section&quot;:&quot;section-stretched&quot;,&quot;background_background&quot;:&quot;classic&quot;}\">\n\t\t\t\t\t\t\t<div class=\"elementor-background-overlay\"><\/div>\n\t\t\t\t\t\t\t<div class=\"elementor-container elementor-column-gap-default\">\n\t\t\t\t\t<div class=\"elementor-column elementor-col-100 elementor-top-column elementor-element elementor-element-3ba97320\" data-id=\"3ba97320\" data-element_type=\"column\" data-e-type=\"column\">\n\t\t\t<div class=\"elementor-widget-wrap elementor-element-populated\">\n\t\t\t\t\t\t<div class=\"elementor-element elementor-element-d7e0eb9 elementor-widget elementor-widget-heading\" data-id=\"d7e0eb9\" data-element_type=\"widget\" data-e-type=\"widget\" data-widget_type=\"heading.default\">\n\t\t\t\t<div class=\"elementor-widget-container\">\n\t\t\t\t\t<h1 class=\"elementor-heading-title elementor-size-default\">Konservative Behandlung<\/h1>\t\t\t\t<\/div>\n\t\t\t\t<\/div>\n\t\t\t\t\t<\/div>\n\t\t<\/div>\n\t\t\t\t\t<\/div>\n\t\t<\/section>\n\t\t\t\t<section class=\"elementor-section elementor-top-section elementor-element elementor-element-735d3c8b elementor-section-stretched elementor-section-boxed elementor-section-height-default elementor-section-height-default\" data-id=\"735d3c8b\" data-element_type=\"section\" data-e-type=\"section\" data-settings=\"{&quot;stretch_section&quot;:&quot;section-stretched&quot;,&quot;background_background&quot;:&quot;classic&quot;}\">\n\t\t\t\t\t\t\t<div class=\"elementor-background-overlay\"><\/div>\n\t\t\t\t\t\t\t<div class=\"elementor-container elementor-column-gap-default\">\n\t\t\t\t\t<div class=\"elementor-column elementor-col-50 elementor-top-column elementor-element elementor-element-7e79e266\" data-id=\"7e79e266\" data-element_type=\"column\" data-e-type=\"column\">\n\t\t\t<div class=\"elementor-widget-wrap elementor-element-populated\">\n\t\t\t\t\t\t<div class=\"elementor-element elementor-element-3f44e31 elementor-widget elementor-widget-text-editor\" data-id=\"3f44e31\" data-element_type=\"widget\" data-e-type=\"widget\" data-widget_type=\"text-editor.default\">\n\t\t\t\t<div class=\"elementor-widget-container\">\n\t\t\t\t\t\t\t\t\t<h2><strong>Was ist eine konservierende Zahnbehandlung?<\/strong><\/h2>\n<p>Die <strong>konservative Zahnbehandlung<\/strong> umfasst Methoden, die darauf abzielen, die Zahngesundheit zu erhalten und Zahnverlust zu verhindern. Diese Behandlung konzentriert sich darauf, Karies, Zahnfrakturen und andere Zahnsch\u00e4den mit minimalen Eingriffen zu reparieren. Die konservative Behandlung zielt darauf ab, die nat\u00fcrliche Struktur der Z\u00e4hne sowohl in \u00e4sthetischer als auch in funktioneller Hinsicht zu erhalten.  <\/p>\n<p>Die konservative Zahnbehandlung umfasst in der Regel verschiedene Methoden wie Zahnf\u00fcllungen, Wurzelbehandlungen und pr\u00e4ventive Anwendungen. Diese Behandlungen beruhen auf dem Prinzip, nur den besch\u00e4digten oder kari\u00f6sen Teil des Zahns zu reinigen und zu reparieren. So bleibt der gesunde Teil des Zahns erhalten und seine nat\u00fcrliche Struktur und Funktionalit\u00e4t wird bewahrt.  <\/p>\n<h2><strong>Zahnf\u00fcllungen: Reparatur von kari\u00f6sen und besch\u00e4digten Z\u00e4hnen<\/strong><\/h2>\n<p>Zahnf\u00fcllungen sind eine der h\u00e4ufigsten Methoden der konservativen Zahnbehandlung. Karies oder besch\u00e4digte Z\u00e4hne werden mit F\u00fcllungen repariert. Bei diesem Verfahren wird der kari\u00f6se oder besch\u00e4digte Teil des Zahns gereinigt und mit einem geeigneten F\u00fcllungsmaterial gef\u00fcllt. Auf diese Weise bleiben die nat\u00fcrliche Struktur und Funktion des Zahns erhalten.   <\/p>\n<p>Als F\u00fcllungsmaterialien werden verschiedene Optionen wie Komposit, Amalgam oder Porzellan verwendet. Kompositharz wird wegen seiner \u00c4sthetik bevorzugt, da es der Zahnfarbe entspricht, w\u00e4hrend Amalgamf\u00fcllungen f\u00fcr ihre Haltbarkeit bekannt sind. Porzellanf\u00fcllungen sind eine langlebige und \u00e4sthetisch hervorragende Option.  <\/p>\n<h2><strong>Wurzelkanalbehandlung: Die Rettung infizierter Z\u00e4hne<\/strong><\/h2>\n<p>Bei der Wurzelkanalbehandlung wird das infizierte oder abgestorbene Nervengewebe in der Zahnwurzel entfernt und die Wurzelkan\u00e4le gereinigt und gef\u00fcllt. Diese Behandlung wird durchgef\u00fchrt, um eine Zahnextraktion zu verhindern und die nat\u00fcrliche Struktur des Zahns zu erhalten. Die Wurzelbehandlung verhindert die Ausbreitung der Infektion, lindert die Schmerzen und stellt die Funktion des Zahns wieder her.  <\/p>\n<p>Eine Wurzelkanalbehandlung erfordert in der Regel eine oder zwei Sitzungen. In der ersten Sitzung werden die Wurzelkan\u00e4le gereinigt und desinfiziert. In der zweiten Sitzung werden die Wurzelkan\u00e4le mit einem geeigneten F\u00fcllmaterial gef\u00fcllt und eine sch\u00fctzende F\u00fcllung oder Krone auf den Zahn gesetzt.  <\/p>\n<h2><strong>Vorbeugende Anwendungen: Schutz der Zahngesundheit<\/strong><\/h2>\n<p>Die pr\u00e4ventive Zahnbehandlung umfasst Anwendungen zur Vorbeugung von Karies und anderen Zahnproblemen. Zu diesen Anwendungen geh\u00f6ren Fluoridbehandlungen, Fissurenversiegelungen und Zahnreinigungen. Vorbeugende Behandlungen tragen dazu bei, die Z\u00e4hne gesund zu halten und die Bildung von Karies zu verhindern.  <\/p>\n<p>Eine Fluoridbehandlung st\u00e4rkt den Zahnschmelz und verhindert die Bildung von Karies. Fissurenversiegelungen decken die tiefen Fissuren und Rillen auf den Kaufl\u00e4chen der Z\u00e4hne ab und verhindern so Karies. Regelm\u00e4\u00dfige Zahnreinigung und Kontrolluntersuchungen spielen eine entscheidende Rolle bei der Erhaltung der Zahngesundheit.  <\/p>\n<h2><strong>\u00c4sthetische F\u00fcllungen: Nat\u00fcrlich aussehende Reparaturen<\/strong><\/h2>\n<p>\u00c4sthetische F\u00fcllungen sorgen f\u00fcr die Reparatur von Z\u00e4hnen, w\u00e4hrend ihr nat\u00fcrliches Aussehen erhalten bleibt. Diese F\u00fcllungen werden aus zahnfarbenen Materialien wie Kompositharz oder Porzellan hergestellt. \u00c4sthetische F\u00fcllungen werden vor allem f\u00fcr die Frontz\u00e4hne bevorzugt, da sie ein hervorragendes Ergebnis in Bezug auf das Aussehen bieten.  <\/p>\n<p>Komposit-F\u00fcllungen sorgen f\u00fcr ein nat\u00fcrliches Aussehen, indem sie auf den kari\u00f6sen oder besch\u00e4digten Teil des Zahns aufgebracht werden. Porzellanf\u00fcllungen sind f\u00fcr ihre Haltbarkeit und ihr \u00e4sthetisches Erscheinungsbild bekannt. Beide Materialien liefern erfolgreiche Ergebnisse, indem sie die nat\u00fcrliche Struktur des Zahns \u00e4sthetisch und funktionell bewahren.  <\/p>\n<h2><strong>Minimalinvasive Zahnbehandlung: Weniger Eingriffe, mehr Erhalt<\/strong><\/h2>\n<p>Die minimalinvasive Zahnbehandlung zielt darauf ab, die nat\u00fcrliche Struktur des Zahns mit dem geringsten Schaden zu erhalten. Diese Behandlung zielt darauf ab, nur den kari\u00f6sen oder besch\u00e4digten Teil zu reinigen und dabei das gesunde Gewebe so weit wie m\u00f6glich zu erhalten. Eine minimalinvasive Behandlung verbessert die Haltbarkeit und Funktion des Zahns.  <\/p>\n<p>Dieser Ansatz wird in der Regel mit modernen Technologien wie Laser oder Air Abrasion angewendet. Mit diesen Technologien wird der besch\u00e4digte Teil des Zahns pr\u00e4zise gereinigt, w\u00e4hrend das gesunde Gewebe erhalten bleibt. Eine minimalinvasive Zahnbehandlung erh\u00f6ht den Patientenkomfort und verk\u00fcrzt die Genesungszeit.  <\/p>\n<h2><strong>Vorteile einer konservierenden Zahnbehandlung<\/strong><\/h2>\n<p>Eine konservative Zahnbehandlung bietet viele Vorteile f\u00fcr den Schutz der Zahngesundheit und die Vermeidung von Zahnverlust. Diese Behandlungsmethoden bieten sowohl \u00e4sthetisch als auch funktionell hervorragende Ergebnisse, da die nat\u00fcrliche Struktur des Zahns erhalten bleibt. Eine konservative Behandlung tr\u00e4gt auch zur Erhaltung der Mundgesundheit bei, indem sie Zahnverluste verhindert.  <\/p>\n<p>Eine konservative zahn\u00e4rztliche Behandlung erh\u00f6ht die Haltbarkeit des Zahns, indem der gesunde Teil mit minimalen Eingriffen erhalten wird. Diese Behandlung verbessert die Lebensqualit\u00e4t der Patienten, da die nat\u00fcrliche Struktur und das \u00e4sthetische Aussehen des Zahns erhalten bleiben. Au\u00dferdem erfordern konservative Behandlungen in der Regel k\u00fcrzere Behandlungszeiten und weniger Kosten.<\/p>\n<h2><strong>Patientenkomfort bei konservierender Zahnbehandlung<\/strong><\/h2>\n<p>Die konservative Zahnbehandlung bietet Methoden, die den Patientenkomfort erh\u00f6hen. Diese Behandlung wird mit minimalinvasiven Methoden und modernen Technologien durchgef\u00fchrt. Der Behandlungsprozess ist somit schneller und weniger schmerzhaft. Konservative Behandlungen verk\u00fcrzen auch die Genesungszeit, so dass die Patienten schneller in ihr t\u00e4gliches Leben zur\u00fcckkehren k\u00f6nnen.<\/p>\n<p>Konservative Behandlungen wie Zahnf\u00fcllungen, Wurzelbehandlungen und pr\u00e4ventive Anwendungen erh\u00f6hen die Zufriedenheit der Patienten. Diese Behandlungsmethoden liefern erfolgreiche Ergebnisse sowohl in \u00e4sthetischer als auch in funktioneller Hinsicht, so dass sich die Patienten besser f\u00fchlen. Au\u00dferdem tr\u00e4gt eine konservative Zahnbehandlung zum Schutz der Zahngesundheit und zur Verbesserung der Mundhygiene bei.<\/p>\n<h2><strong>Moderne Technologien in der konservierenden Zahnbehandlung<\/strong><\/h2>\n<p>Moderne Technologien spielen bei der konservierenden Zahnbehandlung eine wichtige Rolle. Technologien wie Laserbehandlung, Airabrasion und digitale Bildgebung erm\u00f6glichen eine minimalinvasive Behandlung, bei der die nat\u00fcrliche Struktur des Zahns erhalten bleibt. Diese Technologien beschleunigen den Behandlungsprozess und erh\u00f6hen den Patientenkomfort.<\/p>\n<p>Mit der Laserbehandlung werden Karies und Zahnfleischerkrankungen pr\u00e4zise behandelt. Die Luftabtragung reinigt den besch\u00e4digten Teil des Zahns, w\u00e4hrend das gesunde Gewebe erhalten bleibt. Die digitale Bildgebung erm\u00f6glicht eine detaillierte Untersuchung der Z\u00e4hne und erleichtert eine genaue Diagnose. Moderne Technologien verbessern den Erfolg der konservativen Zahnbehandlung und sorgen f\u00fcr die Zufriedenheit der Patienten.<\/p>\n<p>Wir haben verschiedene Aspekte der konservativen Zahnbehandlung behandelt. Diese Behandlungsmethoden, die darauf abzielen, die Zahngesundheit zu sch\u00fctzen und Zahnverlust zu verhindern, bieten sowohl \u00e4sthetisch als auch funktionell hervorragende Ergebnisse. Eine konservative Zahnbehandlung verbessert die Lebensqualit\u00e4t der Patienten, indem die nat\u00fcrliche Struktur der Z\u00e4hne erhalten bleibt.<\/p>\n\t\t\t\t\t\t\t\t<\/div>\n\t\t\t\t<\/div>\n\t\t\t\t\t<\/div>\n\t\t<\/div>\n\t\t\t\t<div class=\"elementor-column elementor-col-50 elementor-top-column elementor-element elementor-element-4adcc0a\" data-id=\"4adcc0a\" data-element_type=\"column\" data-e-type=\"column\">\n\t\t\t<div class=\"elementor-widget-wrap elementor-element-populated\">\n\t\t\t\t\t\t<div class=\"elementor-element elementor-element-634beec elementor-widget elementor-widget-heading\" data-id=\"634beec\" data-element_type=\"widget\" data-e-type=\"widget\" data-widget_type=\"heading.default\">\n\t\t\t\t<div class=\"elementor-widget-container\">\n\t\t\t\t\t<h3 class=\"elementor-heading-title elementor-size-default\">Dienstleistungen<\/h3>\t\t\t\t<\/div>\n\t\t\t\t<\/div>\n\t\t\t\t<div class=\"elementor-element elementor-element-b7907d2 elementor-nav-menu--dropdown-tablet elementor-nav-menu__text-align-aside elementor-widget elementor-widget-nav-menu\" data-id=\"b7907d2\" data-element_type=\"widget\" data-e-type=\"widget\" data-settings=\"{&quot;layout&quot;:&quot;vertical&quot;,&quot;sticky&quot;:&quot;top&quot;,&quot;sticky_on&quot;:[&quot;desktop&quot;,&quot;tablet&quot;],&quot;sticky_offset&quot;:25,&quot;sticky_parent&quot;:&quot;yes&quot;,&quot;submenu_icon&quot;:{&quot;value&quot;:&quot;&lt;svg class=\\&quot;e-font-icon-svg e-fas-caret-down\\&quot; viewBox=\\&quot;0 0 320 512\\&quot; xmlns=\\&quot;http:\\\/\\\/www.w3.org\\\/2000\\\/svg\\&quot;&gt;&lt;path d=\\&quot;M31.3 192h257.3c17.8 0 26.7 21.5 14.1 34.1L174.1 354.8c-7.8 7.8-20.5 7.8-28.3 0L17.2 226.1C4.6 213.5 13.5 192 31.3 192z\\&quot;&gt;&lt;\\\/path&gt;&lt;\\\/svg&gt;&quot;,&quot;library&quot;:&quot;fa-solid&quot;},&quot;sticky_effects_offset&quot;:0,&quot;sticky_anchor_link_offset&quot;:0}\" data-widget_type=\"nav-menu.default\">\n\t\t\t\t<div class=\"elementor-widget-container\">\n\t\t\t\t\t\t\t\t<nav aria-label=\"Menu\" class=\"elementor-nav-menu--main elementor-nav-menu__container elementor-nav-menu--layout-vertical e--pointer-underline e--animation-fade\">\n\t\t\t\t<ul id=\"menu-1-b7907d2\" class=\"elementor-nav-menu sm-vertical\"><li class=\"menu-item menu-item-type-post_type menu-item-object-page menu-item-14755\"><a href=\"https:\/\/gurkankorkmaz.com\/de\/konservative-behandlung\/\" class=\"elementor-item\">Konservative Behandlung<\/a><\/li>\n<li class=\"menu-item menu-item-type-post_type menu-item-object-page menu-item-14756\"><a href=\"https:\/\/gurkankorkmaz.com\/de\/implantat-behandlung\/\" class=\"elementor-item\">Implantat-Behandlung<\/a><\/li>\n<li class=\"menu-item menu-item-type-post_type menu-item-object-page menu-item-14757\"><a href=\"https:\/\/gurkankorkmaz.com\/de\/laminat-furniere\/\" class=\"elementor-item\">Laminat-Furniere<\/a><\/li>\n<li class=\"menu-item menu-item-type-post_type menu-item-object-page menu-item-14758\"><a href=\"https:\/\/gurkankorkmaz.com\/de\/nicht-vorbereiten\/\" class=\"elementor-item\">Nicht vorbereiten<\/a><\/li>\n<li class=\"menu-item menu-item-type-post_type menu-item-object-page menu-item-14759\"><a href=\"https:\/\/gurkankorkmaz.com\/de\/onley-inlay-porzellan-fuellungen\/\" class=\"elementor-item\">Onley &#8211; Inlay-Porzellan-F\u00fcllungen<\/a><\/li>\n<li class=\"menu-item menu-item-type-post_type menu-item-object-page menu-item-14760\"><a href=\"https:\/\/gurkankorkmaz.com\/de\/kieferorthopaedie\/\" class=\"elementor-item\">Kieferorthop\u00e4die<\/a><\/li>\n<li class=\"menu-item menu-item-type-post_type menu-item-object-page menu-item-14761\"><a href=\"https:\/\/gurkankorkmaz.com\/de\/parodontoloji\/\" class=\"elementor-item\">Parodontoloji<\/a><\/li>\n<li class=\"menu-item menu-item-type-post_type menu-item-object-page menu-item-14762\"><a href=\"https:\/\/gurkankorkmaz.com\/de\/zahnwurzelbehandlung\/\" class=\"elementor-item\">Zahnwurzelbehandlung<\/a><\/li>\n<li class=\"menu-item menu-item-type-post_type menu-item-object-page menu-item-14763\"><a href=\"https:\/\/gurkankorkmaz.com\/de\/zahnaufhellung\/\" class=\"elementor-item\">Zahnaufhellung<\/a><\/li>\n<\/ul>\t\t\t<\/nav>\n\t\t\t\t\t\t<nav class=\"elementor-nav-menu--dropdown elementor-nav-menu__container\" aria-hidden=\"true\">\n\t\t\t\t<ul id=\"menu-2-b7907d2\" class=\"elementor-nav-menu sm-vertical\"><li class=\"menu-item menu-item-type-post_type menu-item-object-page menu-item-14755\"><a href=\"https:\/\/gurkankorkmaz.com\/de\/konservative-behandlung\/\" class=\"elementor-item\" tabindex=\"-1\">Konservative Behandlung<\/a><\/li>\n<li class=\"menu-item menu-item-type-post_type menu-item-object-page menu-item-14756\"><a href=\"https:\/\/gurkankorkmaz.com\/de\/implantat-behandlung\/\" class=\"elementor-item\" tabindex=\"-1\">Implantat-Behandlung<\/a><\/li>\n<li class=\"menu-item menu-item-type-post_type menu-item-object-page menu-item-14757\"><a href=\"https:\/\/gurkankorkmaz.com\/de\/laminat-furniere\/\" class=\"elementor-item\" tabindex=\"-1\">Laminat-Furniere<\/a><\/li>\n<li class=\"menu-item menu-item-type-post_type menu-item-object-page menu-item-14758\"><a href=\"https:\/\/gurkankorkmaz.com\/de\/nicht-vorbereiten\/\" class=\"elementor-item\" tabindex=\"-1\">Nicht vorbereiten<\/a><\/li>\n<li class=\"menu-item menu-item-type-post_type menu-item-object-page menu-item-14759\"><a href=\"https:\/\/gurkankorkmaz.com\/de\/onley-inlay-porzellan-fuellungen\/\" class=\"elementor-item\" tabindex=\"-1\">Onley &#8211; Inlay-Porzellan-F\u00fcllungen<\/a><\/li>\n<li class=\"menu-item menu-item-type-post_type menu-item-object-page menu-item-14760\"><a href=\"https:\/\/gurkankorkmaz.com\/de\/kieferorthopaedie\/\" class=\"elementor-item\" tabindex=\"-1\">Kieferorthop\u00e4die<\/a><\/li>\n<li class=\"menu-item menu-item-type-post_type menu-item-object-page menu-item-14761\"><a href=\"https:\/\/gurkankorkmaz.com\/de\/parodontoloji\/\" class=\"elementor-item\" tabindex=\"-1\">Parodontoloji<\/a><\/li>\n<li class=\"menu-item menu-item-type-post_type menu-item-object-page menu-item-14762\"><a href=\"https:\/\/gurkankorkmaz.com\/de\/zahnwurzelbehandlung\/\" class=\"elementor-item\" tabindex=\"-1\">Zahnwurzelbehandlung<\/a><\/li>\n<li class=\"menu-item menu-item-type-post_type menu-item-object-page menu-item-14763\"><a href=\"https:\/\/gurkankorkmaz.com\/de\/zahnaufhellung\/\" class=\"elementor-item\" tabindex=\"-1\">Zahnaufhellung<\/a><\/li>\n<\/ul>\t\t\t<\/nav>\n\t\t\t\t\t\t<\/div>\n\t\t\t\t<\/div>\n\t\t\t\t\t<\/div>\n\t\t<\/div>\n\t\t\t\t\t<\/div>\n\t\t<\/section>\n\t\t\t\t<\/div>\n\t\t","protected":false},"excerpt":{"rendered":"<p>Konservative Behandlung Was ist eine konservierende Zahnbehandlung? Die konservative Zahnbehandlung umfasst Methoden, die darauf abzielen, die Zahngesundheit zu erhalten und Zahnverlust zu verhindern. Diese Behandlung konzentriert sich darauf, Karies, Zahnfrakturen und andere Zahnsch\u00e4den mit minimalen Eingriffen zu reparieren. Die konservative Behandlung zielt darauf ab, die nat\u00fcrliche Struktur der Z\u00e4hne sowohl in \u00e4sthetischer als auch in [&hellip;]<\/p>\n","protected":false},"author":1,"featured_media":0,"parent":0,"menu_order":0,"comment_status":"closed","ping_status":"closed","template":"","meta":{"footnotes":""},"class_list":["post-14506","page","type-page","status-publish","hentry"],"yoast_head":"<!-- This site is optimized with the Yoast SEO plugin v27.5 - https:\/\/yoast.com\/product\/yoast-seo-wordpress\/ -->\n<title>Konservative Behandlung - G\u00fcrkan Korkmaz<\/title>\n<meta name=\"robots\" content=\"index, follow, max-snippet:-1, max-image-preview:large, max-video-preview:-1\" \/>\n<link rel=\"canonical\" href=\"https:\/\/gurkankorkmaz.com\/de\/konservative-behandlung\/\" \/>\n<meta property=\"og:locale\" content=\"de_DE\" \/>\n<meta property=\"og:type\" content=\"article\" \/>\n<meta property=\"og:title\" content=\"Konservative Behandlung - G\u00fcrkan Korkmaz\" \/>\n<meta property=\"og:description\" content=\"Konservative Behandlung Was ist eine konservierende Zahnbehandlung? Die konservative Zahnbehandlung umfasst Methoden, die darauf abzielen, die Zahngesundheit zu erhalten und Zahnverlust zu verhindern. Diese Behandlung konzentriert sich darauf, Karies, Zahnfrakturen und andere Zahnsch\u00e4den mit minimalen Eingriffen zu reparieren. Die konservative Behandlung zielt darauf ab, die nat\u00fcrliche Struktur der Z\u00e4hne sowohl in \u00e4sthetischer als auch in [&hellip;]\" \/>\n<meta property=\"og:url\" content=\"https:\/\/gurkankorkmaz.com\/de\/konservative-behandlung\/\" \/>\n<meta property=\"og:site_name\" content=\"G\u00fcrkan Korkmaz\" \/>\n<meta property=\"article:modified_time\" content=\"2024-12-13T11:58:40+00:00\" \/>\n<meta name=\"twitter:card\" content=\"summary_large_image\" \/>\n<meta name=\"twitter:label1\" content=\"Gesch\u00e4tzte Lesezeit\" \/>\n\t<meta name=\"twitter:data1\" content=\"5\u00a0Minuten\" \/>\n<script type=\"application\/ld+json\" class=\"yoast-schema-graph\">{\"@context\":\"https:\\\/\\\/schema.org\",\"@graph\":[{\"@type\":\"WebPage\",\"@id\":\"https:\\\/\\\/gurkankorkmaz.com\\\/de\\\/konservative-behandlung\\\/\",\"url\":\"https:\\\/\\\/gurkankorkmaz.com\\\/de\\\/konservative-behandlung\\\/\",\"name\":\"Konservative Behandlung - G\u00fcrkan Korkmaz\",\"isPartOf\":{\"@id\":\"https:\\\/\\\/gurkankorkmaz.com\\\/#website\"},\"datePublished\":\"2021-03-30T10:59:05+00:00\",\"dateModified\":\"2024-12-13T11:58:40+00:00\",\"breadcrumb\":{\"@id\":\"https:\\\/\\\/gurkankorkmaz.com\\\/de\\\/konservative-behandlung\\\/#breadcrumb\"},\"inLanguage\":\"de\",\"potentialAction\":[{\"@type\":\"ReadAction\",\"target\":[\"https:\\\/\\\/gurkankorkmaz.com\\\/de\\\/konservative-behandlung\\\/\"]}]},{\"@type\":\"BreadcrumbList\",\"@id\":\"https:\\\/\\\/gurkankorkmaz.com\\\/de\\\/konservative-behandlung\\\/#breadcrumb\",\"itemListElement\":[{\"@type\":\"ListItem\",\"position\":1,\"name\":\"Home\",\"item\":\"https:\\\/\\\/gurkankorkmaz.com\\\/tr\\\/\"},{\"@type\":\"ListItem\",\"position\":2,\"name\":\"Konservative Behandlung\"}]},{\"@type\":\"WebSite\",\"@id\":\"https:\\\/\\\/gurkankorkmaz.com\\\/#website\",\"url\":\"https:\\\/\\\/gurkankorkmaz.com\\\/\",\"name\":\"G\u00fcrkan Korkmaz\",\"description\":\"Dentist\",\"publisher\":{\"@id\":\"https:\\\/\\\/gurkankorkmaz.com\\\/#organization\"},\"potentialAction\":[{\"@type\":\"SearchAction\",\"target\":{\"@type\":\"EntryPoint\",\"urlTemplate\":\"https:\\\/\\\/gurkankorkmaz.com\\\/?s={search_term_string}\"},\"query-input\":{\"@type\":\"PropertyValueSpecification\",\"valueRequired\":true,\"valueName\":\"search_term_string\"}}],\"inLanguage\":\"de\"},{\"@type\":\"Organization\",\"@id\":\"https:\\\/\\\/gurkankorkmaz.com\\\/#organization\",\"name\":\"G\u00fcrkan Korkmaz\",\"url\":\"https:\\\/\\\/gurkankorkmaz.com\\\/\",\"logo\":{\"@type\":\"ImageObject\",\"inLanguage\":\"de\",\"@id\":\"https:\\\/\\\/gurkankorkmaz.com\\\/#\\\/schema\\\/logo\\\/image\\\/\",\"url\":\"https:\\\/\\\/gurkankorkmaz.com\\\/wp-content\\\/uploads\\\/2024\\\/06\\\/Gurkan-Korkmaz2.png\",\"contentUrl\":\"https:\\\/\\\/gurkankorkmaz.com\\\/wp-content\\\/uploads\\\/2024\\\/06\\\/Gurkan-Korkmaz2.png\",\"width\":3633,\"height\":2613,\"caption\":\"G\u00fcrkan Korkmaz\"},\"image\":{\"@id\":\"https:\\\/\\\/gurkankorkmaz.com\\\/#\\\/schema\\\/logo\\\/image\\\/\"}}]}<\/script>\n<!-- \/ Yoast SEO plugin. -->","yoast_head_json":{"title":"Konservative Behandlung - G\u00fcrkan Korkmaz","robots":{"index":"index","follow":"follow","max-snippet":"max-snippet:-1","max-image-preview":"max-image-preview:large","max-video-preview":"max-video-preview:-1"},"canonical":"https:\/\/gurkankorkmaz.com\/de\/konservative-behandlung\/","og_locale":"de_DE","og_type":"article","og_title":"Konservative Behandlung - G\u00fcrkan Korkmaz","og_description":"Konservative Behandlung Was ist eine konservierende Zahnbehandlung? Die konservative Zahnbehandlung umfasst Methoden, die darauf abzielen, die Zahngesundheit zu erhalten und Zahnverlust zu verhindern. Diese Behandlung konzentriert sich darauf, Karies, Zahnfrakturen und andere Zahnsch\u00e4den mit minimalen Eingriffen zu reparieren. Die konservative Behandlung zielt darauf ab, die nat\u00fcrliche Struktur der Z\u00e4hne sowohl in \u00e4sthetischer als auch in [&hellip;]","og_url":"https:\/\/gurkankorkmaz.com\/de\/konservative-behandlung\/","og_site_name":"G\u00fcrkan Korkmaz","article_modified_time":"2024-12-13T11:58:40+00:00","twitter_card":"summary_large_image","twitter_misc":{"Gesch\u00e4tzte Lesezeit":"5\u00a0Minuten"},"schema":{"@context":"https:\/\/schema.org","@graph":[{"@type":"WebPage","@id":"https:\/\/gurkankorkmaz.com\/de\/konservative-behandlung\/","url":"https:\/\/gurkankorkmaz.com\/de\/konservative-behandlung\/","name":"Konservative Behandlung - G\u00fcrkan Korkmaz","isPartOf":{"@id":"https:\/\/gurkankorkmaz.com\/#website"},"datePublished":"2021-03-30T10:59:05+00:00","dateModified":"2024-12-13T11:58:40+00:00","breadcrumb":{"@id":"https:\/\/gurkankorkmaz.com\/de\/konservative-behandlung\/#breadcrumb"},"inLanguage":"de","potentialAction":[{"@type":"ReadAction","target":["https:\/\/gurkankorkmaz.com\/de\/konservative-behandlung\/"]}]},{"@type":"BreadcrumbList","@id":"https:\/\/gurkankorkmaz.com\/de\/konservative-behandlung\/#breadcrumb","itemListElement":[{"@type":"ListItem","position":1,"name":"Home","item":"https:\/\/gurkankorkmaz.com\/tr\/"},{"@type":"ListItem","position":2,"name":"Konservative Behandlung"}]},{"@type":"WebSite","@id":"https:\/\/gurkankorkmaz.com\/#website","url":"https:\/\/gurkankorkmaz.com\/","name":"G\u00fcrkan Korkmaz","description":"Dentist","publisher":{"@id":"https:\/\/gurkankorkmaz.com\/#organization"},"potentialAction":[{"@type":"SearchAction","target":{"@type":"EntryPoint","urlTemplate":"https:\/\/gurkankorkmaz.com\/?s={search_term_string}"},"query-input":{"@type":"PropertyValueSpecification","valueRequired":true,"valueName":"search_term_string"}}],"inLanguage":"de"},{"@type":"Organization","@id":"https:\/\/gurkankorkmaz.com\/#organization","name":"G\u00fcrkan Korkmaz","url":"https:\/\/gurkankorkmaz.com\/","logo":{"@type":"ImageObject","inLanguage":"de","@id":"https:\/\/gurkankorkmaz.com\/#\/schema\/logo\/image\/","url":"https:\/\/gurkankorkmaz.com\/wp-content\/uploads\/2024\/06\/Gurkan-Korkmaz2.png","contentUrl":"https:\/\/gurkankorkmaz.com\/wp-content\/uploads\/2024\/06\/Gurkan-Korkmaz2.png","width":3633,"height":2613,"caption":"G\u00fcrkan Korkmaz"},"image":{"@id":"https:\/\/gurkankorkmaz.com\/#\/schema\/logo\/image\/"}}]}},"_links":{"self":[{"href":"https:\/\/gurkankorkmaz.com\/de\/wp-json\/wp\/v2\/pages\/14506","targetHints":{"allow":["GET"]}}],"collection":[{"href":"https:\/\/gurkankorkmaz.com\/de\/wp-json\/wp\/v2\/pages"}],"about":[{"href":"https:\/\/gurkankorkmaz.com\/de\/wp-json\/wp\/v2\/types\/page"}],"author":[{"embeddable":true,"href":"https:\/\/gurkankorkmaz.com\/de\/wp-json\/wp\/v2\/users\/1"}],"replies":[{"embeddable":true,"href":"https:\/\/gurkankorkmaz.com\/de\/wp-json\/wp\/v2\/comments?post=14506"}],"version-history":[{"count":1,"href":"https:\/\/gurkankorkmaz.com\/de\/wp-json\/wp\/v2\/pages\/14506\/revisions"}],"predecessor-version":[{"id":14508,"href":"https:\/\/gurkankorkmaz.com\/de\/wp-json\/wp\/v2\/pages\/14506\/revisions\/14508"}],"wp:attachment":[{"href":"https:\/\/gurkankorkmaz.com\/de\/wp-json\/wp\/v2\/media?parent=14506"}],"curies":[{"name":"wp","href":"https:\/\/api.w.org\/{rel}","templated":true}]}}