{"id":14500,"date":"2021-05-10T10:16:32","date_gmt":"2021-05-10T10:16:32","guid":{"rendered":"https:\/\/gurkankorkmaz.com\/ueber-uns\/"},"modified":"2025-11-25T11:14:57","modified_gmt":"2025-11-25T11:14:57","slug":"ueber-uns","status":"publish","type":"page","link":"https:\/\/gurkankorkmaz.com\/de\/ueber-uns\/","title":{"rendered":"\u00dcber uns"},"content":{"rendered":"\t\t<div data-elementor-type=\"wp-page\" data-elementor-id=\"14500\" class=\"elementor elementor-14500 elementor-1717\" data-elementor-post-type=\"page\">\n\t\t\t\t\t\t<section class=\"elementor-section elementor-top-section elementor-element elementor-element-541f55c elementor-section-stretched elementor-section-content-middle elementor-section-boxed elementor-section-height-default elementor-section-height-default\" data-id=\"541f55c\" data-element_type=\"section\" data-settings=\"{&quot;stretch_section&quot;:&quot;section-stretched&quot;,&quot;background_background&quot;:&quot;classic&quot;}\">\n\t\t\t\t\t\t\t<div class=\"elementor-background-overlay\"><\/div>\n\t\t\t\t\t\t\t<div class=\"elementor-container elementor-column-gap-default\">\n\t\t\t\t\t<div class=\"elementor-column elementor-col-100 elementor-top-column elementor-element elementor-element-fc11316\" data-id=\"fc11316\" data-element_type=\"column\">\n\t\t\t<div class=\"elementor-widget-wrap elementor-element-populated\">\n\t\t\t\t\t\t<div class=\"elementor-element elementor-element-ec9d048 elementor-widget elementor-widget-heading\" data-id=\"ec9d048\" data-element_type=\"widget\" data-widget_type=\"heading.default\">\n\t\t\t\t<div class=\"elementor-widget-container\">\n\t\t\t\t\t<h1 class=\"elementor-heading-title elementor-size-default\">\u00dcber uns<\/h1>\t\t\t\t<\/div>\n\t\t\t\t<\/div>\n\t\t\t\t\t<\/div>\n\t\t<\/div>\n\t\t\t\t\t<\/div>\n\t\t<\/section>\n\t\t\t\t<section class=\"elementor-section elementor-top-section elementor-element elementor-element-065f2c7 elementor-section-stretched elementor-section-boxed elementor-section-height-default elementor-section-height-default\" data-id=\"065f2c7\" data-element_type=\"section\" data-settings=\"{&quot;stretch_section&quot;:&quot;section-stretched&quot;,&quot;background_background&quot;:&quot;classic&quot;}\">\n\t\t\t\t\t\t\t<div class=\"elementor-background-overlay\"><\/div>\n\t\t\t\t\t\t\t<div class=\"elementor-container elementor-column-gap-default\">\n\t\t\t\t\t<div class=\"elementor-column elementor-col-100 elementor-top-column elementor-element elementor-element-611bbdd\" data-id=\"611bbdd\" data-element_type=\"column\">\n\t\t\t<div class=\"elementor-widget-wrap\">\n\t\t\t\t\t\t\t<\/div>\n\t\t<\/div>\n\t\t\t\t\t<\/div>\n\t\t<\/section>\n\t\t<div class=\"elementor-element elementor-element-deb26b8 e-flex e-con-boxed e-con e-parent\" data-id=\"deb26b8\" data-element_type=\"container\">\n\t\t\t\t\t<div class=\"e-con-inner\">\n\t\t<div class=\"elementor-element elementor-element-5e831a9 e-con-full e-flex e-con e-child\" data-id=\"5e831a9\" data-element_type=\"container\">\n\t\t\t\t<div class=\"elementor-element elementor-element-ec599ed elementor-widget elementor-widget-image\" data-id=\"ec599ed\" data-element_type=\"widget\" data-widget_type=\"image.default\">\n\t\t\t\t<div class=\"elementor-widget-container\">\n\t\t\t\t\t\t\t\t\t\t\t\t\t\t\t<img fetchpriority=\"high\" decoding=\"async\" width=\"1024\" height=\"1022\" src=\"https:\/\/gurkankorkmaz.com\/wp-content\/uploads\/2025\/11\/b89b2769-c828-4bb4-909e-db0566eb684b-1-1024x1022.jpg\" class=\"attachment-large size-large wp-image-14943\" alt=\"\" srcset=\"https:\/\/gurkankorkmaz.com\/wp-content\/uploads\/2025\/11\/b89b2769-c828-4bb4-909e-db0566eb684b-1-1024x1022.jpg 1024w, https:\/\/gurkankorkmaz.com\/wp-content\/uploads\/2025\/11\/b89b2769-c828-4bb4-909e-db0566eb684b-1-300x300.jpg 300w, https:\/\/gurkankorkmaz.com\/wp-content\/uploads\/2025\/11\/b89b2769-c828-4bb4-909e-db0566eb684b-1-150x150.jpg 150w, https:\/\/gurkankorkmaz.com\/wp-content\/uploads\/2025\/11\/b89b2769-c828-4bb4-909e-db0566eb684b-1-768x767.jpg 768w, https:\/\/gurkankorkmaz.com\/wp-content\/uploads\/2025\/11\/b89b2769-c828-4bb4-909e-db0566eb684b-1-720x720.jpg 720w, https:\/\/gurkankorkmaz.com\/wp-content\/uploads\/2025\/11\/b89b2769-c828-4bb4-909e-db0566eb684b-1.jpg 1179w\" sizes=\"(max-width: 1024px) 100vw, 1024px\" \/>\t\t\t\t\t\t\t\t\t\t\t\t\t\t\t<\/div>\n\t\t\t\t<\/div>\n\t\t\t\t<\/div>\n\t\t<div class=\"elementor-element elementor-element-b20cd60 e-con-full e-flex e-con e-child\" data-id=\"b20cd60\" data-element_type=\"container\">\n\t\t\t\t<div class=\"elementor-element elementor-element-53f56e1 elementor-align-left elementor-tablet-align-center elementor-widget elementor-widget-button\" data-id=\"53f56e1\" data-element_type=\"widget\" data-widget_type=\"button.default\">\n\t\t\t\t<div class=\"elementor-widget-container\">\n\t\t\t\t\t\t\t\t\t<div class=\"elementor-button-wrapper\">\n\t\t\t\t\t<a class=\"elementor-button elementor-button-link elementor-size-sm\" href=\"#\">\n\t\t\t\t\t\t<span class=\"elementor-button-content-wrapper\">\n\t\t\t\t\t\t\t\t\t<span class=\"elementor-button-text\">\u00dcber Uns<\/span>\n\t\t\t\t\t<\/span>\n\t\t\t\t\t<\/a>\n\t\t\t\t<\/div>\n\t\t\t\t\t\t\t\t<\/div>\n\t\t\t\t<\/div>\n\t\t\t\t<div class=\"elementor-element elementor-element-4de45b5 elementor-widget elementor-widget-heading\" data-id=\"4de45b5\" data-element_type=\"widget\" data-widget_type=\"heading.default\">\n\t\t\t\t<div class=\"elementor-widget-container\">\n\t\t\t\t\t<h2 class=\"elementor-heading-title elementor-size-default\">\u00dcber Uns<\/h2>\t\t\t\t<\/div>\n\t\t\t\t<\/div>\n\t\t\t\t<div class=\"elementor-element elementor-element-a35d3d7 elementor-widget elementor-widget-text-editor\" data-id=\"a35d3d7\" data-element_type=\"widget\" data-widget_type=\"text-editor.default\">\n\t\t\t\t<div class=\"elementor-widget-container\">\n\t\t\t\t\t\t\t\t\t<p>Hallo, ich bin <strong data-start=\"191\" data-end=\"218\">Zahnarzt G\u00fcrkan Korkmaz<\/strong>. Meine Lebensreise, die in Istanbul begann, entwickelte sich mit meinem Studium an der <strong data-start=\"306\" data-end=\"357\">Fakult\u00e4t f\u00fcr Zahnmedizin der Universit\u00e4t Ankara<\/strong> zu einer professionellen Laufbahn. Nach meinem Abschluss kehrte ich in die Stadt zur\u00fcck, in der ich geboren und aufgewachsen bin, und sammelte sowohl als Zahnarzt als auch als Manager Erfahrung in einigen der f\u00fchrenden Einrichtungen, in denen <strong data-start=\"601\" data-end=\"619\">G\u00fcrkan Korkmaz<\/strong> t\u00e4tig war.<\/p>\t\t\t\t\t\t\t\t<\/div>\n\t\t\t\t<\/div>\n\t\t\t\t<div class=\"elementor-element elementor-element-0993f7c elementor-widget elementor-widget-text-editor\" data-id=\"0993f7c\" data-element_type=\"widget\" data-widget_type=\"text-editor.default\">\n\t\t\t\t<div class=\"elementor-widget-container\">\n\t\t\t\t\t\t\t\t\t<p data-start=\"632\" data-end=\"1177\">In der Zahnmedizin geh\u00f6ren <strong data-start=\"659\" data-end=\"676\">Implantologie<\/strong> und <strong data-start=\"681\" data-end=\"697\">Smile Design<\/strong> zu meinen besonderen Interessensgebieten \u2013 Bereiche, in denen \u00c4sthetik und Funktion ineinandergreifen. Um die Entwicklungen in diesen Fachrichtungen stets zu verfolgen, nehme ich regelm\u00e4\u00dfig an Fortbildungen und internationalen Fachsymposien teil. Heute betreue ich meine Patientinnen und Patienten pers\u00f6nlich bei <strong data-start=\"1011\" data-end=\"1029\">G\u00fcrkan Korkmaz<\/strong>, wo ich mit einem \u201eBoutique-Service\u201c-Ansatz individuelle L\u00f6sungen anbiete, die auf die Bed\u00fcrfnisse und Geschichten jedes Einzelnen abgestimmt sind.<\/p>\t\t\t\t\t\t\t\t<\/div>\n\t\t\t\t<\/div>\n\t\t\t\t<\/div>\n\t\t\t\t\t<\/div>\n\t\t\t\t<\/div>\n\t\t\t\t<section class=\"elementor-section elementor-top-section elementor-element elementor-element-d94ca33 elementor-section-stretched elementor-section-boxed elementor-section-height-default elementor-section-height-default\" data-id=\"d94ca33\" data-element_type=\"section\" data-settings=\"{&quot;stretch_section&quot;:&quot;section-stretched&quot;,&quot;background_background&quot;:&quot;classic&quot;}\">\n\t\t\t\t\t\t\t<div class=\"elementor-background-overlay\"><\/div>\n\t\t\t\t\t\t\t<div class=\"elementor-container elementor-column-gap-default\">\n\t\t\t\t\t<div class=\"elementor-column elementor-col-100 elementor-top-column elementor-element elementor-element-5b558ef\" data-id=\"5b558ef\" data-element_type=\"column\">\n\t\t\t<div class=\"elementor-widget-wrap\">\n\t\t\t\t\t\t\t<\/div>\n\t\t<\/div>\n\t\t\t\t\t<\/div>\n\t\t<\/section>\n\t\t\t\t<\/div>\n\t\t","protected":false},"excerpt":{"rendered":"<p>\u00dcber uns \u00dcber Uns \u00dcber Uns Hallo, ich bin Zahnarzt G\u00fcrkan Korkmaz. Meine Lebensreise, die in Istanbul begann, entwickelte sich mit meinem Studium an der Fakult\u00e4t f\u00fcr Zahnmedizin der Universit\u00e4t Ankara zu einer professionellen Laufbahn. Nach meinem Abschluss kehrte ich in die Stadt zur\u00fcck, in der ich geboren und aufgewachsen bin, und sammelte sowohl als [&hellip;]<\/p>\n","protected":false},"author":1,"featured_media":0,"parent":0,"menu_order":0,"comment_status":"closed","ping_status":"closed","template":"","meta":{"footnotes":""},"class_list":["post-14500","page","type-page","status-publish","hentry"],"yoast_head":"<!-- This site is optimized with the Yoast SEO plugin v24.5 - https:\/\/yoast.com\/wordpress\/plugins\/seo\/ -->\n<title>\u00dcber uns - G\u00fcrkan Korkmaz<\/title>\n<meta name=\"robots\" content=\"index, follow, max-snippet:-1, max-image-preview:large, max-video-preview:-1\" \/>\n<link rel=\"canonical\" href=\"https:\/\/gurkankorkmaz.com\/tr\/hakkimizda\/\" \/>\n<meta property=\"og:locale\" content=\"de_DE\" \/>\n<meta property=\"og:type\" content=\"article\" \/>\n<meta property=\"og:title\" content=\"\u00dcber uns - G\u00fcrkan Korkmaz\" \/>\n<meta property=\"og:description\" content=\"\u00dcber uns \u00dcber Uns \u00dcber Uns Hallo, ich bin Zahnarzt G\u00fcrkan Korkmaz. Meine Lebensreise, die in Istanbul begann, entwickelte sich mit meinem Studium an der Fakult\u00e4t f\u00fcr Zahnmedizin der Universit\u00e4t Ankara zu einer professionellen Laufbahn. Nach meinem Abschluss kehrte ich in die Stadt zur\u00fcck, in der ich geboren und aufgewachsen bin, und sammelte sowohl als [&hellip;]\" \/>\n<meta property=\"og:url\" content=\"https:\/\/gurkankorkmaz.com\/tr\/hakkimizda\/\" \/>\n<meta property=\"og:site_name\" content=\"G\u00fcrkan Korkmaz\" \/>\n<meta property=\"article:modified_time\" content=\"2025-11-25T11:14:57+00:00\" \/>\n<meta property=\"og:image\" content=\"https:\/\/gurkankorkmaz.com\/wp-content\/uploads\/2025\/11\/b89b2769-c828-4bb4-909e-db0566eb684b-1.jpg\" \/>\n\t<meta property=\"og:image:width\" content=\"1179\" \/>\n\t<meta property=\"og:image:height\" content=\"1177\" \/>\n\t<meta property=\"og:image:type\" content=\"image\/jpeg\" \/>\n<meta name=\"twitter:card\" content=\"summary_large_image\" \/>\n<meta name=\"twitter:label1\" content=\"Gesch\u00e4tzte Lesezeit\" \/>\n\t<meta name=\"twitter:data1\" content=\"1\u00a0Minute\" \/>\n<script type=\"application\/ld+json\" class=\"yoast-schema-graph\">{\"@context\":\"https:\/\/schema.org\",\"@graph\":[{\"@type\":\"WebPage\",\"@id\":\"https:\/\/gurkankorkmaz.com\/tr\/hakkimizda\/\",\"url\":\"https:\/\/gurkankorkmaz.com\/tr\/hakkimizda\/\",\"name\":\"\u00dcber uns - G\u00fcrkan Korkmaz\",\"isPartOf\":{\"@id\":\"https:\/\/gurkankorkmaz.com\/#website\"},\"primaryImageOfPage\":{\"@id\":\"https:\/\/gurkankorkmaz.com\/tr\/hakkimizda\/#primaryimage\"},\"image\":{\"@id\":\"https:\/\/gurkankorkmaz.com\/tr\/hakkimizda\/#primaryimage\"},\"thumbnailUrl\":\"https:\/\/gurkankorkmaz.com\/wp-content\/uploads\/2025\/11\/b89b2769-c828-4bb4-909e-db0566eb684b-1-1024x1022.jpg\",\"datePublished\":\"2021-05-10T10:16:32+00:00\",\"dateModified\":\"2025-11-25T11:14:57+00:00\",\"breadcrumb\":{\"@id\":\"https:\/\/gurkankorkmaz.com\/tr\/hakkimizda\/#breadcrumb\"},\"inLanguage\":\"de\",\"potentialAction\":[{\"@type\":\"ReadAction\",\"target\":[\"https:\/\/gurkankorkmaz.com\/tr\/hakkimizda\/\"]}]},{\"@type\":\"ImageObject\",\"inLanguage\":\"de\",\"@id\":\"https:\/\/gurkankorkmaz.com\/tr\/hakkimizda\/#primaryimage\",\"url\":\"https:\/\/gurkankorkmaz.com\/wp-content\/uploads\/2025\/11\/b89b2769-c828-4bb4-909e-db0566eb684b-1-1024x1022.jpg\",\"contentUrl\":\"https:\/\/gurkankorkmaz.com\/wp-content\/uploads\/2025\/11\/b89b2769-c828-4bb4-909e-db0566eb684b-1-1024x1022.jpg\"},{\"@type\":\"BreadcrumbList\",\"@id\":\"https:\/\/gurkankorkmaz.com\/tr\/hakkimizda\/#breadcrumb\",\"itemListElement\":[{\"@type\":\"ListItem\",\"position\":1,\"name\":\"Home\",\"item\":\"https:\/\/gurkankorkmaz.com\/tr\/\"},{\"@type\":\"ListItem\",\"position\":2,\"name\":\"\u00dcber uns\"}]},{\"@type\":\"WebSite\",\"@id\":\"https:\/\/gurkankorkmaz.com\/#website\",\"url\":\"https:\/\/gurkankorkmaz.com\/\",\"name\":\"G\u00fcrkan Korkmaz\",\"description\":\"Dentist\",\"publisher\":{\"@id\":\"https:\/\/gurkankorkmaz.com\/#organization\"},\"potentialAction\":[{\"@type\":\"SearchAction\",\"target\":{\"@type\":\"EntryPoint\",\"urlTemplate\":\"https:\/\/gurkankorkmaz.com\/?s={search_term_string}\"},\"query-input\":{\"@type\":\"PropertyValueSpecification\",\"valueRequired\":true,\"valueName\":\"search_term_string\"}}],\"inLanguage\":\"de\"},{\"@type\":\"Organization\",\"@id\":\"https:\/\/gurkankorkmaz.com\/#organization\",\"name\":\"G\u00fcrkan Korkmaz\",\"url\":\"https:\/\/gurkankorkmaz.com\/\",\"logo\":{\"@type\":\"ImageObject\",\"inLanguage\":\"de\",\"@id\":\"https:\/\/gurkankorkmaz.com\/#\/schema\/logo\/image\/\",\"url\":\"https:\/\/gurkankorkmaz.com\/wp-content\/uploads\/2024\/06\/Gurkan-Korkmaz2.png\",\"contentUrl\":\"https:\/\/gurkankorkmaz.com\/wp-content\/uploads\/2024\/06\/Gurkan-Korkmaz2.png\",\"width\":3633,\"height\":2613,\"caption\":\"G\u00fcrkan Korkmaz\"},\"image\":{\"@id\":\"https:\/\/gurkankorkmaz.com\/#\/schema\/logo\/image\/\"}}]}<\/script>\n<!-- \/ Yoast SEO plugin. -->","yoast_head_json":{"title":"\u00dcber uns - G\u00fcrkan Korkmaz","robots":{"index":"index","follow":"follow","max-snippet":"max-snippet:-1","max-image-preview":"max-image-preview:large","max-video-preview":"max-video-preview:-1"},"canonical":"https:\/\/gurkankorkmaz.com\/tr\/hakkimizda\/","og_locale":"de_DE","og_type":"article","og_title":"\u00dcber uns - G\u00fcrkan Korkmaz","og_description":"\u00dcber uns \u00dcber Uns \u00dcber Uns Hallo, ich bin Zahnarzt G\u00fcrkan Korkmaz. Meine Lebensreise, die in Istanbul begann, entwickelte sich mit meinem Studium an der Fakult\u00e4t f\u00fcr Zahnmedizin der Universit\u00e4t Ankara zu einer professionellen Laufbahn. Nach meinem Abschluss kehrte ich in die Stadt zur\u00fcck, in der ich geboren und aufgewachsen bin, und sammelte sowohl als [&hellip;]","og_url":"https:\/\/gurkankorkmaz.com\/tr\/hakkimizda\/","og_site_name":"G\u00fcrkan Korkmaz","article_modified_time":"2025-11-25T11:14:57+00:00","og_image":[{"width":1179,"height":1177,"url":"https:\/\/gurkankorkmaz.com\/wp-content\/uploads\/2025\/11\/b89b2769-c828-4bb4-909e-db0566eb684b-1.jpg","type":"image\/jpeg"}],"twitter_card":"summary_large_image","twitter_misc":{"Gesch\u00e4tzte Lesezeit":"1\u00a0Minute"},"schema":{"@context":"https:\/\/schema.org","@graph":[{"@type":"WebPage","@id":"https:\/\/gurkankorkmaz.com\/tr\/hakkimizda\/","url":"https:\/\/gurkankorkmaz.com\/tr\/hakkimizda\/","name":"\u00dcber uns - G\u00fcrkan Korkmaz","isPartOf":{"@id":"https:\/\/gurkankorkmaz.com\/#website"},"primaryImageOfPage":{"@id":"https:\/\/gurkankorkmaz.com\/tr\/hakkimizda\/#primaryimage"},"image":{"@id":"https:\/\/gurkankorkmaz.com\/tr\/hakkimizda\/#primaryimage"},"thumbnailUrl":"https:\/\/gurkankorkmaz.com\/wp-content\/uploads\/2025\/11\/b89b2769-c828-4bb4-909e-db0566eb684b-1-1024x1022.jpg","datePublished":"2021-05-10T10:16:32+00:00","dateModified":"2025-11-25T11:14:57+00:00","breadcrumb":{"@id":"https:\/\/gurkankorkmaz.com\/tr\/hakkimizda\/#breadcrumb"},"inLanguage":"de","potentialAction":[{"@type":"ReadAction","target":["https:\/\/gurkankorkmaz.com\/tr\/hakkimizda\/"]}]},{"@type":"ImageObject","inLanguage":"de","@id":"https:\/\/gurkankorkmaz.com\/tr\/hakkimizda\/#primaryimage","url":"https:\/\/gurkankorkmaz.com\/wp-content\/uploads\/2025\/11\/b89b2769-c828-4bb4-909e-db0566eb684b-1-1024x1022.jpg","contentUrl":"https:\/\/gurkankorkmaz.com\/wp-content\/uploads\/2025\/11\/b89b2769-c828-4bb4-909e-db0566eb684b-1-1024x1022.jpg"},{"@type":"BreadcrumbList","@id":"https:\/\/gurkankorkmaz.com\/tr\/hakkimizda\/#breadcrumb","itemListElement":[{"@type":"ListItem","position":1,"name":"Home","item":"https:\/\/gurkankorkmaz.com\/tr\/"},{"@type":"ListItem","position":2,"name":"\u00dcber uns"}]},{"@type":"WebSite","@id":"https:\/\/gurkankorkmaz.com\/#website","url":"https:\/\/gurkankorkmaz.com\/","name":"G\u00fcrkan Korkmaz","description":"Dentist","publisher":{"@id":"https:\/\/gurkankorkmaz.com\/#organization"},"potentialAction":[{"@type":"SearchAction","target":{"@type":"EntryPoint","urlTemplate":"https:\/\/gurkankorkmaz.com\/?s={search_term_string}"},"query-input":{"@type":"PropertyValueSpecification","valueRequired":true,"valueName":"search_term_string"}}],"inLanguage":"de"},{"@type":"Organization","@id":"https:\/\/gurkankorkmaz.com\/#organization","name":"G\u00fcrkan Korkmaz","url":"https:\/\/gurkankorkmaz.com\/","logo":{"@type":"ImageObject","inLanguage":"de","@id":"https:\/\/gurkankorkmaz.com\/#\/schema\/logo\/image\/","url":"https:\/\/gurkankorkmaz.com\/wp-content\/uploads\/2024\/06\/Gurkan-Korkmaz2.png","contentUrl":"https:\/\/gurkankorkmaz.com\/wp-content\/uploads\/2024\/06\/Gurkan-Korkmaz2.png","width":3633,"height":2613,"caption":"G\u00fcrkan Korkmaz"},"image":{"@id":"https:\/\/gurkankorkmaz.com\/#\/schema\/logo\/image\/"}}]}},"_links":{"self":[{"href":"https:\/\/gurkankorkmaz.com\/de\/wp-json\/wp\/v2\/pages\/14500","targetHints":{"allow":["GET"]}}],"collection":[{"href":"https:\/\/gurkankorkmaz.com\/de\/wp-json\/wp\/v2\/pages"}],"about":[{"href":"https:\/\/gurkankorkmaz.com\/de\/wp-json\/wp\/v2\/types\/page"}],"author":[{"embeddable":true,"href":"https:\/\/gurkankorkmaz.com\/de\/wp-json\/wp\/v2\/users\/1"}],"replies":[{"embeddable":true,"href":"https:\/\/gurkankorkmaz.com\/de\/wp-json\/wp\/v2\/comments?post=14500"}],"version-history":[{"count":15,"href":"https:\/\/gurkankorkmaz.com\/de\/wp-json\/wp\/v2\/pages\/14500\/revisions"}],"predecessor-version":[{"id":14979,"href":"https:\/\/gurkankorkmaz.com\/de\/wp-json\/wp\/v2\/pages\/14500\/revisions\/14979"}],"wp:attachment":[{"href":"https:\/\/gurkankorkmaz.com\/de\/wp-json\/wp\/v2\/media?parent=14500"}],"curies":[{"name":"wp","href":"https:\/\/api.w.org\/{rel}","templated":true}]}}